{"id":1127463,"date":"2011-06-18T23:04:09","date_gmt":"2011-06-18T20:04:09","guid":{"rendered":"https:\/\/superon.cn\/catalogue\/uncategorized\/01-483-cl\/"},"modified":"2026-04-23T06:46:11","modified_gmt":"2026-04-23T03:46:11","slug":"01-483-cl","status":"publish","type":"product","link":"https:\/\/superon.cn\/tr\/catalogue\/01-hinges\/soft-closing-for-aluminium-frames\/01-483-cl\/","title":{"rendered":"Al\u00fcminyum \u00e7er\u00e7eve frenli mente\u015fes, zamak klipsli"},"content":{"rendered":"A\u00e7\u0131lma a\u00e7\u0131s\u0131: 105\u00b0<br \/>Installation: klipsli<br \/>Closing type: frenli<br \/>Bindirme ayar\u0131: \u00b12.5mm<br \/>Derinlik ayar\u0131: \u00b12.5mm<br \/>Y\u00fckseklik ayar\u0131: \u00b12.0mm","protected":false},"excerpt":{"rendered":"<p>A\u00e7\u0131lma a\u00e7\u0131s\u0131: 105\u00b0Installation: klipsliClosing type: frenliBindirme ayar\u0131: \u00b12.5mmDerinlik ayar\u0131: \u00b12.5mmY\u00fckseklik ayar\u0131: \u00b12.0mm<\/p>\n","protected":false},"featured_media":0,"comment_status":"open","ping_status":"closed","template":"","meta":[],"product_brand":[],"product_cat":[368159,368173],"product_tag":[],"class_list":{"0":"post-1127463","1":"product","2":"type-product","3":"status-publish","5":"product_cat-01-hinges","6":"product_cat-soft-closing-for-aluminium-frames","7":"no-featured-image-padding","8":"sales-flash-overlay","9":"woocommerce-text-align-center","10":"woocommerce-image-align-center","11":"do-quantity-buttons","13":"first","14":"instock","15":"shipping-taxable","16":"purchasable","17":"product-type-variable"},"_links":{"self":[{"href":"https:\/\/superon.cn\/tr\/wp-json\/wp\/v2\/product\/1127463","targetHints":{"allow":["GET"]}}],"collection":[{"href":"https:\/\/superon.cn\/tr\/wp-json\/wp\/v2\/product"}],"about":[{"href":"https:\/\/superon.cn\/tr\/wp-json\/wp\/v2\/types\/product"}],"replies":[{"embeddable":true,"href":"https:\/\/superon.cn\/tr\/wp-json\/wp\/v2\/comments?post=1127463"}],"wp:attachment":[{"href":"https:\/\/superon.cn\/tr\/wp-json\/wp\/v2\/media?parent=1127463"}],"wp:term":[{"taxonomy":"product_brand","embeddable":true,"href":"https:\/\/superon.cn\/tr\/wp-json\/wp\/v2\/product_brand?post=1127463"},{"taxonomy":"product_cat","embeddable":true,"href":"https:\/\/superon.cn\/tr\/wp-json\/wp\/v2\/product_cat?post=1127463"},{"taxonomy":"product_tag","embeddable":true,"href":"https:\/\/superon.cn\/tr\/wp-json\/wp\/v2\/product_tag?post=1127463"}],"curies":[{"name":"wp","href":"https:\/\/api.w.org\/{rel}","templated":true}]}}