{"id":1124756,"date":"2007-01-07T00:00:00","date_gmt":"2007-01-06T21:00:00","guid":{"rendered":"https:\/\/superon.cn\/catalogue\/uncategorized\/03-103\/"},"modified":"2026-04-23T06:45:13","modified_gmt":"2026-04-23T03:45:13","slug":"03-103","status":"publish","type":"product","link":"https:\/\/superon.cn\/tr\/catalogue\/03-locks\/for-drawers\/03-103\/","title":{"rendered":"Lock, #103"},"content":{"rendered":"\u00dcr\u00fcn kodlar\u0131ndaki ibareler<br \/>Z: Zamak somun<br \/>R: \u00c7elik  somun<\/p>\n<p>\u00dcr\u00fcnlerimizde 100 \u00e7e\u015fit benzersiz kilit tipi mevcuttur","protected":false},"excerpt":{"rendered":"<p>\u00dcr\u00fcn kodlar\u0131ndaki ibarelerZ: Zamak somunR: \u00c7elik somun \u00dcr\u00fcnlerimizde 100 \u00e7e\u015fit benzersiz kilit tipi mevcuttur<\/p>\n","protected":false},"featured_media":0,"comment_status":"open","ping_status":"closed","template":"","meta":[],"product_brand":[],"product_cat":[368195,368270],"product_tag":[],"class_list":{"0":"post-1124756","1":"product","2":"type-product","3":"status-publish","5":"product_cat-03-locks","6":"product_cat-for-drawers","7":"no-featured-image-padding","8":"sales-flash-overlay","9":"woocommerce-text-align-center","10":"woocommerce-image-align-center","11":"do-quantity-buttons","13":"first","14":"instock","15":"featured","16":"shipping-taxable","17":"purchasable","18":"product-type-variable"},"_links":{"self":[{"href":"https:\/\/superon.cn\/tr\/wp-json\/wp\/v2\/product\/1124756","targetHints":{"allow":["GET"]}}],"collection":[{"href":"https:\/\/superon.cn\/tr\/wp-json\/wp\/v2\/product"}],"about":[{"href":"https:\/\/superon.cn\/tr\/wp-json\/wp\/v2\/types\/product"}],"replies":[{"embeddable":true,"href":"https:\/\/superon.cn\/tr\/wp-json\/wp\/v2\/comments?post=1124756"}],"wp:attachment":[{"href":"https:\/\/superon.cn\/tr\/wp-json\/wp\/v2\/media?parent=1124756"}],"wp:term":[{"taxonomy":"product_brand","embeddable":true,"href":"https:\/\/superon.cn\/tr\/wp-json\/wp\/v2\/product_brand?post=1124756"},{"taxonomy":"product_cat","embeddable":true,"href":"https:\/\/superon.cn\/tr\/wp-json\/wp\/v2\/product_cat?post=1124756"},{"taxonomy":"product_tag","embeddable":true,"href":"https:\/\/superon.cn\/tr\/wp-json\/wp\/v2\/product_tag?post=1124756"}],"curies":[{"name":"wp","href":"https:\/\/api.w.org\/{rel}","templated":true}]}}