{"id":1119480,"date":"2022-07-04T12:01:19","date_gmt":"2022-07-04T09:01:19","guid":{"rendered":"https:\/\/superon.cn\/catalogue\/uncategorized\/02-363\/"},"modified":"2026-03-18T04:48:29","modified_gmt":"2026-03-18T01:48:29","slug":"02-363","status":"publish","type":"product","link":"https:\/\/superon.cn\/tr\/catalogue\/02-sliders\/undermounted-soft-closingpush-to-open\/02-363\/","title":{"rendered":"Frenli ve bas-a\u00e7 tam a\u00e7\u0131l\u0131m gizli ray"},"content":{"rendered":"","protected":false},"excerpt":{"rendered":"","protected":false},"featured_media":0,"comment_status":"open","ping_status":"closed","template":"","meta":[],"product_brand":[],"product_cat":[368047,368155],"product_tag":[],"class_list":{"0":"post-1119480","1":"product","2":"type-product","3":"status-publish","5":"product_cat-02-sliders","6":"product_cat-undermounted-soft-closingpush-to-open","7":"no-featured-image-padding","8":"sales-flash-overlay","9":"woocommerce-text-align-center","10":"woocommerce-image-align-center","11":"do-quantity-buttons","13":"first","14":"instock","15":"shipping-taxable","16":"purchasable","17":"product-type-variable"},"_links":{"self":[{"href":"https:\/\/superon.cn\/tr\/wp-json\/wp\/v2\/product\/1119480","targetHints":{"allow":["GET"]}}],"collection":[{"href":"https:\/\/superon.cn\/tr\/wp-json\/wp\/v2\/product"}],"about":[{"href":"https:\/\/superon.cn\/tr\/wp-json\/wp\/v2\/types\/product"}],"replies":[{"embeddable":true,"href":"https:\/\/superon.cn\/tr\/wp-json\/wp\/v2\/comments?post=1119480"}],"wp:attachment":[{"href":"https:\/\/superon.cn\/tr\/wp-json\/wp\/v2\/media?parent=1119480"}],"wp:term":[{"taxonomy":"product_brand","embeddable":true,"href":"https:\/\/superon.cn\/tr\/wp-json\/wp\/v2\/product_brand?post=1119480"},{"taxonomy":"product_cat","embeddable":true,"href":"https:\/\/superon.cn\/tr\/wp-json\/wp\/v2\/product_cat?post=1119480"},{"taxonomy":"product_tag","embeddable":true,"href":"https:\/\/superon.cn\/tr\/wp-json\/wp\/v2\/product_tag?post=1119480"}],"curies":[{"name":"wp","href":"https:\/\/api.w.org\/{rel}","templated":true}]}}