{"id":1117218,"date":"2018-02-01T13:15:00","date_gmt":"2018-02-01T10:15:00","guid":{"rendered":"https:\/\/superon.cn\/catalogue\/uncategorized\/07-134\/"},"modified":"2026-03-18T04:47:55","modified_gmt":"2026-03-18T01:47:55","slug":"07-134","status":"publish","type":"product","link":"https:\/\/superon.cn\/tr\/catalogue\/07-brackets\/push-to-open-07-brackets\/07-134\/","title":{"rendered":"Bas-a\u00e7 \u00e7\u0131t\u00e7\u0131t"},"content":{"rendered":"Kar\u015f\u0131l\u0131klar\u0131n a\u00e7\u0131klamalar\u0131:<br \/>K &#8211; yap\u0131\u015fkanl\u0131 kar\u015f\u0131l\u0131k<br \/>N &#8211; d\u00fcbelli vidali kar\u015f\u0131l\u0131k<br \/>KN &#8211; yap\u0131\u015fkanl\u0131 ve d\u00fcbelli vidali kar\u015f\u0131l\u0131k (\u00e7ift kar\u015f\u0131l\u0131kl\u0131)<br \/>O &#8211; vida u\u00e7lu geni\u015f y\u00fczey kar\u015f\u0131l\u0131k<br \/>J &#8211; hem yap\u0131\u00e7kanl\u0131 hem vida deli\u011fi mevcut kar\u015f\u0131l\u0131k (tek par\u00e7a art\u0131 vida)","protected":false},"excerpt":{"rendered":"<p>Kar\u015f\u0131l\u0131klar\u0131n a\u00e7\u0131klamalar\u0131:K &#8211; yap\u0131\u015fkanl\u0131 kar\u015f\u0131l\u0131kN &#8211; d\u00fcbelli vidali kar\u015f\u0131l\u0131kKN &#8211; yap\u0131\u015fkanl\u0131 ve d\u00fcbelli vidali kar\u015f\u0131l\u0131k (\u00e7ift kar\u015f\u0131l\u0131kl\u0131)O &#8211; vida u\u00e7lu geni\u015f y\u00fczey kar\u015f\u0131l\u0131kJ &#8211; hem yap\u0131\u00e7kanl\u0131 hem vida deli\u011fi mevcut kar\u015f\u0131l\u0131k (tek par\u00e7a art\u0131 vida)<\/p>\n","protected":false},"featured_media":0,"comment_status":"open","ping_status":"closed","template":"","meta":[],"product_brand":[],"product_cat":[368005,368053],"product_tag":[],"class_list":{"0":"post-1117218","1":"product","2":"type-product","3":"status-publish","5":"product_cat-07-brackets","6":"product_cat-push-to-open-07-brackets","7":"no-featured-image-padding","8":"sales-flash-overlay","9":"woocommerce-text-align-center","10":"woocommerce-image-align-center","11":"do-quantity-buttons","13":"first","14":"instock","15":"shipping-taxable","16":"purchasable","17":"product-type-variable"},"_links":{"self":[{"href":"https:\/\/superon.cn\/tr\/wp-json\/wp\/v2\/product\/1117218","targetHints":{"allow":["GET"]}}],"collection":[{"href":"https:\/\/superon.cn\/tr\/wp-json\/wp\/v2\/product"}],"about":[{"href":"https:\/\/superon.cn\/tr\/wp-json\/wp\/v2\/types\/product"}],"replies":[{"embeddable":true,"href":"https:\/\/superon.cn\/tr\/wp-json\/wp\/v2\/comments?post=1117218"}],"wp:attachment":[{"href":"https:\/\/superon.cn\/tr\/wp-json\/wp\/v2\/media?parent=1117218"}],"wp:term":[{"taxonomy":"product_brand","embeddable":true,"href":"https:\/\/superon.cn\/tr\/wp-json\/wp\/v2\/product_brand?post=1117218"},{"taxonomy":"product_cat","embeddable":true,"href":"https:\/\/superon.cn\/tr\/wp-json\/wp\/v2\/product_cat?post=1117218"},{"taxonomy":"product_tag","embeddable":true,"href":"https:\/\/superon.cn\/tr\/wp-json\/wp\/v2\/product_tag?post=1117218"}],"curies":[{"name":"wp","href":"https:\/\/api.w.org\/{rel}","templated":true}]}}