{"id":1116574,"date":"2017-03-02T18:33:31","date_gmt":"2017-03-02T15:33:31","guid":{"rendered":"https:\/\/superon.cn\/catalogue\/uncategorized\/10-218\/"},"modified":"2026-03-18T04:47:45","modified_gmt":"2026-03-18T01:47:45","slug":"10-218","status":"publish","type":"product","link":"https:\/\/superon.cn\/tr\/catalogue\/10-connecting-fittings\/eccentric-cams\/10-218\/","title":{"rendered":"Minifiks kafas\u0131, D15"},"content":{"rendered":"Bu standart ve en \u00e7ok kullan\u0131lan minifiks tipi. <\/p>\n<p>&#8211; Minifiks, mobilya ah\u015fap par\u00e7alar\u0131 girdirmektedir.<br \/>&#8211; Delme \u00e7ap\u0131 15mm, delme derinli\u011fi suntan\u0131n kal\u0131nl\u0131\u011f\u0131na gore ayarlan\u0131r.<br \/>&#8211; \u00dcr\u00fcn\u00fcm\u00fczdeki i\u00e7 ve d\u0131\u015f t\u0131rnaklar\u0131 ba\u011flant\u0131y\u0131 daha sa\u011flam yapmaktad\u0131r.<br \/>&#8211; Herzaman ortas\u0131ndan ceken \u00e7ubuk ba\u011flant\u0131y\u0131 d\u00fcz ve titiz s\u011flamaktad\u0131r.<br \/>&#8211; Minifiks PH2 tornavidayla \u00e7evirmeye tavsiye edilir. Ayr\u0131ca d\u00fcz tornavida ve alyan vidayla \u00e7evirilebilir.<\/p>\n<p>Bir konteynere 3.000.000 minifiks kafas\u0131 ve 3.000.000 \u00e7ubu\u011fu y\u00fcklenebilir.","protected":false},"excerpt":{"rendered":"<p>0qUvCZv4Z4o<\/p>\n","protected":false},"featured_media":0,"comment_status":"open","ping_status":"closed","template":"","meta":[],"product_brand":[],"product_cat":[368003,368072],"product_tag":[],"class_list":{"0":"post-1116574","1":"product","2":"type-product","3":"status-publish","5":"product_cat-10-connecting-fittings","6":"product_cat-eccentric-cams","7":"no-featured-image-padding","8":"sales-flash-overlay","9":"woocommerce-text-align-center","10":"woocommerce-image-align-center","11":"do-quantity-buttons","13":"first","14":"instock","15":"shipping-taxable","16":"purchasable","17":"product-type-variable"},"_links":{"self":[{"href":"https:\/\/superon.cn\/tr\/wp-json\/wp\/v2\/product\/1116574","targetHints":{"allow":["GET"]}}],"collection":[{"href":"https:\/\/superon.cn\/tr\/wp-json\/wp\/v2\/product"}],"about":[{"href":"https:\/\/superon.cn\/tr\/wp-json\/wp\/v2\/types\/product"}],"replies":[{"embeddable":true,"href":"https:\/\/superon.cn\/tr\/wp-json\/wp\/v2\/comments?post=1116574"}],"wp:attachment":[{"href":"https:\/\/superon.cn\/tr\/wp-json\/wp\/v2\/media?parent=1116574"}],"wp:term":[{"taxonomy":"product_brand","embeddable":true,"href":"https:\/\/superon.cn\/tr\/wp-json\/wp\/v2\/product_brand?post=1116574"},{"taxonomy":"product_cat","embeddable":true,"href":"https:\/\/superon.cn\/tr\/wp-json\/wp\/v2\/product_cat?post=1116574"},{"taxonomy":"product_tag","embeddable":true,"href":"https:\/\/superon.cn\/tr\/wp-json\/wp\/v2\/product_tag?post=1116574"}],"curies":[{"name":"wp","href":"https:\/\/api.w.org\/{rel}","templated":true}]}}