{"id":1116552,"date":"2017-02-23T13:54:31","date_gmt":"2017-02-23T10:54:31","guid":{"rendered":"https:\/\/superon.cn\/catalogue\/uncategorized\/10-502\/"},"modified":"2026-03-18T04:47:44","modified_gmt":"2026-03-18T01:47:44","slug":"10-502","status":"publish","type":"product","link":"https:\/\/superon.cn\/tr\/catalogue\/10-connecting-fittings\/hangers-for-cabinets\/10-502\/","title":{"rendered":"Ask\u0131 eleman\u0131 (gizli, ayarl\u0131)"},"content":{"rendered":"- Arka duvar\u0131n arkas\u0131nda kullan\u0131lmak i\u00e7in, rayl\u0131 s\u00fcspansiyon.<br \/> &#8211; Yan panele 3 pinle monte edilmi\u015f, ayr\u0131ca ek vidal\u0131 ba\u011flant\u0131lar i\u00e7in ekstra deliklere sahiptir.<br \/> &#8211; En az 16 mm \u00f6l\u00e7\u00fcl\u00fc arka panel bo\u015flu\u011fu i\u00e7in uygundur.<br \/> &#8211; Ayar vidalar\u0131 istemeden \u00e7\u0131kar\u0131lmaya kar\u015f\u0131 sa\u011flan\u0131r.<br \/> &#8211; Vida ve di\u015fli ile kolayca ayarlanabilir.<br \/> &#8211; Y\u00fckleme a\u011f\u0131rl\u0131\u011f\u0131 150 kg \/ \u00e7ift.<br \/> &#8211; Kald\u0131rma y\u00fcksekli\u011fi: 7 mm.<br \/> &#8211; Ayarlama se\u00e7enekleri:<br \/>Y\u00fckseklik: \u00b1 7 mm<br \/>Derinlik: max. 5 mm","protected":false},"excerpt":{"rendered":"<p>&#8211; Arka duvar\u0131n arkas\u0131nda kullan\u0131lmak i\u00e7in, rayl\u0131 s\u00fcspansiyon. &#8211; Yan panele 3 pinle monte edilmi\u015f, ayr\u0131ca ek vidal\u0131 ba\u011flant\u0131lar i\u00e7in ekstra deliklere sahiptir. &#8211; En az 16 mm \u00f6l\u00e7\u00fcl\u00fc arka panel bo\u015flu\u011fu i\u00e7in uygundur. &#8211; Ayar vidalar\u0131 istemeden \u00e7\u0131kar\u0131lmaya kar\u015f\u0131 sa\u011flan\u0131r. &#8211; Vida ve di\u015fli ile kolayca ayarlanabilir. &#8211; Y\u00fckleme a\u011f\u0131rl\u0131\u011f\u0131 150 kg \/ \u00e7ift. &#8211; Kald\u0131rma y\u00fcksekli\u011fi: 7 mm. &#8211; Ayarlama se\u00e7enekleri:Y\u00fckseklik: \u00b1 7 mmDerinlik: max. 5 mm<\/p>\n","protected":false},"featured_media":0,"comment_status":"open","ping_status":"closed","template":"","meta":[],"product_brand":[],"product_cat":[368003,368049],"product_tag":[],"class_list":{"0":"post-1116552","1":"product","2":"type-product","3":"status-publish","5":"product_cat-10-connecting-fittings","6":"product_cat-hangers-for-cabinets","7":"no-featured-image-padding","8":"sales-flash-overlay","9":"woocommerce-text-align-center","10":"woocommerce-image-align-center","11":"do-quantity-buttons","13":"first","14":"instock","15":"shipping-taxable","16":"purchasable","17":"product-type-variable"},"_links":{"self":[{"href":"https:\/\/superon.cn\/tr\/wp-json\/wp\/v2\/product\/1116552","targetHints":{"allow":["GET"]}}],"collection":[{"href":"https:\/\/superon.cn\/tr\/wp-json\/wp\/v2\/product"}],"about":[{"href":"https:\/\/superon.cn\/tr\/wp-json\/wp\/v2\/types\/product"}],"replies":[{"embeddable":true,"href":"https:\/\/superon.cn\/tr\/wp-json\/wp\/v2\/comments?post=1116552"}],"wp:attachment":[{"href":"https:\/\/superon.cn\/tr\/wp-json\/wp\/v2\/media?parent=1116552"}],"wp:term":[{"taxonomy":"product_brand","embeddable":true,"href":"https:\/\/superon.cn\/tr\/wp-json\/wp\/v2\/product_brand?post=1116552"},{"taxonomy":"product_cat","embeddable":true,"href":"https:\/\/superon.cn\/tr\/wp-json\/wp\/v2\/product_cat?post=1116552"},{"taxonomy":"product_tag","embeddable":true,"href":"https:\/\/superon.cn\/tr\/wp-json\/wp\/v2\/product_tag?post=1116552"}],"curies":[{"name":"wp","href":"https:\/\/api.w.org\/{rel}","templated":true}]}}