{"id":1115657,"date":"2007-01-07T00:00:00","date_gmt":"2007-01-06T21:00:00","guid":{"rendered":"https:\/\/superon.cn\/catalogue\/uncategorized\/01-042-cl\/"},"modified":"2026-03-18T04:47:32","modified_gmt":"2026-03-18T01:47:32","slug":"01-042-cl","status":"publish","type":"product","link":"https:\/\/superon.cn\/tr\/catalogue\/01-hinges\/soft-closing-angled\/01-042-cl\/","title":{"rendered":"Frenli 45\u00b0 dereceli mente\u015fe, klipsli"},"content":{"rendered":"SGS testi: 85.000 a\u00e7ma-kapamay\u0131 ge\u00e7ti<br \/>Tas \u00e7ap\u0131: 35mm<br \/>A\u00e7\u0131lma a\u00e7\u0131s\u0131: 95\u00b0<br \/>Tas derinli\u011fi: 11.3mm<br \/>Closing type: frenli<br \/>Installation: klipsli<br \/>Kapak kal\u0131nl\u0131\u011f\u0131: 14-22mm<br \/>Bindirme ayar\u0131: \u00b12.5mm<br \/>Derinlik ayar\u0131: \u00b12.5mm<br \/>Y\u00fckseklik ayar\u0131: \u00b12.0mm","protected":false},"excerpt":{"rendered":"<p>vP7ImWTz9AE<\/p>\n","protected":false},"featured_media":0,"comment_status":"open","ping_status":"closed","template":"","meta":[],"product_brand":[],"product_cat":[367993,368015],"product_tag":[],"class_list":{"0":"post-1115657","1":"product","2":"type-product","3":"status-publish","5":"product_cat-01-hinges","6":"product_cat-soft-closing-angled","7":"no-featured-image-padding","8":"sales-flash-overlay","9":"woocommerce-text-align-center","10":"woocommerce-image-align-center","11":"do-quantity-buttons","13":"first","14":"instock","15":"featured","16":"shipping-taxable","17":"purchasable","18":"product-type-variable"},"_links":{"self":[{"href":"https:\/\/superon.cn\/tr\/wp-json\/wp\/v2\/product\/1115657","targetHints":{"allow":["GET"]}}],"collection":[{"href":"https:\/\/superon.cn\/tr\/wp-json\/wp\/v2\/product"}],"about":[{"href":"https:\/\/superon.cn\/tr\/wp-json\/wp\/v2\/types\/product"}],"replies":[{"embeddable":true,"href":"https:\/\/superon.cn\/tr\/wp-json\/wp\/v2\/comments?post=1115657"}],"wp:attachment":[{"href":"https:\/\/superon.cn\/tr\/wp-json\/wp\/v2\/media?parent=1115657"}],"wp:term":[{"taxonomy":"product_brand","embeddable":true,"href":"https:\/\/superon.cn\/tr\/wp-json\/wp\/v2\/product_brand?post=1115657"},{"taxonomy":"product_cat","embeddable":true,"href":"https:\/\/superon.cn\/tr\/wp-json\/wp\/v2\/product_cat?post=1115657"},{"taxonomy":"product_tag","embeddable":true,"href":"https:\/\/superon.cn\/tr\/wp-json\/wp\/v2\/product_tag?post=1115657"}],"curies":[{"name":"wp","href":"https:\/\/api.w.org\/{rel}","templated":true}]}}