{"id":1114532,"date":"2007-01-07T00:00:00","date_gmt":"2007-01-06T21:00:00","guid":{"rendered":"https:\/\/superon.cn\/catalogue\/uncategorized\/03-407\/"},"modified":"2026-03-18T04:47:12","modified_gmt":"2026-03-18T01:47:12","slug":"03-407","status":"publish","type":"product","link":"https:\/\/superon.cn\/tr\/catalogue\/03-locks\/for-glass\/03-407\/","title":{"rendered":"Cam kilidi 407"},"content":{"rendered":"\u00dcr\u00fcn kodlar\u0131ndaki ibareler<br \/>Z: kilit vucudu zamak<br \/>R: kilit vucudu \u00e7elik","protected":false},"excerpt":{"rendered":"<p>\u00dcr\u00fcn kodlar\u0131ndaki ibarelerZ: kilit vucudu zamakR: kilit vucudu \u00e7elik<\/p>\n","protected":false},"featured_media":0,"comment_status":"open","ping_status":"closed","template":"","meta":[],"product_brand":[],"product_cat":[368029,368128],"product_tag":[],"class_list":{"0":"post-1114532","1":"product","2":"type-product","3":"status-publish","5":"product_cat-03-locks","6":"product_cat-for-glass","7":"no-featured-image-padding","8":"sales-flash-overlay","9":"woocommerce-text-align-center","10":"woocommerce-image-align-center","11":"do-quantity-buttons","13":"first","14":"instock","15":"featured","16":"shipping-taxable","17":"purchasable","18":"product-type-variable"},"_links":{"self":[{"href":"https:\/\/superon.cn\/tr\/wp-json\/wp\/v2\/product\/1114532","targetHints":{"allow":["GET"]}}],"collection":[{"href":"https:\/\/superon.cn\/tr\/wp-json\/wp\/v2\/product"}],"about":[{"href":"https:\/\/superon.cn\/tr\/wp-json\/wp\/v2\/types\/product"}],"replies":[{"embeddable":true,"href":"https:\/\/superon.cn\/tr\/wp-json\/wp\/v2\/comments?post=1114532"}],"wp:attachment":[{"href":"https:\/\/superon.cn\/tr\/wp-json\/wp\/v2\/media?parent=1114532"}],"wp:term":[{"taxonomy":"product_brand","embeddable":true,"href":"https:\/\/superon.cn\/tr\/wp-json\/wp\/v2\/product_brand?post=1114532"},{"taxonomy":"product_cat","embeddable":true,"href":"https:\/\/superon.cn\/tr\/wp-json\/wp\/v2\/product_cat?post=1114532"},{"taxonomy":"product_tag","embeddable":true,"href":"https:\/\/superon.cn\/tr\/wp-json\/wp\/v2\/product_tag?post=1114532"}],"curies":[{"name":"wp","href":"https:\/\/api.w.org\/{rel}","templated":true}]}}