{"id":1113913,"date":"2007-01-07T00:00:00","date_gmt":"2007-01-06T21:00:00","guid":{"rendered":"https:\/\/superon.cn\/catalogue\/uncategorized\/10-202\/"},"modified":"2026-03-18T04:47:06","modified_gmt":"2026-03-18T01:47:06","slug":"10-202","status":"publish","type":"product","link":"https:\/\/superon.cn\/tr\/catalogue\/10-connecting-fittings\/eccentric-cams\/10-202\/","title":{"rendered":"Eccentric cam, D15"},"content":{"rendered":"- Minifiks, mobilya ah\u015fap par\u00e7alar\u0131 girdirmektedir.<br \/>&#8211; \u00dcr\u00fcn\u00fcm\u00fczdeki i\u00e7 ve d\u0131\u015f t\u0131rnaklar\u0131 ba\u011flant\u0131y\u0131 daha sa\u011flam yapmaktad\u0131r.<br \/>&#8211; Herzaman ortas\u0131ndan ceken \u00e7ubuk ba\u011flant\u0131y\u0131 d\u00fcz ve titiz s\u011flamaktad\u0131r.<br \/>&#8211; Minifiks PH2 tornavidayla \u00e7evirmeye tavsiye edilir. Ayr\u0131ca d\u00fcz tornavida ve alyan vidayla \u00e7evirilebilir.","protected":false},"excerpt":{"rendered":"<p>0qUvCZv4Z4o<\/p>\n","protected":false},"featured_media":0,"comment_status":"open","ping_status":"closed","template":"","meta":[],"product_brand":[],"product_cat":[368003,368072],"product_tag":[],"class_list":{"0":"post-1113913","1":"product","2":"type-product","3":"status-publish","5":"product_cat-10-connecting-fittings","6":"product_cat-eccentric-cams","7":"no-featured-image-padding","8":"sales-flash-overlay","9":"woocommerce-text-align-center","10":"woocommerce-image-align-center","11":"do-quantity-buttons","13":"first","14":"instock","15":"shipping-taxable","16":"purchasable","17":"product-type-variable"},"_links":{"self":[{"href":"https:\/\/superon.cn\/tr\/wp-json\/wp\/v2\/product\/1113913","targetHints":{"allow":["GET"]}}],"collection":[{"href":"https:\/\/superon.cn\/tr\/wp-json\/wp\/v2\/product"}],"about":[{"href":"https:\/\/superon.cn\/tr\/wp-json\/wp\/v2\/types\/product"}],"replies":[{"embeddable":true,"href":"https:\/\/superon.cn\/tr\/wp-json\/wp\/v2\/comments?post=1113913"}],"wp:attachment":[{"href":"https:\/\/superon.cn\/tr\/wp-json\/wp\/v2\/media?parent=1113913"}],"wp:term":[{"taxonomy":"product_brand","embeddable":true,"href":"https:\/\/superon.cn\/tr\/wp-json\/wp\/v2\/product_brand?post=1113913"},{"taxonomy":"product_cat","embeddable":true,"href":"https:\/\/superon.cn\/tr\/wp-json\/wp\/v2\/product_cat?post=1113913"},{"taxonomy":"product_tag","embeddable":true,"href":"https:\/\/superon.cn\/tr\/wp-json\/wp\/v2\/product_tag?post=1113913"}],"curies":[{"name":"wp","href":"https:\/\/api.w.org\/{rel}","templated":true}]}}