{"id":1113453,"date":"2007-01-07T00:00:00","date_gmt":"2007-01-06T21:00:00","guid":{"rendered":"https:\/\/superon.cn\/catalogue\/uncategorized\/10-061\/"},"modified":"2026-03-18T04:47:02","modified_gmt":"2026-03-18T01:47:02","slug":"10-061","status":"publish","type":"product","link":"https:\/\/superon.cn\/tr\/catalogue\/10-connecting-fittings\/mounting-elements\/10-061\/","title":{"rendered":"Mini mounting screw, M4\/D5"},"content":{"rendered":"Farkl\u0131 \u00e7e\u015fitleri mevcuttur:<br \/>&#8211; tek somun (vidas\u0131z)<br \/>&#8211; tek vida (somunsuz)<br \/>&#8211; tak\u0131m (vida ve somun)","protected":false},"excerpt":{"rendered":"<p>Farkl\u0131 \u00e7e\u015fitleri mevcuttur:&#8211; tek somun (vidas\u0131z)&#8211; tek vida (somunsuz)&#8211; tak\u0131m (vida ve somun)<\/p>\n","protected":false},"featured_media":0,"comment_status":"open","ping_status":"closed","template":"","meta":[],"product_brand":[],"product_cat":[368003,368056],"product_tag":[],"class_list":{"0":"post-1113453","1":"product","2":"type-product","3":"status-publish","5":"product_cat-10-connecting-fittings","6":"product_cat-mounting-elements","7":"no-featured-image-padding","8":"sales-flash-overlay","9":"woocommerce-text-align-center","10":"woocommerce-image-align-center","11":"do-quantity-buttons","13":"first","14":"instock","15":"featured","16":"shipping-taxable","17":"purchasable","18":"product-type-variable"},"_links":{"self":[{"href":"https:\/\/superon.cn\/tr\/wp-json\/wp\/v2\/product\/1113453","targetHints":{"allow":["GET"]}}],"collection":[{"href":"https:\/\/superon.cn\/tr\/wp-json\/wp\/v2\/product"}],"about":[{"href":"https:\/\/superon.cn\/tr\/wp-json\/wp\/v2\/types\/product"}],"replies":[{"embeddable":true,"href":"https:\/\/superon.cn\/tr\/wp-json\/wp\/v2\/comments?post=1113453"}],"wp:attachment":[{"href":"https:\/\/superon.cn\/tr\/wp-json\/wp\/v2\/media?parent=1113453"}],"wp:term":[{"taxonomy":"product_brand","embeddable":true,"href":"https:\/\/superon.cn\/tr\/wp-json\/wp\/v2\/product_brand?post=1113453"},{"taxonomy":"product_cat","embeddable":true,"href":"https:\/\/superon.cn\/tr\/wp-json\/wp\/v2\/product_cat?post=1113453"},{"taxonomy":"product_tag","embeddable":true,"href":"https:\/\/superon.cn\/tr\/wp-json\/wp\/v2\/product_tag?post=1113453"}],"curies":[{"name":"wp","href":"https:\/\/api.w.org\/{rel}","templated":true}]}}