{"id":1112511,"date":"2023-03-08T13:22:00","date_gmt":"2023-03-08T10:22:00","guid":{"rendered":"https:\/\/superon.cn\/catalogue\/uncategorized\/01-024-cl\/"},"modified":"2026-03-18T04:46:46","modified_gmt":"2026-03-18T01:46:46","slug":"01-024-cl","status":"publish","type":"product","link":"https:\/\/superon.cn\/tr\/catalogue\/01-hinges\/angled\/01-024-cl\/","title":{"rendered":"165\u00b0 mente\u015fe, klipsli"},"content":{"rendered":"Tas \u00e7ap\u0131: 35mm<br \/>A\u00e7\u0131lma a\u00e7\u0131s\u0131: 165\u00b0<br \/>Tas derinli\u011fi: 11.3mm<br \/>A\u00e7\u0131lma tipi: two ways<br \/>Installation: klipsli<br \/>Kapak kal\u0131nl\u0131\u011f\u0131: 14-25mm<br \/>Bindirme ayar\u0131: \u00b12.5mm<br \/>Derinlik ayar\u0131: \u00b12.5mm<br \/>Y\u00fckseklik ayar\u0131: \u00b12.0mm","protected":false},"excerpt":{"rendered":"<p>Tas \u00e7ap\u0131: 35mmA\u00e7\u0131lma a\u00e7\u0131s\u0131: 165\u00b0Tas derinli\u011fi: 11.3mmA\u00e7\u0131lma tipi: two waysInstallation: klipsliKapak kal\u0131nl\u0131\u011f\u0131: 14-25mmBindirme ayar\u0131: \u00b12.5mmDerinlik ayar\u0131: \u00b12.5mmY\u00fckseklik ayar\u0131: \u00b12.0mm<\/p>\n","protected":false},"featured_media":0,"comment_status":"open","ping_status":"closed","template":"","meta":[],"product_brand":[],"product_cat":[367993,368111],"product_tag":[],"class_list":{"0":"post-1112511","1":"product","2":"type-product","3":"status-publish","5":"product_cat-01-hinges","6":"product_cat-angled","7":"no-featured-image-padding","8":"sales-flash-overlay","9":"woocommerce-text-align-center","10":"woocommerce-image-align-center","11":"do-quantity-buttons","13":"first","14":"instock","15":"shipping-taxable","16":"purchasable","17":"product-type-variable"},"_links":{"self":[{"href":"https:\/\/superon.cn\/tr\/wp-json\/wp\/v2\/product\/1112511","targetHints":{"allow":["GET"]}}],"collection":[{"href":"https:\/\/superon.cn\/tr\/wp-json\/wp\/v2\/product"}],"about":[{"href":"https:\/\/superon.cn\/tr\/wp-json\/wp\/v2\/types\/product"}],"replies":[{"embeddable":true,"href":"https:\/\/superon.cn\/tr\/wp-json\/wp\/v2\/comments?post=1112511"}],"wp:attachment":[{"href":"https:\/\/superon.cn\/tr\/wp-json\/wp\/v2\/media?parent=1112511"}],"wp:term":[{"taxonomy":"product_brand","embeddable":true,"href":"https:\/\/superon.cn\/tr\/wp-json\/wp\/v2\/product_brand?post=1112511"},{"taxonomy":"product_cat","embeddable":true,"href":"https:\/\/superon.cn\/tr\/wp-json\/wp\/v2\/product_cat?post=1112511"},{"taxonomy":"product_tag","embeddable":true,"href":"https:\/\/superon.cn\/tr\/wp-json\/wp\/v2\/product_tag?post=1112511"}],"curies":[{"name":"wp","href":"https:\/\/api.w.org\/{rel}","templated":true}]}}