{"id":1112431,"date":"2007-01-07T00:00:00","date_gmt":"2007-01-06T21:00:00","guid":{"rendered":"https:\/\/superon.cn\/catalogue\/uncategorized\/07-202\/"},"modified":"2026-03-18T04:46:44","modified_gmt":"2026-03-18T01:46:44","slug":"07-202","status":"publish","type":"product","link":"https:\/\/superon.cn\/tr\/catalogue\/07-brackets\/magnets-catches\/07-202\/","title":{"rendered":"Magn\u0131t\u0131sl\u0131 \u00e7\u0131t\u00e7\u0131t"},"content":{"rendered":"- M\u0131knat\u0131sl\u0131 \u00e7\u0131t\u00e7\u0131t b\u00fcy\u00fck veya k\u00fc\u00e7\u00fck m\u0131knat\u0131sl\u0131 olabilir. Fiyat ve performanslar\u0131 m\u0131knat\u0131s\u0131n kalitesine g\u00f6re de\u011fi\u015fir.<br \/>&#8211; Bu \u00fcr\u00fcn farkl\u0131 renklerde \u00fcretilebilir. Seri \u00fcretimde kahverengi ve beyaz renkleri mevcuttur.<br \/>&#8211; Kullan\u0131lan plastik kaliteli oldu\u011fu i\u00e7in \u00fcr\u00fcn\u00fcm\u00fcz monte esnas\u0131nda patlamaz.","protected":false},"excerpt":{"rendered":"<p>&#8211; M\u0131knat\u0131sl\u0131 \u00e7\u0131t\u00e7\u0131t b\u00fcy\u00fck veya k\u00fc\u00e7\u00fck m\u0131knat\u0131sl\u0131 olabilir. Fiyat ve performanslar\u0131 m\u0131knat\u0131s\u0131n kalitesine g\u00f6re de\u011fi\u015fir.&#8211; Bu \u00fcr\u00fcn farkl\u0131 renklerde \u00fcretilebilir. Seri \u00fcretimde kahverengi ve beyaz renkleri mevcuttur.&#8211; Kullan\u0131lan plastik kaliteli oldu\u011fu i\u00e7in \u00fcr\u00fcn\u00fcm\u00fcz monte esnas\u0131nda patlamaz.<\/p>\n","protected":false},"featured_media":0,"comment_status":"open","ping_status":"closed","template":"","meta":[],"product_brand":[],"product_cat":[368005,368027],"product_tag":[],"class_list":{"0":"post-1112431","1":"product","2":"type-product","3":"status-publish","5":"product_cat-07-brackets","6":"product_cat-magnets-catches","7":"no-featured-image-padding","8":"sales-flash-overlay","9":"woocommerce-text-align-center","10":"woocommerce-image-align-center","11":"do-quantity-buttons","13":"first","14":"instock","15":"featured","16":"shipping-taxable","17":"purchasable","18":"product-type-variable"},"_links":{"self":[{"href":"https:\/\/superon.cn\/tr\/wp-json\/wp\/v2\/product\/1112431","targetHints":{"allow":["GET"]}}],"collection":[{"href":"https:\/\/superon.cn\/tr\/wp-json\/wp\/v2\/product"}],"about":[{"href":"https:\/\/superon.cn\/tr\/wp-json\/wp\/v2\/types\/product"}],"replies":[{"embeddable":true,"href":"https:\/\/superon.cn\/tr\/wp-json\/wp\/v2\/comments?post=1112431"}],"wp:attachment":[{"href":"https:\/\/superon.cn\/tr\/wp-json\/wp\/v2\/media?parent=1112431"}],"wp:term":[{"taxonomy":"product_brand","embeddable":true,"href":"https:\/\/superon.cn\/tr\/wp-json\/wp\/v2\/product_brand?post=1112431"},{"taxonomy":"product_cat","embeddable":true,"href":"https:\/\/superon.cn\/tr\/wp-json\/wp\/v2\/product_cat?post=1112431"},{"taxonomy":"product_tag","embeddable":true,"href":"https:\/\/superon.cn\/tr\/wp-json\/wp\/v2\/product_tag?post=1112431"}],"curies":[{"name":"wp","href":"https:\/\/api.w.org\/{rel}","templated":true}]}}