{"id":1112193,"date":"2008-09-26T00:00:00","date_gmt":"2008-09-25T21:00:00","guid":{"rendered":"https:\/\/superon.cn\/catalogue\/uncategorized\/07-634-s\/"},"modified":"2026-03-18T04:46:42","modified_gmt":"2026-03-18T01:46:42","slug":"07-634-s","status":"publish","type":"product","link":"https:\/\/superon.cn\/tr\/catalogue\/07-brackets\/simple-lifting-brackets\/07-634-s\/","title":{"rendered":"Hydraulic soft bracket, steel arm"},"content":{"rendered":"L\u00fctfen L (sol) ve R (sa\u011f) resimlerine dikkat ediniz.<\/p>\n<p>Takriben kap\u0131 a\u011f\u0131rl\u0131\u011f\u0131 a\u015fa\u011f\u0131daki gibidir:<\/p>\n<p>Kap\u0131 ba\u015f\u0131na 1 adet makas ise (sa\u011f veya sol): min ~ max<br \/>Kap\u0131 y\u00fcksekli\u011fin\u0131n yar\u0131s\u0131 (cm) x kap\u0131 a\u011f\u0131rl\u0131\u011f\u0131 (kg):  16 ~ 70 <\/p>\n<p>Kap\u0131 ba\u015f\u0131na 2 adet makas ise (sa\u011f ve sol): min ~ max<br \/>Kap\u0131 y\u00fcksekli\u011finin yar\u0131s\u0131 (cm) x kap\u0131 a\u011f\u0131rl\u0131\u011f\u0131 (kg) : 32 ~ 140","protected":false},"excerpt":{"rendered":"<p>L\u00fctfen L (sol) ve R (sa\u011f) resimlerine dikkat ediniz. Takriben kap\u0131 a\u011f\u0131rl\u0131\u011f\u0131 a\u015fa\u011f\u0131daki gibidir: Kap\u0131 ba\u015f\u0131na 1 adet makas ise (sa\u011f veya sol): min ~ maxKap\u0131 y\u00fcksekli\u011fin\u0131n yar\u0131s\u0131 (cm) x kap\u0131 a\u011f\u0131rl\u0131\u011f\u0131 (kg): 16 ~ 70 Kap\u0131 ba\u015f\u0131na 2 adet makas ise (sa\u011f ve sol): min ~ maxKap\u0131 y\u00fcksekli\u011finin yar\u0131s\u0131 (cm) x kap\u0131 a\u011f\u0131rl\u0131\u011f\u0131 (kg) : 32 ~ 140<\/p>\n","protected":false},"featured_media":0,"comment_status":"open","ping_status":"closed","template":"","meta":[],"product_brand":[],"product_cat":[368005,368093],"product_tag":[],"class_list":{"0":"post-1112193","1":"product","2":"type-product","3":"status-publish","5":"product_cat-07-brackets","6":"product_cat-simple-lifting-brackets","7":"no-featured-image-padding","8":"sales-flash-overlay","9":"woocommerce-text-align-center","10":"woocommerce-image-align-center","11":"do-quantity-buttons","13":"first","14":"instock","15":"featured","16":"shipping-taxable","17":"purchasable","18":"product-type-variable"},"_links":{"self":[{"href":"https:\/\/superon.cn\/tr\/wp-json\/wp\/v2\/product\/1112193","targetHints":{"allow":["GET"]}}],"collection":[{"href":"https:\/\/superon.cn\/tr\/wp-json\/wp\/v2\/product"}],"about":[{"href":"https:\/\/superon.cn\/tr\/wp-json\/wp\/v2\/types\/product"}],"replies":[{"embeddable":true,"href":"https:\/\/superon.cn\/tr\/wp-json\/wp\/v2\/comments?post=1112193"}],"wp:attachment":[{"href":"https:\/\/superon.cn\/tr\/wp-json\/wp\/v2\/media?parent=1112193"}],"wp:term":[{"taxonomy":"product_brand","embeddable":true,"href":"https:\/\/superon.cn\/tr\/wp-json\/wp\/v2\/product_brand?post=1112193"},{"taxonomy":"product_cat","embeddable":true,"href":"https:\/\/superon.cn\/tr\/wp-json\/wp\/v2\/product_cat?post=1112193"},{"taxonomy":"product_tag","embeddable":true,"href":"https:\/\/superon.cn\/tr\/wp-json\/wp\/v2\/product_tag?post=1112193"}],"curies":[{"name":"wp","href":"https:\/\/api.w.org\/{rel}","templated":true}]}}