{"id":1110660,"date":"2025-07-23T21:55:08","date_gmt":"2025-07-23T18:55:08","guid":{"rendered":"https:\/\/superon.cn\/catalogue\/uncategorized\/22-220\/"},"modified":"2026-03-18T04:46:14","modified_gmt":"2026-03-18T01:46:14","slug":"22-220","status":"publish","type":"product","link":"https:\/\/superon.cn\/tr\/catalogue\/22-bathrooms-toilets\/hinges-toilet-rooms\/22-220\/","title":{"rendered":"Kap\u0131s\u0131 mente\u015fesi. Zinc"},"content":{"rendered":"","protected":false},"excerpt":{"rendered":"","protected":false},"featured_media":0,"comment_status":"open","ping_status":"closed","template":"","meta":[],"product_brand":[],"product_cat":[368064,368065],"product_tag":[],"class_list":{"0":"post-1110660","1":"product","2":"type-product","3":"status-publish","5":"product_cat-22-bathrooms-toilets","6":"product_cat-hinges-toilet-rooms","7":"no-featured-image-padding","8":"sales-flash-overlay","9":"woocommerce-text-align-center","10":"woocommerce-image-align-center","11":"do-quantity-buttons","13":"first","14":"instock","15":"shipping-taxable","16":"purchasable","17":"product-type-variable"},"_links":{"self":[{"href":"https:\/\/superon.cn\/tr\/wp-json\/wp\/v2\/product\/1110660","targetHints":{"allow":["GET"]}}],"collection":[{"href":"https:\/\/superon.cn\/tr\/wp-json\/wp\/v2\/product"}],"about":[{"href":"https:\/\/superon.cn\/tr\/wp-json\/wp\/v2\/types\/product"}],"replies":[{"embeddable":true,"href":"https:\/\/superon.cn\/tr\/wp-json\/wp\/v2\/comments?post=1110660"}],"wp:attachment":[{"href":"https:\/\/superon.cn\/tr\/wp-json\/wp\/v2\/media?parent=1110660"}],"wp:term":[{"taxonomy":"product_brand","embeddable":true,"href":"https:\/\/superon.cn\/tr\/wp-json\/wp\/v2\/product_brand?post=1110660"},{"taxonomy":"product_cat","embeddable":true,"href":"https:\/\/superon.cn\/tr\/wp-json\/wp\/v2\/product_cat?post=1110660"},{"taxonomy":"product_tag","embeddable":true,"href":"https:\/\/superon.cn\/tr\/wp-json\/wp\/v2\/product_tag?post=1110660"}],"curies":[{"name":"wp","href":"https:\/\/api.w.org\/{rel}","templated":true}]}}