{"id":1110081,"date":"2024-10-07T17:48:24","date_gmt":"2024-10-07T14:48:24","guid":{"rendered":"https:\/\/superon.cn\/catalogue\/uncategorized\/11-786\/"},"modified":"2026-03-18T04:46:00","modified_gmt":"2026-03-18T01:46:00","slug":"11-786","status":"publish","type":"product","link":"https:\/\/superon.cn\/tr\/catalogue\/11-interior-cabinet-fittings\/drawer-mats\/11-786\/","title":{"rendered":"Ka\u015f\u0131kl\u0131k sessiz alt\u0131"},"content":{"rendered":"","protected":false},"excerpt":{"rendered":"","protected":false},"featured_media":0,"comment_status":"open","ping_status":"closed","template":"","meta":[],"product_brand":[],"product_cat":[368033,368084],"product_tag":[],"class_list":{"0":"post-1110081","1":"product","2":"type-product","3":"status-publish","5":"product_cat-11-interior-cabinet-fittings","6":"product_cat-drawer-mats","7":"no-featured-image-padding","8":"sales-flash-overlay","9":"woocommerce-text-align-center","10":"woocommerce-image-align-center","11":"do-quantity-buttons","13":"first","14":"instock","15":"shipping-taxable","16":"purchasable","17":"product-type-variable"},"_links":{"self":[{"href":"https:\/\/superon.cn\/tr\/wp-json\/wp\/v2\/product\/1110081","targetHints":{"allow":["GET"]}}],"collection":[{"href":"https:\/\/superon.cn\/tr\/wp-json\/wp\/v2\/product"}],"about":[{"href":"https:\/\/superon.cn\/tr\/wp-json\/wp\/v2\/types\/product"}],"replies":[{"embeddable":true,"href":"https:\/\/superon.cn\/tr\/wp-json\/wp\/v2\/comments?post=1110081"}],"wp:attachment":[{"href":"https:\/\/superon.cn\/tr\/wp-json\/wp\/v2\/media?parent=1110081"}],"wp:term":[{"taxonomy":"product_brand","embeddable":true,"href":"https:\/\/superon.cn\/tr\/wp-json\/wp\/v2\/product_brand?post=1110081"},{"taxonomy":"product_cat","embeddable":true,"href":"https:\/\/superon.cn\/tr\/wp-json\/wp\/v2\/product_cat?post=1110081"},{"taxonomy":"product_tag","embeddable":true,"href":"https:\/\/superon.cn\/tr\/wp-json\/wp\/v2\/product_tag?post=1110081"}],"curies":[{"name":"wp","href":"https:\/\/api.w.org\/{rel}","templated":true}]}}