{"id":1110000,"date":"2024-09-02T16:20:04","date_gmt":"2024-09-02T13:20:04","guid":{"rendered":"https:\/\/superon.cn\/catalogue\/uncategorized\/99-02002\/"},"modified":"2026-03-18T04:45:59","modified_gmt":"2026-03-18T01:45:59","slug":"99-02002","status":"publish","type":"product","link":"https:\/\/superon.cn\/tr\/catalogue\/02-sliders\/ball-bearing-push-to-open\/99-02002\/","title":{"rendered":"Bas-a\u00e7 45mm tam a\u00e7\u0131l\u0131m teleskopik ray"},"content":{"rendered":"","protected":false},"excerpt":{"rendered":"","protected":false},"featured_media":0,"comment_status":"open","ping_status":"closed","template":"","meta":[],"product_brand":[],"product_cat":[368047,368078],"product_tag":[],"class_list":{"0":"post-1110000","1":"product","2":"type-product","3":"status-publish","5":"product_cat-02-sliders","6":"product_cat-ball-bearing-push-to-open","7":"no-featured-image-padding","8":"sales-flash-overlay","9":"woocommerce-text-align-center","10":"woocommerce-image-align-center","11":"do-quantity-buttons","13":"first","14":"instock","15":"shipping-taxable","16":"purchasable","17":"product-type-variable"},"_links":{"self":[{"href":"https:\/\/superon.cn\/tr\/wp-json\/wp\/v2\/product\/1110000","targetHints":{"allow":["GET"]}}],"collection":[{"href":"https:\/\/superon.cn\/tr\/wp-json\/wp\/v2\/product"}],"about":[{"href":"https:\/\/superon.cn\/tr\/wp-json\/wp\/v2\/types\/product"}],"replies":[{"embeddable":true,"href":"https:\/\/superon.cn\/tr\/wp-json\/wp\/v2\/comments?post=1110000"}],"wp:attachment":[{"href":"https:\/\/superon.cn\/tr\/wp-json\/wp\/v2\/media?parent=1110000"}],"wp:term":[{"taxonomy":"product_brand","embeddable":true,"href":"https:\/\/superon.cn\/tr\/wp-json\/wp\/v2\/product_brand?post=1110000"},{"taxonomy":"product_cat","embeddable":true,"href":"https:\/\/superon.cn\/tr\/wp-json\/wp\/v2\/product_cat?post=1110000"},{"taxonomy":"product_tag","embeddable":true,"href":"https:\/\/superon.cn\/tr\/wp-json\/wp\/v2\/product_tag?post=1110000"}],"curies":[{"name":"wp","href":"https:\/\/api.w.org\/{rel}","templated":true}]}}