{"id":1109664,"date":"2024-04-12T10:04:06","date_gmt":"2024-04-12T07:04:06","guid":{"rendered":"https:\/\/superon.cn\/catalogue\/uncategorized\/01-183\/"},"modified":"2026-03-18T04:45:50","modified_gmt":"2026-03-18T01:45:50","slug":"01-183","status":"publish","type":"product","link":"https:\/\/superon.cn\/tr\/catalogue\/01-hinges\/accessories\/01-183\/","title":{"rendered":"Mente\u015fe hareket a\u00e7\u0131s\u0131 s\u0131n\u0131rlay\u0131c\u0131"},"content":{"rendered":"","protected":false},"excerpt":{"rendered":"","protected":false},"featured_media":0,"comment_status":"open","ping_status":"closed","template":"","meta":[],"product_brand":[],"product_cat":[367993,368067],"product_tag":[],"class_list":{"0":"post-1109664","1":"product","2":"type-product","3":"status-publish","5":"product_cat-01-hinges","6":"product_cat-accessories","7":"no-featured-image-padding","8":"sales-flash-overlay","9":"woocommerce-text-align-center","10":"woocommerce-image-align-center","11":"do-quantity-buttons","13":"first","14":"instock","15":"shipping-taxable","16":"purchasable","17":"product-type-variable"},"_links":{"self":[{"href":"https:\/\/superon.cn\/tr\/wp-json\/wp\/v2\/product\/1109664","targetHints":{"allow":["GET"]}}],"collection":[{"href":"https:\/\/superon.cn\/tr\/wp-json\/wp\/v2\/product"}],"about":[{"href":"https:\/\/superon.cn\/tr\/wp-json\/wp\/v2\/types\/product"}],"replies":[{"embeddable":true,"href":"https:\/\/superon.cn\/tr\/wp-json\/wp\/v2\/comments?post=1109664"}],"wp:attachment":[{"href":"https:\/\/superon.cn\/tr\/wp-json\/wp\/v2\/media?parent=1109664"}],"wp:term":[{"taxonomy":"product_brand","embeddable":true,"href":"https:\/\/superon.cn\/tr\/wp-json\/wp\/v2\/product_brand?post=1109664"},{"taxonomy":"product_cat","embeddable":true,"href":"https:\/\/superon.cn\/tr\/wp-json\/wp\/v2\/product_cat?post=1109664"},{"taxonomy":"product_tag","embeddable":true,"href":"https:\/\/superon.cn\/tr\/wp-json\/wp\/v2\/product_tag?post=1109664"}],"curies":[{"name":"wp","href":"https:\/\/api.w.org\/{rel}","templated":true}]}}