{"id":2760,"date":"2015-04-08T03:41:43","date_gmt":"2015-04-08T00:41:43","guid":{"rendered":"http:\/\/new.superon.cn\/quotelist\/"},"modified":"2020-09-27T02:33:39","modified_gmt":"2020-09-26T23:33:39","slug":"inquiry","status":"publish","type":"page","link":"https:\/\/superon.cn\/tr\/inquiry\/","title":{"rendered":"\u00d6n Sipari\u015finiz"},"content":{"rendered":"<div class=\"woocommerce\"><p class=\"cart-empty\">Your list is currently empty.<\/p>\n<p class=\"return-to-shop\"><a class=\"button wc-backward\" href=\"https:\/\/superon.cn\/tr\/catalogue\/\">\u00dcr\u00fcn katalo\u011funa d\u00f6n<\/a><\/p><\/div>\n\n","protected":false},"excerpt":{"rendered":"","protected":false},"author":1,"featured_media":0,"parent":0,"menu_order":0,"comment_status":"closed","ping_status":"closed","template":"","meta":{"footnotes":""},"class_list":{"0":"post-2760","1":"page","2":"type-page","3":"status-publish","5":"no-featured-image-padding"},"_links":{"self":[{"href":"https:\/\/superon.cn\/tr\/wp-json\/wp\/v2\/pages\/2760","targetHints":{"allow":["GET"]}}],"collection":[{"href":"https:\/\/superon.cn\/tr\/wp-json\/wp\/v2\/pages"}],"about":[{"href":"https:\/\/superon.cn\/tr\/wp-json\/wp\/v2\/types\/page"}],"author":[{"embeddable":true,"href":"https:\/\/superon.cn\/tr\/wp-json\/wp\/v2\/users\/1"}],"replies":[{"embeddable":true,"href":"https:\/\/superon.cn\/tr\/wp-json\/wp\/v2\/comments?post=2760"}],"version-history":[{"count":0,"href":"https:\/\/superon.cn\/tr\/wp-json\/wp\/v2\/pages\/2760\/revisions"}],"wp:attachment":[{"href":"https:\/\/superon.cn\/tr\/wp-json\/wp\/v2\/media?parent=2760"}],"curies":[{"name":"wp","href":"https:\/\/api.w.org\/{rel}","templated":true}]}}