{"id":1913,"date":"2014-12-01T10:08:18","date_gmt":"2014-12-01T07:08:18","guid":{"rendered":"http:\/\/new.superon.cn\/?page_id=1913"},"modified":"2020-10-06T00:04:25","modified_gmt":"2020-10-05T21:04:25","slug":"about-us","status":"publish","type":"page","link":"https:\/\/superon.cn\/tr\/about-us\/","title":{"rendered":"Hakk\u0131m\u0131zda"},"content":{"rendered":"<div class=\"su-tabs su-tabs-style-default su-tabs-mobile-scroll\" data-active=\"1\" data-scroll-offset=\"0\" data-anchor-in-url=\"no\"><div class=\"su-tabs-nav\"><span class=\"\" data-url=\"\" data-target=\"blank\" tabindex=\"0\" role=\"button\">F\u0130RMA HAKKINDA<\/span><span class=\"\" data-url=\"\" data-target=\"blank\" tabindex=\"0\" role=\"button\">SATI\u015e KO\u015eULLARI<\/span><span class=\"\" data-url=\"\" data-target=\"blank\" tabindex=\"0\" role=\"button\">YUKLEME KO\u015eULLARI<\/span><span class=\"\" data-url=\"\" data-target=\"blank\" tabindex=\"0\" role=\"button\">KAL\u0130TE GARANT\u0130S\u0130<\/span><span class=\"\" data-url=\"\" data-target=\"blank\" tabindex=\"0\" role=\"button\">SIK\u00c7A SORULAN SORULAR<\/span><\/div><div class=\"su-tabs-panes\"><div class=\"su-tabs-pane su-u-clearfix su-u-trim\" data-title=\"F\u0130RMA HAKKINDA\">\n<p><img decoding=\"async\" class=\"alignright size-medium wp-image-31686\" src=\"https:\/\/superon.cn\/wp-content\/uploads\/2015\/08\/inteerzum-2015-7-300x225.jpg\" alt=\"inteerzum-2015-7\" width=\"300\" height=\"225\" srcset=\"https:\/\/superon.cn\/wp-content\/uploads\/2015\/08\/inteerzum-2015-7-300x225.jpg 300w, https:\/\/superon.cn\/wp-content\/uploads\/2015\/08\/inteerzum-2015-7.jpg 600w\" sizes=\"(max-width: 300px) 100vw, 300px\" \/><\/p>\n<p>\u201cSuperon\u201d \u015firketimiz mobilya aksesuarlar\u0131, mobilya tamamlay\u0131c\u0131 \u00fcr\u00fcnleri ve ba\u011flant\u0131 \u00fcr\u00fcnleri ihracat\u00e7\u0131s\u0131d\u0131r. 2002 seneden beri sadece mobilya aksesuarlar\u0131 \u00fczerinde uzla\u015fmaktad\u0131r. Ofisimiz \u00c7in, Guangzhou \u015fehrindedir.<\/p>\n<p>\u00c7in\u2019de denetimimiz alt\u0131nda \u00fcretilen mobilya aksesuarlar\u0131 ihra\u00e7 etmekteyiz. Geni\u015f \u00fcr\u00fcn yelpazesini \u201cKatalog\u201d b\u00f6l\u00fcm\u00fcnde bak\u0131p, ilgilendi\u011finiz \u00e7e\u015fitleri t\u0131klay\u0131p bize f\u0131yatland\u0131rmas\u0131 i\u00e7in sayfam\u0131zdan kolayca liste olarak g\u00f6nderebilirsiniz.<\/p>\n<p>\u00c7al\u0131\u015ft\u0131\u011f\u0131m\u0131z \u00fcz\u00fcn s\u00fcre i\u00e7erisinde yeni fikirlerin ger\u00e7ekle\u015ftirmesi ve yeni \u00fcr\u00fcnleri yapt\u0131rmas\u0131n\u0131n tecr\u00fcbesini elde ettik. Sizden elle \u00e7izilmi\u015f basit bir resim ve a\u00e7\u0131klamas\u0131 \u00fc\u00e7 boyutlu \u00e7izimi yapmam\u0131z ve fiyat tespit etmemiz i\u00e7in yeterlidir.<\/p>\n<p>En \u00f6nemli \u00f6zelli\u011fimiz ise i\u015fimizi gerekli dikkati ve sorumlulu\u011fumuz ile yapmam\u0131zd\u0131r.<\/p>\n<p>Kaliteli mallar\u0131 se\u00e7ebilmek, farkl\u0131 \u00fcreticilerin \u00fcr\u00fcnleri k\u0131yas edebilmek ve kalitesini takip etmek i\u00e7in \u015firket b\u00fcnyesinde test departman\u0131 kurduk.<\/p>\n<p>Mallar\u0131 konteynere sorumlu eleman\u0131m\u0131z\u0131n denetimi alt\u0131nda kendi depomuzda y\u00fckl\u00fcyoruz. Size kar\u0131\u015f\u0131k konteynerin y\u00fckleme ve sonraki y\u00fcklemeye kadar k\u0131sa vadeli mallar\u0131n\u0131z\u0131 depomuzda saklama imkan\u0131 tan\u0131yabiliriz. Tek bir konteynerde \u00e7e\u015fitli mallar\u0131 y\u00fckledi\u011finizde de hem para d\u00f6n\u00fc\u015f\u00fc h\u0131zland\u0131rabilirsiniz, hem de deponuzda y\u00fckl\u00fc mal sto\u011fu tutma zorunlulu\u011fu ortadan kalkar.<\/p>\n<p>Ba\u015fka bir \u00f6zelli\u011fimiz ise, bizimle T\u00fcrk dilinde konu\u015fabilir, \u00e7al\u0131\u015fabilirsiniz. B\u00fct\u00fcn detaylar\u0131 ve sorular\u0131 T\u00fcrk\u00e7e g\u00f6r\u00fc\u015febiliriz. Yan\u0131 \u00c7in\u2019li \u015firketlerle \u00e7al\u0131st\u0131\u011f\u0131n\u0131zda en \u00f6nemli dil ve anlay\u0131\u015f sorunu ortadan kald\u0131rd\u0131k. Bu da bizim ve sizin \u00e7al\u0131\u015fmalar\u0131n\u0131za h\u0131z ve netlik getirece\u011fine \u0131nan\u0131yoruz.<\/p>\n<p>Hay\u0131rl\u0131 i\u015fler dileriz.<\/p>\n<\/div>\n<div class=\"su-tabs-pane su-u-clearfix su-u-trim\" data-title=\"SATI\u015e KO\u015eULLARI\">\n<p>Bizim asgari sipari\u015f tutar\u0131 yoktur. \u00c7e\u015fit say\u0131s\u0131 ko\u015fulu da yoktur. Yani siz sadece gerekti\u011fi kadar mal alabilirsiniz. Bununla beraber, sipari\u015finiz 10,000 amer\u0131kan dolar\u0131 alt\u0131nda oldu\u011funda ihracat masraflar\u0131n bir k\u0131sm\u0131n\u0131 kar\u015f\u0131la\u015fman\u0131z\u0131 talep edebiliriz.<\/p>\n<p>Baz\u0131 \u00e7e\u015fitllerde asgari sipari\u015f miktar\u0131 ko\u015f\u0131lu olabilir ancak bunu sizi rahats\u0131z etmeyecek kadar anla\u015farak halletmeye \u00e7al\u0131\u015faca\u011f\u0131z.<\/p>\n<p>\u0130steklerinize g\u00f6re ambalaj veya \u00fcr\u00fcn \u00fczerinde markan\u0131z bas\u0131labilir. Ayr\u0131ca koliler \u00fczerinde yaz\u0131lar\u0131 T\u00fcrk\u00e7e olabilir. B\u00fct\u00fcn bu isteklerinizi sipari\u015f vermeden \u00f6nce g\u00f6r\u00fc\u015f\u00fcl\u00fcr c\u00fcnk\u00fc genellikle asgari miktar istenilir.<\/p>\n<p>\u00d6deme ko\u015fullar\u0131, 20% \u00f6n\u00f6deme yap\u0131l\u0131r ve 80% y\u00fcklemeden \u00f6nce havale edilir.<\/p>\n<\/div>\n<div class=\"su-tabs-pane su-u-clearfix su-u-trim\" data-title=\"YUKLEME KO\u015eULLARI\">\n<p>Fiyatlar FOB baz\u0131nda verilir, yani mallar\u0131n gemi g\u00fcvertesine kadar y\u00fcklemesi ve \u00c7in\u2019deki g\u00fcmr\u00fcklemesini dahil ederler. Y\u00fckleme liman\u0131, fiyat teklifimizde belirtmektedir.<\/p>\n<p>\u0130hracat evraklar\u0131 (fatura, \u00e7eki listesi, kon\u015fimento ve men\u015feyi sehadetnamesinde) bizim \u015firketimiz taraf\u0131ndan haz\u0131rlanmaktad\u0131r. Di\u011fer evraklar gerekecek ise, \u00f6nceden belirtmeniz lazim.<\/p>\n<\/div>\n<div class=\"su-tabs-pane su-u-clearfix su-u-trim\" data-title=\"KAL\u0130TE GARANT\u0130S\u0130\">\n<p>\u015eirket b\u00fcnyesinde bulunan kalite denetimi elemanlar\u0131 s\u00fcrekli uretim esnas\u0131nda ve\/veya y\u00fckleme \u00f6ncesinde mallar\u0131 denetlemektedir. B\u00f6ylece mallar\u0131n kalitesinin sizin onaylad\u0131\u011f\u0131n\u0131z n\u00fcm\u00fcnelerin kalitesi ile ayn\u0131 seviyesinde olaca\u011f\u0131n\u0131 garanti edebiliriz.<\/p>\n<p>Buna ek olarak \u00fcreticileri se\u00e7erken \u00fcr\u00fcnleri lisansl\u0131 test etme \u015firketlerde (SGS gibi) veya kendi test departman\u0131m\u0131zda denetliyoruz. Bunun amac\u0131, daha iyi \u00fcr\u00fcnleri ve daha g\u00fcvenilir \u00fcreticileri se\u00e7mektir.<\/p>\n<p>Denetim esnas\u0131nda herhangi bir sorun tespit etti\u011fimizde mal\u0131 y\u00fcklemeden \u00f6nce m\u00fc\u015fteriye bildiriyoruz ve g\u00f6r\u00fc\u015ferek \u00e7\u00f6z\u00fcm\u00fcn\u00fc ar\u0131yoruz.<\/p>\n<\/div>\n<div class=\"su-tabs-pane su-u-clearfix su-u-trim\" data-title=\"SIK\u00c7A SORULAN SORULAR\">\r\n\r\n    \r\n    <ul class=\"filters faq\">\r\n         <li class=\"all\"><a href=\"#all\" data-option-value=\"*\" class=\"all active\"><div class=\"prepend\"><\/div>All Categories<\/a><\/li>\r\n         <li><a href=\"#delievery-faq\" data-option-value=\".delievery-faq\">Teslimat<\/a><\/li><li><a href=\"#general-faq\" data-option-value=\".general-faq\">Genel sorular<\/a><\/li><li><a href=\"#prices-faq\" data-option-value=\".prices-faq\">Fiyatlar<\/a><\/li>    <\/ul>\r\n\r\n\r\n    <div class=\"faq-filters-container\">\r\n        <div class=\"faq-filters group\">\r\n            <p><\/p>\r\n            <select id=\"faq-filters-select\">\r\n                <option value=\"*\">All Categories<\/option>\r\n                                    <option value=\".delievery-faq\">Teslimat<\/option>\r\n                                    <option value=\".general-faq\">Genel sorular<\/option>\r\n                                    <option value=\".prices-faq\">Fiyatlar<\/option>\r\n                            <\/select>\r\n        <\/div>\r\n    <\/div>\r\n\r\n\r\n<div id=\"faqs-container\">\r\n    \r\n        <div class=\"faq-wrapper all general-faq \">\r\n            <div class=\"faq-title\">\r\n                <div class=\"plus\"><\/div>\r\n                <h4>Sizin T\u00fcrkiye\u2019de veya ba\u015fka bir \u00fclkede \u015fubeniz veya temsilciniz var m\u0131?<\/h4>\r\n            <\/div>\r\n            <div class=\"faq-item\">\r\n                <div class=\"faq-item-content\">\r\n                    <p>Hay\u0131r, sizinle direk olarak \u00e7al\u0131\u015fmak istiyoruz. Temsilcilik veya \u015fubelik anla\u015fmalar\u0131 yapm\u0131yoruz.<\/p>\n                <\/div>\r\n            <\/div>\r\n        <\/div>\r\n\r\n    \r\n        <div class=\"faq-wrapper all delievery-faq \">\r\n            <div class=\"faq-title\">\r\n                <div class=\"plus\"><\/div>\r\n                <h4>\u00dclkemize kadar navlun ve g\u00fcmr\u00fckleme masraflari ne kadar olur?<\/h4>\r\n            <\/div>\r\n            <div class=\"faq-item\">\r\n                <div class=\"faq-item-content\">\r\n                    <p>Fiyatlar FOB baz\u0131nda verilir, yani mallar\u0131n gemi g\u00fcvertesine kadar y\u00fcklemesi ve \u00c7in\u2019deki g\u00fcmr\u00fcklemesini dahil ederler. \u015eirketimiz deniz navlunu ve var\u0131\u015f \u00fclkesinde g\u00fcmr\u00fckleme ile u\u011fra\u015fm\u0131yoruz. Bunu masraflar\u0131 yerli g\u00fcmr\u00fckleme ve denizcilik \u015firketlerinden daha kolay \u00f6\u011frenirsiniz.<\/p>\n                <\/div>\r\n            <\/div>\r\n        <\/div>\r\n\r\n    \r\n        <div class=\"faq-wrapper all delievery-faq \">\r\n            <div class=\"faq-title\">\r\n                <div class=\"plus\"><\/div>\r\n                <h4>Bir konteynerlik sipari\u015f takriben ne kadar tutar?<\/h4>\r\n            <\/div>\r\n            <div class=\"faq-item\">\r\n                <div class=\"faq-item-content\">\r\n                    <p>\u0130\u00e7erdi\u011fi mallara g\u00f6re \u00e7ok de\u011fi\u015fir, genel olarak ise 25,000\u2019den 60,000 amerikan dolar\u0131na kadar, ve \u00fcst\u00fc.<\/p>\n                <\/div>\r\n            <\/div>\r\n        <\/div>\r\n\r\n    \r\n        <div class=\"faq-wrapper all general-faq \">\r\n            <div class=\"faq-title\">\r\n                <div class=\"plus\"><\/div>\r\n                <h4>Bir konteynerden daha az miktarda sipari\u015f verebilir miyiz?<\/h4>\r\n            <\/div>\r\n            <div class=\"faq-item\">\r\n                <div class=\"faq-item-content\">\r\n                    <p>Evet, istedi\u011finiz gibi sipari\u015f verebilirsiniz. Yaln\u0131z sipari\u015f tutar\u0131 10,000 dolar alt\u0131nda oldu\u011funda ihracat masraflar\u0131n\u0131n bir k\u0131sm\u0131 kar\u015f\u0131la\u015fman\u0131z\u0131 isteyebiliriz.<\/p>\n                <\/div>\r\n            <\/div>\r\n        <\/div>\r\n\r\n    \r\n        <div class=\"faq-wrapper all general-faq \">\r\n            <div class=\"faq-title\">\r\n                <div class=\"plus\"><\/div>\r\n                <h4>Bize n\u00fcm\u00fcneleri g\u00f6nderebilir misiniz?<\/h4>\r\n            <\/div>\r\n            <div class=\"faq-item\">\r\n                <div class=\"faq-item-content\">\r\n                    <p>Evet, sipari\u015fi olu\u015fturduktan ve fiyatlar\u0131m\u0131z\u0131 teyid ett\u0131\u011f\u0131n\u0131zden sonra ama \u00f6n\u00f6demeyi havale etmeden \u00f6nce, kalite\u00a0denetimi\u00a0i\u00e7in istedi\u011finiz numuneleri size g\u00f6nderebiliriz.<\/p>\n                <\/div>\r\n            <\/div>\r\n        <\/div>\r\n\r\n    \r\n        <div class=\"faq-wrapper all general-faq \">\r\n            <div class=\"faq-title\">\r\n                <div class=\"plus\"><\/div>\r\n                <h4>Sitenizde olmayan \u00e7e\u015fitleri bizim i\u00e7in bulabilir misiniz?<\/h4>\r\n            <\/div>\r\n            <div class=\"faq-item\">\r\n                <div class=\"faq-item-content\">\r\n                    <p>E\u011fer arad\u0131\u011f\u0131n\u0131z \u00e7e\u015fitler mobilya aksesuarlar\u0131 veya ba\u011flant\u0131 elemanlar\u0131 ise, sizin i\u00e7in yeni \u00fcr\u00fcnleri arayabiliriz. Bunun i\u00e7in bize sadece \u00fcr\u00fcn\u00fcn resmi veya \u00e7izimi g\u00f6ndermeniz yeterli olur.<\/p>\n                <\/div>\r\n            <\/div>\r\n        <\/div>\r\n\r\n    \r\n        <div class=\"faq-wrapper all general-faq \">\r\n            <div class=\"faq-title\">\r\n                <div class=\"plus\"><\/div>\r\n                <h4>\u00dcretim s\u00fcreleri ne kadard\u0131r?<\/h4>\r\n            <\/div>\r\n            <div class=\"faq-item\">\r\n                <div class=\"faq-item-content\">\r\n                    <p>Yakla\u015f\u0131k olarak 25-30 g\u00fcnd\u00fcr. \u00dcretim s\u00fcresi farkl\u0131 d\u00f6nemlerde fabrikalar\u0131n \u00fcretim kapasitesinin dolum oran\u0131na g\u00f6re de\u011fi\u015fir. Ama sipari\u015f verdi\u011fi zaman size \u00f6ng\u00f6r\u00fclen haz\u0131rlama tarihini bildirebilirsiniz.<\/p>\n                <\/div>\r\n            <\/div>\r\n        <\/div>\r\n\r\n    \r\n        <div class=\"faq-wrapper all prices-faq \">\r\n            <div class=\"faq-title\">\r\n                <div class=\"plus\"><\/div>\r\n                <h4>\u00dcr\u00fcnlerinizin tamam\u0131n\u0131 i\u00e7eren fiyat listenizi g\u00f6nderebilir misiniz?<\/h4>\r\n            <\/div>\r\n            <div class=\"faq-item\">\r\n                <div class=\"faq-item-content\">\r\n                    <p>Tam fiyat listesi haz\u0131rlam\u0131yoruz, \u00e7\u00fcnk\u00fc \u00fcr\u00fcn say\u0131s\u0131 fazla ve fiyatlar s\u00fcrekli hammade ve di\u011fer maliyetlerden dolay\u0131 de\u011fi\u015fmektedir. Ayr\u0131ca bizim s\u00fcrekli fiyat yenilememiz sizi piyasan\u0131n fiyatlar\u0131ndan haberdar etmektedir.er.<\/p>\n                <\/div>\r\n            <\/div>\r\n        <\/div>\r\n\r\n    \r\n        <div class=\"faq-wrapper all prices-faq \">\r\n            <div class=\"faq-title\">\r\n                <div class=\"plus\"><\/div>\r\n                <h4>Fiyatlar\u0131n\u0131z\u0131 nas\u0131l \u00f6\u011frenebiliriz?<\/h4>\r\n            <\/div>\r\n            <div class=\"faq-item\">\r\n                <div class=\"faq-item-content\">\r\n                    <p>Bunun i\u00e7in sitemizden bize listeyi g\u00f6ndermeniz yeterlidir.<\/p>\n<p>Her \u00e7e\u015fidinin yan\u0131nda bulunan \u2018sepete ekle\u2019 d\u00fc\u011fmesine basarak ilgilendi\u011finiz \u00fcr\u00fcnlerin listesini olu\u015fturursunuz. Ondan sonra \u00fcst taraf\u0131nda yer alan \u2018\u00f6n sipari\u015fi g\u00f6nder\u2019 d\u00fc\u011fmesine bas\u0131p ve irtibat bilgileri girerek olu\u015fturmu\u015f oldu\u011funuz listeyi bize ula\u015ft\u0131rabilirsiniz. Sizin listenizi al\u0131nca T\u00fcrk\u00e7eyi bilen sat\u0131\u015f sorumlusu sizinle irtibata ge\u00e7er, ve listenizin \u00fczerinde g\u00f6r\u00fc\u015f\u00fcp 2-3 g\u00fcn i\u00e7erisinde size fiyatlar\u0131 bildirecek.<\/p>\n                <\/div>\r\n            <\/div>\r\n        <\/div>\r\n\r\n    \r\n        <div class=\"faq-wrapper all general-faq \">\r\n            <div class=\"faq-title\">\r\n                <div class=\"plus\"><\/div>\r\n                <h4>Sizinle hangi saatlerde irtibat kurabiliriz?<\/h4>\r\n            <\/div>\r\n            <div class=\"faq-item\">\r\n                <div class=\"faq-item-content\">\r\n                    <p>\u00c7in\u2019in T\u00fcrkiye ile aras\u0131nda yaz\u0131n 5 saat, k\u0131\u015f\u0131n 6 saat fark\u0131 var. En uygun zaman\u0131 T\u00fcrkiye saati ile sabahleyin g\u00f6r\u00fc\u015fmektir. Saat fark\u0131ndan dolay\u0131 bazen emaillere ertesi g\u00fcn cevap verebiliriz.<\/p>\n                <\/div>\r\n            <\/div>\r\n        <\/div>\r\n\r\n    <\/div><\/div><\/div><\/div>","protected":false},"excerpt":{"rendered":"","protected":false},"author":2,"featured_media":0,"parent":0,"menu_order":0,"comment_status":"closed","ping_status":"closed","template":"","meta":{"footnotes":""},"class_list":["post-1913","page","type-page","status-publish","hentry","no-featured-image-padding"],"_links":{"self":[{"href":"https:\/\/superon.cn\/tr\/wp-json\/wp\/v2\/pages\/1913","targetHints":{"allow":["GET"]}}],"collection":[{"href":"https:\/\/superon.cn\/tr\/wp-json\/wp\/v2\/pages"}],"about":[{"href":"https:\/\/superon.cn\/tr\/wp-json\/wp\/v2\/types\/page"}],"author":[{"embeddable":true,"href":"https:\/\/superon.cn\/tr\/wp-json\/wp\/v2\/users\/2"}],"replies":[{"embeddable":true,"href":"https:\/\/superon.cn\/tr\/wp-json\/wp\/v2\/comments?post=1913"}],"version-history":[{"count":0,"href":"https:\/\/superon.cn\/tr\/wp-json\/wp\/v2\/pages\/1913\/revisions"}],"wp:attachment":[{"href":"https:\/\/superon.cn\/tr\/wp-json\/wp\/v2\/media?parent=1913"}],"curies":[{"name":"wp","href":"https:\/\/api.w.org\/{rel}","templated":true}]}}