{"id":1677,"date":"2014-11-28T14:55:59","date_gmt":"2014-11-28T11:55:59","guid":{"rendered":"http:\/\/new.superon.cn\/?page_id=1677"},"modified":"2020-10-10T23:48:18","modified_gmt":"2020-10-10T20:48:18","slug":"homepage","status":"publish","type":"page","link":"https:\/\/superon.cn\/tr\/","title":{"rendered":"Ana Sayfa"},"content":{"rendered":"<!-- START Slider 1 REVOLUTION SLIDER 6.2.23 --><p class=\"rs-p-wp-fix\"><\/p>\n\t\t\t<rs-module-wrap id=\"rev_slider_1_3_wrapper\" data-source=\"post\" style=\"background:transparent;padding:0;margin:0px auto;margin-top:0;margin-bottom:30px;\">\n\t\t\t\t<rs-module id=\"rev_slider_1_3\" style=\"\" data-version=\"6.2.23\">\n\t\t\t\t\t<rs-slides>\n\t\t\t\t\t\t<rs-slide data-key=\"rs-335201\" data-title=\"Gazl\u0131 amortis\u00f6r\" data-thumb=\"\/\/superon.cn\/wp-content\/uploads\/2020\/10\/01-091-1-50x100.jpg\" data-anim=\"ei:d;eo:d;s:500;r:0;t:fade;sl:0;\">\n\t\t\t\t\t\t\t<img decoding=\"async\" src=\"\/\/superon.cn\/wp-content\/uploads\/2020\/10\/01-091-1.jpg\" title=\"01-091\" width=\"1201\" height=\"501\" class=\"rev-slidebg\" data-no-retina>\n<!--\n\t\t\t\t\t\t\t--><rs-layer\n\t\t\t\t\t\t\t\tid=\"slider-1-slide-335201-layer-0\" \n\t\t\t\t\t\t\t\tdata-type=\"text\"\n\t\t\t\t\t\t\t\tdata-color=\"#fff\"\n\t\t\t\t\t\t\t\tdata-rsp_ch=\"on\"\n\t\t\t\t\t\t\t\tdata-xy=\"xo:45px,45px,45px,26px;y:t,t,t,b;yo:365px,365px,365px,42px;\"\n\t\t\t\t\t\t\t\tdata-text=\"w:normal;s:30,30,30,20;l:60,60,60,23;ls:-1,-1,-1,0;fw:500;\"\n\t\t\t\t\t\t\t\tdata-dim=\"w:423px,423px,423px,412px;minh:0,0,0,none;\"\n\t\t\t\t\t\t\t\tdata-frame_1=\"sp:500;\"\n\t\t\t\t\t\t\t\tdata-frame_999=\"o:0;st:w;sR:8500;\"\n\t\t\t\t\t\t\t\tstyle=\"z-index:9;font-family:Poppins;text-transform:uppercase;\"\n\t\t\t\t\t\t\t>Gazl\u0131 amortis\u00f6r \n\t\t\t\t\t\t\t<\/rs-layer><!--\n\n\t\t\t\t\t\t\t--><rs-layer\n\t\t\t\t\t\t\t\tid=\"slider-1-slide-335201-layer-1\" \n\t\t\t\t\t\t\t\tdata-type=\"text\"\n\t\t\t\t\t\t\t\tdata-color=\"#fff\"\n\t\t\t\t\t\t\t\tdata-rsp_ch=\"on\"\n\t\t\t\t\t\t\t\tdata-xy=\"xo:46px,46px,46px,27px;y:b;yo:7px,7px,7px,9px;\"\n\t\t\t\t\t\t\t\tdata-text=\"w:normal;s:14,14,14,12;l:24,24,24,9;ls:1,1,1,0;\"\n\t\t\t\t\t\t\t\tdata-dim=\"w:500px,500px,500px,264px;h:76px,76px,76px,29px;minh:0px,0px,0px,none;\"\n\t\t\t\t\t\t\t\tdata-frame_1=\"sp:500;\"\n\t\t\t\t\t\t\t\tdata-frame_999=\"o:0;st:w;sR:8500;\"\n\t\t\t\t\t\t\t\tstyle=\"z-index:10;font-family:Roboto;\"\n\t\t\t\t\t\t\t>teyit edilmi\u015f 100.000 kez a\u00e7-kapat \n\t\t\t\t\t\t\t<\/rs-layer><!--\n\n\t\t\t\t\t\t\t--><rs-layer\n\t\t\t\t\t\t\t\tid=\"slider-1-slide-335201-layer-2\" \n\t\t\t\t\t\t\t\tdata-type=\"shape\"\n\t\t\t\t\t\t\t\tdata-rsp_ch=\"on\"\n\t\t\t\t\t\t\t\tdata-xy=\"xo:-72px,-72px,-72px,-43px;y:t,t,t,b;yo:360px,360px,360px,0;\"\n\t\t\t\t\t\t\t\tdata-text=\"w:normal;s:20,20,20,7;l:0,0,0,9;\"\n\t\t\t\t\t\t\t\tdata-dim=\"w:1353px,1353px,1353px,540px;h:143px,143px,143px,74px;\"\n\t\t\t\t\t\t\t\tdata-frame_1=\"sp:500;\"\n\t\t\t\t\t\t\t\tdata-frame_999=\"o:0;st:w;sR:8500;\"\n\t\t\t\t\t\t\t\tstyle=\"z-index:8;background-color:rgba(0,0,0,0.5);\"\n\t\t\t\t\t\t\t> \n\t\t\t\t\t\t\t<\/rs-layer><!--\n\n\t\t\t\t\t\t\t--><a\n\t\t\t\t\t\t\t\tid=\"slider-1-slide-335201-layer-4\" \n\t\t\t\t\t\t\t\tclass=\"rs-layer rev-btn\"\n\t\t\t\t\t\t\t\thref=\"\" target=\"_self\" rel=\"nofollow\"\n\t\t\t\t\t\t\t\tdata-type=\"button\"\n\t\t\t\t\t\t\t\tdata-bsh=\"c:rgba(0,0,0,0.25);v:10px,10px,10px,3px;b:20px,20px,20px,7px;\"\n\t\t\t\t\t\t\t\tdata-rsp_ch=\"on\"\n\t\t\t\t\t\t\t\tdata-xy=\"x:r;xo:47px,47px,47px,18px;y:b;yo:42px,42px,42px,16px;\"\n\t\t\t\t\t\t\t\tdata-text=\"w:normal;s:15,15,15,11;l:50,50,50,19;fw:500;a:center;\"\n\t\t\t\t\t\t\t\tdata-dim=\"w:210px,210px,210px,150px;h:50px,50px,50px,20px;minh:0px,0px,0px,none;\"\n\t\t\t\t\t\t\t\tdata-padding=\"r:40,40,40,16;l:40,40,40,16;\"\n\t\t\t\t\t\t\t\tdata-border=\"bor:5px,5px,5px,5px;\"\n\t\t\t\t\t\t\t\tdata-frame_1=\"sp:500;\"\n\t\t\t\t\t\t\t\tdata-frame_999=\"o:0;st:w;sR:8500;\"\n\t\t\t\t\t\t\t\tdata-frame_hover=\"bgc:#007aff;bor:5px,5px,5px,5px;e:power1.inOut;bri:120%;\"\n\t\t\t\t\t\t\t\tstyle=\"z-index:11;background:linear-gradient(rgba(122,53,136,1) 0%, rgba(93,35,105,1) 50%, rgba(122,53,136,1) 100%);font-family:Roboto;\"\n\t\t\t\t\t\t\t>Detaylar >> \n\t\t\t\t\t\t\t<\/a><!--\n-->\t\t\t\t\t\t<\/rs-slide>\n\t\t\t\t\t\t<rs-slide data-key=\"rs-335199\" data-title=\"tekerlekler\" data-thumb=\"\/\/superon.cn\/wp-content\/uploads\/2020\/10\/04-xxx-50x100.jpg\" data-anim=\"ei:d;eo:d;s:500;r:0;t:fade;sl:0;\">\n\t\t\t\t\t\t\t<img decoding=\"async\" src=\"\/\/superon.cn\/wp-content\/uploads\/2020\/10\/04-xxx.jpg\" title=\"04-xxx\" width=\"1202\" height=\"502\" class=\"rev-slidebg\" data-no-retina>\n<!--\n\t\t\t\t\t\t\t--><rs-layer\n\t\t\t\t\t\t\t\tid=\"slider-1-slide-335199-layer-0\" \n\t\t\t\t\t\t\t\tdata-type=\"text\"\n\t\t\t\t\t\t\t\tdata-color=\"#fff\"\n\t\t\t\t\t\t\t\tdata-rsp_ch=\"on\"\n\t\t\t\t\t\t\t\tdata-xy=\"xo:45px,45px,45px,26px;y:t,t,t,b;yo:365px,365px,365px,42px;\"\n\t\t\t\t\t\t\t\tdata-text=\"w:normal;s:30,30,30,20;l:60,60,60,23;ls:-1,-1,-1,0;fw:500;\"\n\t\t\t\t\t\t\t\tdata-dim=\"w:423px,423px,423px,412px;minh:0,0,0,none;\"\n\t\t\t\t\t\t\t\tdata-frame_1=\"sp:500;\"\n\t\t\t\t\t\t\t\tdata-frame_999=\"o:0;st:w;sR:8500;\"\n\t\t\t\t\t\t\t\tstyle=\"z-index:9;font-family:Poppins;text-transform:uppercase;\"\n\t\t\t\t\t\t\t>tekerlekler \n\t\t\t\t\t\t\t<\/rs-layer><!--\n\n\t\t\t\t\t\t\t--><rs-layer\n\t\t\t\t\t\t\t\tid=\"slider-1-slide-335199-layer-1\" \n\t\t\t\t\t\t\t\tdata-type=\"text\"\n\t\t\t\t\t\t\t\tdata-color=\"#fff\"\n\t\t\t\t\t\t\t\tdata-rsp_ch=\"on\"\n\t\t\t\t\t\t\t\tdata-xy=\"xo:46px,46px,46px,27px;y:b;yo:7px,7px,7px,9px;\"\n\t\t\t\t\t\t\t\tdata-text=\"w:normal;s:14,14,14,12;l:24,24,24,9;ls:1,1,1,0;\"\n\t\t\t\t\t\t\t\tdata-dim=\"w:500px,500px,500px,264px;h:76px,76px,76px,29px;minh:0px,0px,0px,none;\"\n\t\t\t\t\t\t\t\tdata-frame_1=\"sp:500;\"\n\t\t\t\t\t\t\t\tdata-frame_999=\"o:0;st:w;sR:8500;\"\n\t\t\t\t\t\t\t\tstyle=\"z-index:10;font-family:Roboto;\"\n\t\t\t\t\t\t\t>dayan\u0131kl\u0131, kokusuz<br \/>\r\nizleri b\u0131rakmaz \n\t\t\t\t\t\t\t<\/rs-layer><!--\n\n\t\t\t\t\t\t\t--><rs-layer\n\t\t\t\t\t\t\t\tid=\"slider-1-slide-335199-layer-2\" \n\t\t\t\t\t\t\t\tdata-type=\"shape\"\n\t\t\t\t\t\t\t\tdata-rsp_ch=\"on\"\n\t\t\t\t\t\t\t\tdata-xy=\"xo:-72px,-72px,-72px,-43px;y:t,t,t,b;yo:360px,360px,360px,0;\"\n\t\t\t\t\t\t\t\tdata-text=\"w:normal;s:20,20,20,7;l:0,0,0,9;\"\n\t\t\t\t\t\t\t\tdata-dim=\"w:1353px,1353px,1353px,540px;h:143px,143px,143px,74px;\"\n\t\t\t\t\t\t\t\tdata-frame_1=\"sp:500;\"\n\t\t\t\t\t\t\t\tdata-frame_999=\"o:0;st:w;sR:8500;\"\n\t\t\t\t\t\t\t\tstyle=\"z-index:8;background-color:rgba(0,0,0,0.5);\"\n\t\t\t\t\t\t\t> \n\t\t\t\t\t\t\t<\/rs-layer><!--\n\n\t\t\t\t\t\t\t--><a\n\t\t\t\t\t\t\t\tid=\"slider-1-slide-335199-layer-4\" \n\t\t\t\t\t\t\t\tclass=\"rs-layer rev-btn\"\n\t\t\t\t\t\t\t\thref=\"\" target=\"_self\" rel=\"nofollow\"\n\t\t\t\t\t\t\t\tdata-type=\"button\"\n\t\t\t\t\t\t\t\tdata-bsh=\"c:rgba(0,0,0,0.25);v:10px,10px,10px,3px;b:20px,20px,20px,7px;\"\n\t\t\t\t\t\t\t\tdata-rsp_ch=\"on\"\n\t\t\t\t\t\t\t\tdata-xy=\"x:r;xo:47px,47px,47px,18px;y:b;yo:42px,42px,42px,16px;\"\n\t\t\t\t\t\t\t\tdata-text=\"w:normal;s:15,15,15,11;l:50,50,50,19;fw:500;a:center;\"\n\t\t\t\t\t\t\t\tdata-dim=\"w:210px,210px,210px,150px;h:50px,50px,50px,20px;minh:0px,0px,0px,none;\"\n\t\t\t\t\t\t\t\tdata-padding=\"r:40,40,40,16;l:40,40,40,16;\"\n\t\t\t\t\t\t\t\tdata-border=\"bor:5px,5px,5px,5px;\"\n\t\t\t\t\t\t\t\tdata-frame_1=\"sp:500;\"\n\t\t\t\t\t\t\t\tdata-frame_999=\"o:0;st:w;sR:8500;\"\n\t\t\t\t\t\t\t\tdata-frame_hover=\"bgc:#007aff;bor:5px,5px,5px,5px;e:power1.inOut;bri:120%;\"\n\t\t\t\t\t\t\t\tstyle=\"z-index:11;background:linear-gradient(rgba(122,53,136,1) 0%, rgba(93,35,105,1) 50%, rgba(122,53,136,1) 100%);font-family:Roboto;\"\n\t\t\t\t\t\t\t>Detaylar >> \n\t\t\t\t\t\t\t<\/a><!--\n-->\t\t\t\t\t\t<\/rs-slide>\n\t\t\t\t\t\t<rs-slide data-key=\"rs-335194\" data-title=\"01-036\" data-thumb=\"\/\/superon.cn\/wp-content\/uploads\/2020\/10\/01-036-50x100.jpg\" data-anim=\"ei:d;eo:d;s:500;r:0;t:fade;sl:0;\">\n\t\t\t\t\t\t\t<img decoding=\"async\" src=\"\/\/superon.cn\/wp-content\/uploads\/2020\/10\/01-036.jpg\" title=\"01-036\" width=\"1201\" height=\"501\" class=\"rev-slidebg\" data-no-retina>\n<!--\n\t\t\t\t\t\t\t--><rs-layer\n\t\t\t\t\t\t\t\tid=\"slider-1-slide-335194-layer-0\" \n\t\t\t\t\t\t\t\tdata-type=\"text\"\n\t\t\t\t\t\t\t\tdata-color=\"#fff\"\n\t\t\t\t\t\t\t\tdata-rsp_ch=\"on\"\n\t\t\t\t\t\t\t\tdata-xy=\"xo:45px,45px,45px,26px;y:t,t,t,b;yo:365px,365px,365px,42px;\"\n\t\t\t\t\t\t\t\tdata-text=\"w:normal;s:30,30,30,20;l:60,60,60,23;ls:-1,-1,-1,0;fw:500;\"\n\t\t\t\t\t\t\t\tdata-dim=\"w:423px,423px,423px,412px;minh:0,0,0,none;\"\n\t\t\t\t\t\t\t\tdata-frame_1=\"sp:500;\"\n\t\t\t\t\t\t\t\tdata-frame_999=\"o:0;st:w;sR:8500;\"\n\t\t\t\t\t\t\t\tstyle=\"z-index:9;font-family:Poppins;text-transform:uppercase;\"\n\t\t\t\t\t\t\t>01-036 \n\t\t\t\t\t\t\t<\/rs-layer><!--\n\n\t\t\t\t\t\t\t--><rs-layer\n\t\t\t\t\t\t\t\tid=\"slider-1-slide-335194-layer-1\" \n\t\t\t\t\t\t\t\tdata-type=\"text\"\n\t\t\t\t\t\t\t\tdata-color=\"#fff\"\n\t\t\t\t\t\t\t\tdata-rsp_ch=\"on\"\n\t\t\t\t\t\t\t\tdata-xy=\"xo:46px,46px,46px,27px;y:b;yo:7px,7px,7px,9px;\"\n\t\t\t\t\t\t\t\tdata-text=\"w:normal;s:14,14,14,12;l:24,24,24,9;ls:1,1,1,0;\"\n\t\t\t\t\t\t\t\tdata-dim=\"w:500px,500px,500px,264px;h:76px,76px,76px,29px;minh:0px,0px,0px,none;\"\n\t\t\t\t\t\t\t\tdata-frame_1=\"sp:500;\"\n\t\t\t\t\t\t\t\tdata-frame_999=\"o:0;st:w;sR:8500;\"\n\t\t\t\t\t\t\t\tstyle=\"z-index:10;font-family:Roboto;\"\n\t\t\t\t\t\t\t>frenli mente\u015fe<br \/>\r\nen az 100.000 kez a\u00e7\u0131l\u0131p kapan\u0131r \n\t\t\t\t\t\t\t<\/rs-layer><!--\n\n\t\t\t\t\t\t\t--><rs-layer\n\t\t\t\t\t\t\t\tid=\"slider-1-slide-335194-layer-2\" \n\t\t\t\t\t\t\t\tdata-type=\"shape\"\n\t\t\t\t\t\t\t\tdata-rsp_ch=\"on\"\n\t\t\t\t\t\t\t\tdata-xy=\"xo:-72px,-72px,-72px,-43px;y:t,t,t,b;yo:360px,360px,360px,0;\"\n\t\t\t\t\t\t\t\tdata-text=\"w:normal;s:20,20,20,7;l:0,0,0,9;\"\n\t\t\t\t\t\t\t\tdata-dim=\"w:1353px,1353px,1353px,540px;h:143px,143px,143px,74px;\"\n\t\t\t\t\t\t\t\tdata-frame_1=\"sp:500;\"\n\t\t\t\t\t\t\t\tdata-frame_999=\"o:0;st:w;sR:8500;\"\n\t\t\t\t\t\t\t\tstyle=\"z-index:8;background-color:rgba(0,0,0,0.5);\"\n\t\t\t\t\t\t\t> \n\t\t\t\t\t\t\t<\/rs-layer><!--\n\n\t\t\t\t\t\t\t--><a\n\t\t\t\t\t\t\t\tid=\"slider-1-slide-335194-layer-4\" \n\t\t\t\t\t\t\t\tclass=\"rs-layer rev-btn\"\n\t\t\t\t\t\t\t\thref=\"\" target=\"_self\" rel=\"nofollow\"\n\t\t\t\t\t\t\t\tdata-type=\"button\"\n\t\t\t\t\t\t\t\tdata-bsh=\"c:rgba(0,0,0,0.25);v:10px,10px,10px,3px;b:20px,20px,20px,7px;\"\n\t\t\t\t\t\t\t\tdata-rsp_ch=\"on\"\n\t\t\t\t\t\t\t\tdata-xy=\"x:r;xo:47px,47px,47px,18px;y:b;yo:42px,42px,42px,16px;\"\n\t\t\t\t\t\t\t\tdata-text=\"w:normal;s:15,15,15,11;l:50,50,50,19;fw:500;a:center;\"\n\t\t\t\t\t\t\t\tdata-dim=\"w:210px,210px,210px,150px;h:50px,50px,50px,20px;minh:0px,0px,0px,none;\"\n\t\t\t\t\t\t\t\tdata-padding=\"r:40,40,40,16;l:40,40,40,16;\"\n\t\t\t\t\t\t\t\tdata-border=\"bor:5px,5px,5px,5px;\"\n\t\t\t\t\t\t\t\tdata-frame_1=\"sp:500;\"\n\t\t\t\t\t\t\t\tdata-frame_999=\"o:0;st:w;sR:8500;\"\n\t\t\t\t\t\t\t\tdata-frame_hover=\"bgc:#007aff;bor:5px,5px,5px,5px;e:power1.inOut;bri:120%;\"\n\t\t\t\t\t\t\t\tstyle=\"z-index:11;background:linear-gradient(rgba(122,53,136,1) 0%, rgba(93,35,105,1) 50%, rgba(122,53,136,1) 100%);font-family:Roboto;\"\n\t\t\t\t\t\t\t>Detaylar >> \n\t\t\t\t\t\t\t<\/a><!--\n-->\t\t\t\t\t\t<\/rs-slide>\n\t\t\t\t\t<\/rs-slides>\n\t\t\t\t<\/rs-module>\n\t\t\t\t<script type=\"text\/javascript\">\n\t\t\t\t\tsetREVStartSize({c: 'rev_slider_1_3',rl:[1240,1240,1240,480],el:[500,500,500,200],gw:[1200,1200,1200,480],gh:[500,500,500,200],type:'standard',justify:'',layout:'fullwidth',mh:\"0\"});\n\t\t\t\t\tvar\trevapi1,\n\t\t\t\t\t\ttpj;\n\t\t\t\t\tfunction revinit_revslider13() {\n\t\t\t\t\tjQuery(function() {\n\t\t\t\t\t\ttpj = jQuery;\n\t\t\t\t\t\trevapi1 = tpj(\"#rev_slider_1_3\");\n\t\t\t\t\t\tif(revapi1==undefined || revapi1.revolution == undefined){\n\t\t\t\t\t\t\trevslider_showDoubleJqueryError(\"rev_slider_1_3\");\n\t\t\t\t\t\t}else{\n\t\t\t\t\t\t\trevapi1.revolution({\n\t\t\t\t\t\t\t\tduration:\"3000ms\",\n\t\t\t\t\t\t\t\tvisibilityLevels:\"1240,1240,1240,480\",\n\t\t\t\t\t\t\t\tgridwidth:\"1200,1200,1200,480\",\n\t\t\t\t\t\t\t\tgridheight:\"500,500,500,200\",\n\t\t\t\t\t\t\t\tspinner:\"spinner3\",\n\t\t\t\t\t\t\t\tperspective:600,\n\t\t\t\t\t\t\t\tperspectiveType:\"global\",\n\t\t\t\t\t\t\t\teditorheight:\"500,768,960,200\",\n\t\t\t\t\t\t\t\tresponsiveLevels:\"1240,1240,1240,480\",\n\t\t\t\t\t\t\t\tprogressBar:{disableProgressBar:true},\n\t\t\t\t\t\t\t\tnavigation: {\n\t\t\t\t\t\t\t\t\tonHoverStop:false,\n\t\t\t\t\t\t\t\t\ttouch: {\n\t\t\t\t\t\t\t\t\t\ttouchenabled:true,\n\t\t\t\t\t\t\t\t\t\ttouchOnDesktop:true\n\t\t\t\t\t\t\t\t\t},\n\t\t\t\t\t\t\t\t\tarrows: {\n\t\t\t\t\t\t\t\t\t\tenable:true,\n\t\t\t\t\t\t\t\t\t\tstyle:\"hesperiden\",\n\t\t\t\t\t\t\t\t\t\tleft: {\n\t\t\t\t\t\t\t\t\t\t\th_offset:30\n\t\t\t\t\t\t\t\t\t\t},\n\t\t\t\t\t\t\t\t\t\tright: {\n\t\t\t\t\t\t\t\t\t\t\th_offset:30\n\t\t\t\t\t\t\t\t\t\t}\n\t\t\t\t\t\t\t\t\t}\n\t\t\t\t\t\t\t\t},\n\t\t\t\t\t\t\t\tfallbacks: {\n\t\t\t\t\t\t\t\t\tallowHTML5AutoPlayOnAndroid:true\n\t\t\t\t\t\t\t\t},\n\t\t\t\t\t\t\t});\n\t\t\t\t\t\t}\n\t\t\t\t\t\t\n\t\t\t\t\t});\n\t\t\t\t\t} \/\/ End of RevInitScript\n\t\t\t\tvar once_revslider13 = false;\n\t\t\t\tif (document.readyState === \"loading\") {document.addEventListener('readystatechange',function() { if((document.readyState === \"interactive\" || document.readyState === \"complete\") && !once_revslider13 ) { once_revslider13 = true; revinit_revslider13();}});} else {once_revslider13 = true; revinit_revslider13();}\n\t\t\t\t<\/script>\n\t\t\t\t<script>\n\t\t\t\t\tvar htmlDivCss = '\t#rev_slider_1_3_wrapper rs-loader.spinner3 div { background-color: #ffffff !important; } ';\n\t\t\t\t\tvar htmlDiv = document.getElementById('rs-plugin-settings-inline-css');\n\t\t\t\t\tif(htmlDiv) {\n\t\t\t\t\t\thtmlDiv.innerHTML = htmlDiv.innerHTML + htmlDivCss;\n\t\t\t\t\t}else{\n\t\t\t\t\t\tvar htmlDiv = document.createElement('div');\n\t\t\t\t\t\thtmlDiv.innerHTML = '<style>' + htmlDivCss + '<\/style>';\n\t\t\t\t\t\tdocument.getElementsByTagName('head')[0].appendChild(htmlDiv.childNodes[0]);\n\t\t\t\t\t}\n\t\t\t\t<\/script>\n\t\t\t\t<script>\n\t\t\t\t\tvar htmlDivCss = unescape(\"%23rev_slider_1_3_wrapper%20.hesperiden.tparrows%20%7B%0A%09cursor%3Apointer%3B%0A%09background%3Argba%280%2C0%2C0%2C0.5%29%3B%0A%09width%3A40px%3B%0A%09height%3A40px%3B%0A%09position%3Aabsolute%3B%0A%09display%3Ablock%3B%0A%09z-index%3A1000%3B%0A%20%20%20%20border-radius%3A%2050%25%3B%0A%7D%0A%23rev_slider_1_3_wrapper%20.hesperiden.tparrows%3Ahover%20%7B%0A%09background%3A%23000000%3B%0A%7D%0A%23rev_slider_1_3_wrapper%20.hesperiden.tparrows%3Abefore%20%7B%0A%09font-family%3A%20%27revicons%27%3B%0A%09font-size%3A20px%3B%0A%09color%3A%23ffffff%3B%0A%09display%3Ablock%3B%0A%09line-height%3A%2040px%3B%0A%09text-align%3A%20center%3B%0A%7D%0A%23rev_slider_1_3_wrapper%20.hesperiden.tparrows.tp-leftarrow%3Abefore%20%7B%0A%09content%3A%20%27%5Ce82c%27%3B%0A%20%20%20%20margin-left%3A-3px%3B%0A%7D%0A%23rev_slider_1_3_wrapper%20.hesperiden.tparrows.tp-rightarrow%3Abefore%20%7B%0A%09content%3A%20%27%5Ce82d%27%3B%0A%20%20%20%20margin-right%3A-3px%3B%0A%7D%0A\");\n\t\t\t\t\tvar htmlDiv = document.getElementById('rs-plugin-settings-inline-css');\n\t\t\t\t\tif(htmlDiv) {\n\t\t\t\t\t\thtmlDiv.innerHTML = htmlDiv.innerHTML + htmlDivCss;\n\t\t\t\t\t}else{\n\t\t\t\t\t\tvar htmlDiv = document.createElement('div');\n\t\t\t\t\t\thtmlDiv.innerHTML = '<style>' + htmlDivCss + '<\/style>';\n\t\t\t\t\t\tdocument.getElementsByTagName('head')[0].appendChild(htmlDiv.childNodes[0]);\n\t\t\t\t\t}\n\t\t\t\t<\/script>\n\t\t\t\t<script>\n\t\t\t\t\tvar htmlDivCss = unescape(\"%0A\");\n\t\t\t\t\tvar htmlDiv = document.getElementById('rs-plugin-settings-inline-css');\n\t\t\t\t\tif(htmlDiv) {\n\t\t\t\t\t\thtmlDiv.innerHTML = htmlDiv.innerHTML + htmlDivCss;\n\t\t\t\t\t}else{\n\t\t\t\t\t\tvar htmlDiv = document.createElement('div');\n\t\t\t\t\t\thtmlDiv.innerHTML = '<style>' + htmlDivCss + '<\/style>';\n\t\t\t\t\t\tdocument.getElementsByTagName('head')[0].appendChild(htmlDiv.childNodes[0]);\n\t\t\t\t\t}\n\t\t\t\t<\/script>\n\t\t\t<\/rs-module-wrap>\n\t\t\t<!-- END REVOLUTION SLIDER -->\n\n<div class=\"su-row\"><div class=\"su-column su-column-size-1-3\"><div class=\"su-column-inner su-u-clearfix su-u-trim\">\n<h3><a href=\"\/tr\/contact-us\/\">\u0130rtibat bilgileri<\/a><\/h3>\n<div class=\"contact-info \" data-delay=\"0\">\n<div class=\"sidebar-nav\">\n<ul>\n<li>\n<div class=\"icon-container background-image\" style=\"margin-bottom:65px;\">\n\n            <style>\n            #link_socials8:hover span.icon-circle {\n                border-color: #5d2369 !important;\n            }\n\n            #link_socials8:hover i.fa {\n                color: #5d2369 !important;\n            }\n        <\/style>\n    \n    <a href=\"\/tr\/contact-us\/#showmap\" data-normal=\"#5d2369\" data-hover=\"#5d2369\" id=\"link_socials8\" class=\"link_socials\" title=\"\" >\n        <span class=\"icon-circle\" style=\"width:55px; height:55px; border-color:#5d2369; border-width:2px;\">\n                <i class=\"fa fa-map-marker-alt\" style=\"color:#5d2369; font-size: 34px\"><\/i>            <\/span>\n    <\/a>\n\n\n<\/div>\n<div class=\"info-container\">\n<h4>ADRES<\/h4>\n<p>ADRES GZ: Rm.3D, Bldg#21, Zhong Shan 1 Rd, Guangzhou, 510699, \u00c7in<\/p>\n<p>ADRES HK: Room 1701, 17\/F, Hong Kong Trade Centre, Nos. 161-167, Des Voeux Road, Central, Hong Kong<\/p>\n<\/p><\/div>\n<\/li>\n<li>\n<div class=\"icon-container background-image\">\n\n            <style>\n            #link_socials9:hover span.icon-circle {\n                border-color: #5d2369 !important;\n            }\n\n            #link_socials9:hover i.fa {\n                color: #5d2369 !important;\n            }\n        <\/style>\n    \n    <a href=\"\/tr\/contact-us\/\" data-normal=\"#5d2369\" data-hover=\"#5d2369\" id=\"link_socials9\" class=\"link_socials\" title=\"\" >\n        <span class=\"icon-circle\" style=\"width:55px; height:55px; border-color:#5d2369; border-width:2px;\">\n                <i class=\"fa fa-mobile-alt\" style=\"color:#5d2369; font-size: 34px\"><\/i>            <\/span>\n    <\/a>\n\n\n<\/div>\n<div class=\"info-container\">\n<h4>TELEFON<\/h4>\n<p>+86-20-87320080<br \/>+86-139-22332141<\/p>\n<\/p><\/div>\n<\/li>\n<li>\n<div class=\"icon-container background-image\">\n\n            <style>\n            #link_socials10:hover span.icon-circle {\n                border-color: #5d2369 !important;\n            }\n\n            #link_socials10:hover i.fa {\n                color: #5d2369 !important;\n            }\n        <\/style>\n    \n    <a href=\"\/tr\/contact-us\/\" data-normal=\"#5d2369\" data-hover=\"#5d2369\" id=\"link_socials10\" class=\"link_socials\" title=\"\" >\n        <span class=\"icon-circle\" style=\"width:55px; height:55px; border-color:#5d2369; border-width:2px;\">\n                <i class=\"fa fa-envelope-open-text\" style=\"color:#5d2369; font-size: 34px\"><\/i>            <\/span>\n    <\/a>\n\n\n<\/div>\n<div class=\"info-container\">\n                                            <a href=\"mailto:export@superon.cn\" class=\"contact_info_email\"><\/p>\n<h4>B\u0130ZE YAZIN<\/h4>\n<p>export@superon.cn<\/p>\n<p>                                            <\/a><\/p><\/div>\n<\/li>\n<li>\n<div class=\"icon-container background-image\">\n\n            <style>\n            #link_socials11:hover span.icon-circle {\n                border-color: #5d2369 !important;\n            }\n\n            #link_socials11:hover i.fa {\n                color: #5d2369 !important;\n            }\n        <\/style>\n    \n    <a href=\"\/tr\/contact-us\/\" data-normal=\"#5d2369\" data-hover=\"#5d2369\" id=\"link_socials11\" class=\"link_socials\" title=\"\" >\n        <span class=\"icon-circle\" style=\"width:55px; height:55px; border-color:#5d2369; border-width:2px;\">\n                <i class=\"fa fa-skype fab\" style=\"color:#5d2369; font-size: 34px\"><\/i>            <\/span>\n    <\/a>\n\n\n<\/div>\n<div class=\"info-container\">\n<h4>SKYPE<\/h4>\n<p>superon.export<\/p>\n<\/p><\/div>\n<\/li>\n<\/ul><\/div>\n<\/div>\n<p><a href=\"\/tr\/contact-us\/\" class=\"button\">Bize ula\u015f\u0131n<\/a><br \/>\n<\/div><\/div>\n<div class=\"su-column su-column-size-1-3\"><div class=\"su-column-inner su-u-clearfix su-u-trim\">\n<h3><a href=\"\/tr\/news\/\">Haberler<\/a><\/h3>\n<ul class=\"display-posts-listing\"><li class=\"listing-item\"><a class=\"title\" href=\"https:\/\/superon.cn\/tr\/interzum-guangzhou-2026-booth-10-3-b10\/\">Interzum Guangzhou 2026: stand numaram\u0131z 10.3 B10<\/a> <span class=\"excerpt-dash\">-<\/span> <span class=\"excerpt\">10.3 B10 - bu sene Interzum Guangzhou Mobilya Aksesuarlari 2026 Fuar'inda stand\u0131m\u0131z numaras\u0131 de\u011fi\u015fmedi. Bu fuarda yeni \u00fcr\u00fcnlerimizi sizinle payla\u015fmak&hellip; <a class=\"excerpt-more\" href=\"https:\/\/superon.cn\/tr\/interzum-guangzhou-2026-booth-10-3-b10\/\">devam\u0131...<\/a><\/span><\/li><li class=\"listing-item\"><a class=\"title\" href=\"https:\/\/superon.cn\/tr\/interzum-guangzhou-2025-booth-10-3-b10\/\">Interzum Guangzhou 2025: stand numaram\u0131z 10.3 B10<\/a> <span class=\"excerpt-dash\">-<\/span> <span class=\"excerpt\">10.3 B10 - bu sene Interzum Guangzhou Mobilya Aksesuarlari 2025 Fuar'inda stand\u0131m\u0131z numaras\u0131 de\u011fi\u015fmedi. Bu fuarda yeni gizli tam a\u00e7\u0131l\u0131m&hellip; <a class=\"excerpt-more\" href=\"https:\/\/superon.cn\/tr\/interzum-guangzhou-2025-booth-10-3-b10\/\">devam\u0131...<\/a><\/span><\/li><li class=\"listing-item\"><a class=\"title\" href=\"https:\/\/superon.cn\/tr\/interzum-guangzhou-2024-booth-10-3-a02\/\">Interzum Guangzhou 2024: stand numaram\u0131z 10.3 A02<\/a> <span class=\"excerpt-dash\">-<\/span> <span class=\"excerpt\">10.3 A02 - bu sene Interzum Guangzhou Mobilya Aksesuarlari 2024 Fuar'inda stand\u0131m\u0131z numaras\u0131 de\u011fi\u015fmedi. Bu fuarda yeni gizli tam a\u00e7\u0131l\u0131m&hellip; <a class=\"excerpt-more\" href=\"https:\/\/superon.cn\/tr\/interzum-guangzhou-2024-booth-10-3-a02\/\">devam\u0131...<\/a><\/span><\/li><\/ul><a href=\"\/tr\/news\/\" class=\"button\">T\u00fcm haberler<\/a><\/div><\/div>\n<div class=\"su-column su-column-size-1-3\"><div class=\"su-column-inner su-u-clearfix su-u-trim\">\n<h3><a href=\"\/tr\/about-us\/\">Hakk\u0131m\u0131zda<\/a><\/h3>\n<p><!--div class=\"img_frame \"><img decoding=\"async\" src=\"\/solmscms\/themes\/superone\/theme\/assets\/images\/logo.png\" title=\"Superon\" class=\"img-responsive yit-image attachment-blog_big\" width=\"600\" height=\"450\"><\/div>\n\n<br\/--><a href=\"\/tr\/about-us\/\" style=\"color: rgb(44, 62, 80) !important;\"><small>\u201cSuperon\u201d \u015firketimiz mobilya aksesuarlar\u0131, mobilya tamamlay\u0131c\u0131 \u00fcr\u00fcnleri ve ba\u011flant\u0131 \u00fcr\u00fcnleri ihracat\u00e7\u0131s\u0131d\u0131r. 2002 seneden beri sadece mobilya aksesuarlar\u0131 \u00fczerinde uzla\u015fmaktad\u0131r. Ofisimiz \u00c7in, Guangzhou \u015fehrindedir.<br \/>\n\u00c7in\u2019de denetimimiz alt\u0131nda \u00fcretilen mobilya aksesuarlar\u0131 ihra\u00e7 etmekteyiz. Geni\u015f \u00fcr\u00fcn yelpazesini \u201cKatalog\u201d b\u00f6l\u00fcm\u00fcnde bak\u0131p, ilgilendi\u011finiz \u00e7e\u015fitleri t\u0131klay\u0131p bize f\u0131yatland\u0131rmas\u0131 i\u00e7in sayfam\u0131zdan kolayca liste olarak g\u00f6nderebilirsiniz.<br \/>\n\u00c7al\u0131\u015ft\u0131\u011f\u0131m\u0131z \u00fcz\u00fcn s\u00fcre i\u00e7erisinde yeni fikirlerin ger\u00e7ekle\u015ftirmesi ve yeni \u00fcr\u00fcnleri yapt\u0131rmas\u0131n\u0131n tecr\u00fcbesini elde ettik. Sizden elle \u00e7izilmi\u015f basit bir resim ve a\u00e7\u0131klamas\u0131 \u00fc\u00e7 boyutlu \u00e7izimi yapmam\u0131z ve fiyat tespit etmemiz i\u00e7in yeterlidir.<br \/>\nEn \u00f6nemli \u00f6zelli\u011fimiz ise i\u015fimizi gerekli dikkati ve sorumlulu\u011fumuz ile yapmam\u0131zd\u0131r.<br \/>\nKaliteli mallar\u0131 se\u00e7ebilmek, farkl\u0131 \u00fcreticilerin \u00fcr\u00fcnleri k\u0131yas edebilmek ve kalitesini takip etmek i\u00e7in \u015firket b\u00fcnyesinde test departman\u0131 kurduk.<br \/>\n<\/small><\/a><a href=\"\/tr\/about-us\/\">daha fazla bilgi&#8230;<\/a><\/p>\n<hr\/>\n<p><a href=\"\/tr\/about-us\/\" class=\"button\">Hakk\u0131m\u0131zda<\/a><br \/>\n<\/div><\/div><\/div>","protected":false},"excerpt":{"rendered":"","protected":false},"author":2,"featured_media":0,"parent":0,"menu_order":0,"comment_status":"closed","ping_status":"closed","template":"","meta":{"footnotes":""},"class_list":["post-1677","page","type-page","status-publish","hentry","no-featured-image-padding"],"_links":{"self":[{"href":"https:\/\/superon.cn\/tr\/wp-json\/wp\/v2\/pages\/1677","targetHints":{"allow":["GET"]}}],"collection":[{"href":"https:\/\/superon.cn\/tr\/wp-json\/wp\/v2\/pages"}],"about":[{"href":"https:\/\/superon.cn\/tr\/wp-json\/wp\/v2\/types\/page"}],"author":[{"embeddable":true,"href":"https:\/\/superon.cn\/tr\/wp-json\/wp\/v2\/users\/2"}],"replies":[{"embeddable":true,"href":"https:\/\/superon.cn\/tr\/wp-json\/wp\/v2\/comments?post=1677"}],"version-history":[{"count":2,"href":"https:\/\/superon.cn\/tr\/wp-json\/wp\/v2\/pages\/1677\/revisions"}],"predecessor-version":[{"id":400306,"href":"https:\/\/superon.cn\/tr\/wp-json\/wp\/v2\/pages\/1677\/revisions\/400306"}],"wp:attachment":[{"href":"https:\/\/superon.cn\/tr\/wp-json\/wp\/v2\/media?parent=1677"}],"curies":[{"name":"wp","href":"https:\/\/api.w.org\/{rel}","templated":true}]}}