{"id":1119785,"date":"2007-01-07T00:00:00","date_gmt":"2007-01-06T21:00:00","guid":{"rendered":"https:\/\/superon.cn\/catalogue\/uncategorized\/05-640-sb\/"},"modified":"2026-03-18T04:48:34","modified_gmt":"2026-03-18T01:48:34","slug":"05-640-sb","status":"publish","type":"product","link":"https:\/\/superon.cn\/pb\/catalogue\/05-castors\/zinc-alloy-castors\/05-640-sb\/","title":{"rendered":"Rueda, con rosca, con soporte"},"content":{"rendered":"- O corpo do rod\u00edzio est\u00e1 feito de liga de zinco, o centro brilhante da roda \u00e9 feita de a\u00e7o inoxid\u00e1vel. <br \/>&#8211; Existem diferentes tipos de qualidade que depende da liga de zinco, da espessura (ou peso) do material, da largura da cobertura frontal.<br \/>&#8211; A apar\u00eancia depende da qualidade do polido e chapado.","protected":false},"excerpt":{"rendered":"<p>&#8211; O corpo do rod\u00edzio est\u00e1 feito de liga de zinco, o centro brilhante da roda \u00e9 feita de a\u00e7o inoxid\u00e1vel. &#8211; Existem diferentes tipos de qualidade que depende da liga de zinco, da espessura (ou peso) do material, da largura da cobertura frontal.&#8211; A apar\u00eancia depende da qualidade do polido e chapado.<\/p>\n","protected":false},"featured_media":0,"comment_status":"open","ping_status":"closed","template":"","meta":[],"product_brand":[],"product_cat":[368025,368157],"product_tag":[],"class_list":{"0":"post-1119785","1":"product","2":"type-product","3":"status-publish","5":"product_cat-05-castors","6":"product_cat-zinc-alloy-castors","7":"no-featured-image-padding","8":"sales-flash-overlay","9":"woocommerce-text-align-center","10":"woocommerce-image-align-center","11":"do-quantity-buttons","13":"first","14":"instock","15":"shipping-taxable","16":"purchasable","17":"product-type-variable"},"_links":{"self":[{"href":"https:\/\/superon.cn\/pb\/wp-json\/wp\/v2\/product\/1119785","targetHints":{"allow":["GET"]}}],"collection":[{"href":"https:\/\/superon.cn\/pb\/wp-json\/wp\/v2\/product"}],"about":[{"href":"https:\/\/superon.cn\/pb\/wp-json\/wp\/v2\/types\/product"}],"replies":[{"embeddable":true,"href":"https:\/\/superon.cn\/pb\/wp-json\/wp\/v2\/comments?post=1119785"}],"wp:attachment":[{"href":"https:\/\/superon.cn\/pb\/wp-json\/wp\/v2\/media?parent=1119785"}],"wp:term":[{"taxonomy":"product_brand","embeddable":true,"href":"https:\/\/superon.cn\/pb\/wp-json\/wp\/v2\/product_brand?post=1119785"},{"taxonomy":"product_cat","embeddable":true,"href":"https:\/\/superon.cn\/pb\/wp-json\/wp\/v2\/product_cat?post=1119785"},{"taxonomy":"product_tag","embeddable":true,"href":"https:\/\/superon.cn\/pb\/wp-json\/wp\/v2\/product_tag?post=1119785"}],"curies":[{"name":"wp","href":"https:\/\/api.w.org\/{rel}","templated":true}]}}