{"id":1119749,"date":"2019-12-22T00:00:00","date_gmt":"2019-12-21T21:00:00","guid":{"rendered":"https:\/\/superon.cn\/catalogue\/uncategorized\/05-620-c\/"},"modified":"2026-03-18T04:48:34","modified_gmt":"2026-03-18T01:48:34","slug":"05-620-c","status":"publish","type":"product","link":"https:\/\/superon.cn\/pb\/catalogue\/05-castors\/with-soft-motion\/05-620-c\/","title":{"rendered":"Rueda de PU, con prendedor, sin soporte"},"content":{"rendered":"- Movimento suave sem ru\u00eddo, a capa externa \u00e9 feita de PU de alta qualidade.<br \/>&#8211; Os rod\u00edzios s\u00e3o feitos de um material de pl\u00e1stico de boa qualidade.<br \/>&#8211; Os rod\u00edzios n\u00e3o deixam \u201clinhas pretas\u201d no ch\u00e3o quando s\u00e3o utilizados.<br \/>&#8211; Os rod\u00edzios n\u00e3o perdem a forma quando s\u00e3o utilizados com cargas padr\u00e3o.<br \/>&#8211; 4 pe\u00e7as empacotadas num saco de polietileno, em linha ou em quadrado.<\/p>\n<p>PU \u2013 \u00e9 brilhante, com superf\u00edcie lisa e boa resist\u00eancia, mais caro, melhor qualidade.<br \/>PVC \u2013 material mais suave, superf\u00edcie mate, pre\u00e7o mais baixo.<\/p>\n<p>A capa do amortecedor n\u00e3o deve ser muito suave, deve aguentar a press\u00e3o. De facto, se parece borracha e \u00e9 muito suave, esta qualidade \u00e9 baixa, n\u00e3o tem suficiente resist\u00eancia e gastar-se-\u00e1 muito r\u00e1pido.","protected":false},"excerpt":{"rendered":"<p>&#8211; Movimento suave sem ru\u00eddo, a capa externa \u00e9 feita de PU de alta qualidade.&#8211; Os rod\u00edzios s\u00e3o feitos de um material de pl\u00e1stico de boa qualidade.&#8211; Os rod\u00edzios n\u00e3o deixam \u201clinhas pretas\u201d no ch\u00e3o quando s\u00e3o utilizados.&#8211; Os rod\u00edzios n\u00e3o perdem a forma quando s\u00e3o utilizados com cargas padr\u00e3o.&#8211; 4 pe\u00e7as empacotadas num saco de polietileno, em linha ou em quadrado. PU \u2013 \u00e9 brilhante, com superf\u00edcie lisa e boa resist\u00eancia, mais caro, melhor qualidade.PVC \u2013 material mais suave, superf\u00edcie mate, pre\u00e7o mais baixo. A capa do amortecedor n\u00e3o deve ser muito suave, deve aguentar a press\u00e3o. De facto, &#8230; <a title=\"Rueda de PU, con prendedor, sin soporte\" class=\"read-more\" href=\"https:\/\/superon.cn\/pb\/catalogue\/05-castors\/with-soft-motion\/05-620-c\/\" aria-label=\"More on Rueda de PU, con prendedor, sin soporte\">Read more<\/a><\/p>\n","protected":false},"featured_media":0,"comment_status":"open","ping_status":"closed","template":"","meta":[],"product_brand":[],"product_cat":[368025,368057],"product_tag":[],"class_list":{"0":"post-1119749","1":"product","2":"type-product","3":"status-publish","5":"product_cat-05-castors","6":"product_cat-with-soft-motion","7":"no-featured-image-padding","8":"sales-flash-overlay","9":"woocommerce-text-align-center","10":"woocommerce-image-align-center","11":"do-quantity-buttons","13":"first","14":"instock","15":"shipping-taxable","16":"purchasable","17":"product-type-variable"},"_links":{"self":[{"href":"https:\/\/superon.cn\/pb\/wp-json\/wp\/v2\/product\/1119749","targetHints":{"allow":["GET"]}}],"collection":[{"href":"https:\/\/superon.cn\/pb\/wp-json\/wp\/v2\/product"}],"about":[{"href":"https:\/\/superon.cn\/pb\/wp-json\/wp\/v2\/types\/product"}],"replies":[{"embeddable":true,"href":"https:\/\/superon.cn\/pb\/wp-json\/wp\/v2\/comments?post=1119749"}],"wp:attachment":[{"href":"https:\/\/superon.cn\/pb\/wp-json\/wp\/v2\/media?parent=1119749"}],"wp:term":[{"taxonomy":"product_brand","embeddable":true,"href":"https:\/\/superon.cn\/pb\/wp-json\/wp\/v2\/product_brand?post=1119749"},{"taxonomy":"product_cat","embeddable":true,"href":"https:\/\/superon.cn\/pb\/wp-json\/wp\/v2\/product_cat?post=1119749"},{"taxonomy":"product_tag","embeddable":true,"href":"https:\/\/superon.cn\/pb\/wp-json\/wp\/v2\/product_tag?post=1119749"}],"curies":[{"name":"wp","href":"https:\/\/api.w.org\/{rel}","templated":true}]}}