{"id":1118826,"date":"2007-01-07T00:00:00","date_gmt":"2007-01-06T21:00:00","guid":{"rendered":"https:\/\/superon.cn\/catalogue\/uncategorized\/17-102\/"},"modified":"2026-03-18T04:48:19","modified_gmt":"2026-03-18T01:48:19","slug":"17-102","status":"publish","type":"product","link":"https:\/\/superon.cn\/pb\/catalogue\/17-door-accessories\/soft-closing-door-hinges\/17-102\/","title":{"rendered":"Bisagra de puerta"},"content":{"rendered":"\u041c\u044f\u0433\u043a\u043e\u0435 \u0437\u0430\u043a\u0440\u044b\u0432\u0430\u043d\u0438\u0435: \u043f\u0435\u0442\u043b\u044f \u0438\u043c\u0435\u0435\u0442 \u0444\u0443\u043d\u043a\u0446\u0438\u044e \u0442\u0440\u0435\u0445\u0443\u0440\u043e\u0432\u043d\u0435\u0432\u043e\u0433\u043e \u0440\u0435\u0433\u0443\u043b\u0438\u0440\u0443\u0435\u043c\u043e\u0433\u043e \u043c\u044f\u0433\u043a\u043e\u0433\u043e \u0437\u0430\u043a\u0440\u044b\u0432\u0430\u043d\u0438\u044f (soft-closing).<br \/>\u041f\u043e\u0433\u0430\u0448\u0435\u043d\u0438\u0435 \u0443\u0434\u0430\u0440\u0430: \u043f\u0435\u0442\u043b\u044f \u043f\u043b\u0430\u0432\u043d\u043e \u0433\u0430\u0441\u0438\u0442 \u043d\u0430\u0447\u0430\u043b\u044c\u043d\u0443\u044e \u0441\u0438\u043b\u0443 \u0437\u0430\u043a\u0440\u044b\u0432\u0430\u0435\u043c\u043e\u0439 \u0434\u0432\u0435\u0440\u0438.<br \/>\u0421\u0438\u043b\u0430 \u0437\u0430\u043a\u0440\u044b\u0432\u0430\u043d\u0438\u044f \u0440\u0435\u0433\u0443\u043b\u0438\u0440\u0443\u0435\u0442\u0441\u044f \u043d\u0435\u0437\u0430\u0432\u0438\u0441\u0438\u043c\u043e.<br \/>\u0421\u043a\u043e\u0440\u043e\u0441\u0442\u044c \u0437\u0430\u043a\u0440\u044b\u0432\u0430\u043d\u0438\u044f \u0440\u0435\u0433\u0443\u043b\u0438\u0440\u0443\u0435\u0442\u0441\u044f \u043d\u0435\u0437\u0430\u0432\u0438\u0441\u0438\u043c\u043e.<\/p>\n<p>\u041d\u0430\u0433\u0440\u0443\u0437\u043a\u0430: <br \/>30\u043a\u0433 \u043d\u0430 \u043e\u0434\u043d\u0443 \u043c\u0430\u043b\u0443\u044e \u043f\u0435\u0442\u043b\u044e 5 \u0434\u044e\u0439\u043c\u043e\u0432.<br \/>45\u043a\u0433 \u043d\u0430 \u043e\u0434\u043d\u0443 \u043f\u0435\u0442\u043b\u044e 6 \u0434\u044e\u0439\u043c\u043e\u0432.<\/p>\n<p>\u0414\u043e\u043b\u0433\u043e\u0432\u0435\u0447\u043d\u043e\u0441\u0442\u044c:<br \/>300,000 \u0446\u0438\u043a\u043b\u043e\u0432 \u043e\u0442\u043a\u0440\u044b\u0432\u0430\u043d\u0438\u044f \u0434\u043b\u044f \u043c\u0430\u043b\u043e\u0439 \u043f\u0435\u0442\u043b\u0438 5 \u0434\u044e\u0439\u043c\u043e\u0432.<br \/>500,000 \u0446\u0438\u043a\u043b\u043e\u0432 \u043e\u0442\u043a\u0440\u044b\u0432\u0430\u043d\u0438\u044f \u0434\u043b\u044f \u0431\u043e\u043b\u044c\u0448\u043e\u0439 \u043f\u0435\u0442\u043b\u0438 6 \u0434\u044e\u0439\u043c\u043e\u0432.<\/p>\n<p>\u041c\u043e\u0436\u0435\u0442 \u0443\u0441\u0442\u0430\u043d\u0430\u0432\u043b\u0438\u0432\u0430\u0442\u044c\u0441\u044f \u0441\u043e \u0441\u0442\u0430\u043d\u0434\u0430\u0440\u0442\u043d\u044b\u043c\u0438 \u0434\u0432\u0435\u0440\u043d\u044b\u043c\u0438 \u043f\u0435\u0442\u043b\u044f\u043c\u0438.<br \/>\u0423\u0434\u043e\u0431\u043d\u0430\u044f \u0443\u0441\u0442\u0430\u043d\u043e\u0432\u043a\u0430.<\/p>\n<p>Frenli: bu mente\u015fe 3 kademeli ayarl\u0131 yava\u015f kapama fonksiyonuna sahiptir.<br \/>Darbe yava\u015flat\u0131c\u0131: bu mente\u015fe ilk darbe kuvvetini azalt\u0131r.<br \/>Kapanma g\u00fcc\u00fc ba\u011f\u0131ms\u0131z \u015fekilde ayarlan\u0131r.<br \/>Kapanma h\u0131z\u0131 ba\u011f\u0131ms\u0131z \u015fekilde ayr\u0131ca ayarlan\u0131r.<\/p>\n<p>Y\u00fcklenebilen a\u011f\u0131rl\u0131k: <br \/>30kg &#8211; k\u00fc\u00e7\u00fck 5 in\u00e7lik mente\u015fe i\u00e7in.<br \/>45kg &#8211; b\u00fcy\u00fck 6 in\u00e7lik mente\u015fe i\u00e7in.<\/p>\n<p>Kullanma hayat\u0131: <br \/>300,000 kez a\u00e7\u0131p kapanma\u00a0 &#8211; k\u00fc\u00e7\u00fck 5 in\u00e7lik mente\u015fe i\u00e7in.<br \/>500,000 kez a\u00e7\u0131p kapanma\u00a0 &#8211; b\u00fcy\u00fck 6 in\u00e7lik mente\u015fe i\u00e7in.<\/p>\n<p>Standart kap\u0131 mente\u015feleri ile ayn\u0131 kap\u0131ya monte edilebilir.<br \/>Kolay montaj.<\/p>\n<p>sp<br \/>Cierre suave: la bisagra tiene funci\u00f3n de cierre suave hidr\u00e1ulico ajustable de tres velocidades.<br \/>Amortiguaci\u00f3n de golpes: la bisagra absorbe suavemente la fuerza inicial de cierre de la puerta.<br \/>La fuerza de cierre se puede ajustar de forma independiente.<br \/>La velocidad de cierre se puede ajustar manualmente de forma independiente.<\/p>\n<p>Carga:<br \/>30 kg por una bisagra peque\u00f1a de 5 &#8220;.<br \/>45 kg para una bisagra grande de 6 &#8220;.<br \/>(Consulte el diagrama a continuaci\u00f3n para obtener m\u00e1s detalles)<\/p>\n<p>Vida \u00fatil:<br \/>300.000 ciclos para bisagras peque\u00f1as (5 &#8220;)<br \/>500.000 ciclos para bisagra peque\u00f1a (6 &#8220;)<\/p>\n<p>Se puede combinar con bisagras de puerta con cojinetes est\u00e1ndar.<br \/>F\u00e1cil de instalar.<\/p>\n<p>pb<br \/>Fechamento suave: a dobradi\u00e7a possui fun\u00e7\u00e3o de fechamento suave ajust\u00e1vel de tr\u00eas velocidades hidr\u00e1ulicas.<br \/>Amortecimento de choque: a dobradi\u00e7a absorve suavemente a for\u00e7a inicial de fechamento da porta.<br \/>A for\u00e7a de fechamento pode ser ajustada de forma independente.<br \/>A velocidade de fechamento pode ser ajustada manualmente de forma independente.<\/p>\n<p>Carregar:<br \/>30 kg para uma pequena dobradi\u00e7a de 5 &#8220;.<br \/>45 kg para uma grande dobradi\u00e7a de 6 &#8220;.<br \/>(Verifique o diagrama abaixo para obter detalhes)<\/p>\n<p>Vida operacional:<br \/>300.000 ciclos para dobradi\u00e7a pequena (5 &#8220;)<br \/>500.000 ciclos para dobradi\u00e7a pequena (6 &#8220;)<\/p>\n<p>Pode ser combinado com dobradi\u00e7as de porta de rolamento padr\u00e3o.<br \/>F\u00e1cil de instalar.","protected":false},"excerpt":{"rendered":"<p>\u041c\u044f\u0433\u043a\u043e\u0435 \u0437\u0430\u043a\u0440\u044b\u0432\u0430\u043d\u0438\u0435: \u043f\u0435\u0442\u043b\u044f \u0438\u043c\u0435\u0435\u0442 \u0444\u0443\u043d\u043a\u0446\u0438\u044e \u0442\u0440\u0435\u0445\u0443\u0440\u043e\u0432\u043d\u0435\u0432\u043e\u0433\u043e \u0440\u0435\u0433\u0443\u043b\u0438\u0440\u0443\u0435\u043c\u043e\u0433\u043e \u043c\u044f\u0433\u043a\u043e\u0433\u043e \u0437\u0430\u043a\u0440\u044b\u0432\u0430\u043d\u0438\u044f (soft-closing).\u041f\u043e\u0433\u0430\u0448\u0435\u043d\u0438\u0435 \u0443\u0434\u0430\u0440\u0430: \u043f\u0435\u0442\u043b\u044f \u043f\u043b\u0430\u0432\u043d\u043e \u0433\u0430\u0441\u0438\u0442 \u043d\u0430\u0447\u0430\u043b\u044c\u043d\u0443\u044e \u0441\u0438\u043b\u0443 \u0437\u0430\u043a\u0440\u044b\u0432\u0430\u0435\u043c\u043e\u0439 \u0434\u0432\u0435\u0440\u0438.\u0421\u0438\u043b\u0430 \u0437\u0430\u043a\u0440\u044b\u0432\u0430\u043d\u0438\u044f \u0440\u0435\u0433\u0443\u043b\u0438\u0440\u0443\u0435\u0442\u0441\u044f \u043d\u0435\u0437\u0430\u0432\u0438\u0441\u0438\u043c\u043e.\u0421\u043a\u043e\u0440\u043e\u0441\u0442\u044c \u0437\u0430\u043a\u0440\u044b\u0432\u0430\u043d\u0438\u044f \u0440\u0435\u0433\u0443\u043b\u0438\u0440\u0443\u0435\u0442\u0441\u044f \u043d\u0435\u0437\u0430\u0432\u0438\u0441\u0438\u043c\u043e. \u041d\u0430\u0433\u0440\u0443\u0437\u043a\u0430: 30\u043a\u0433 \u043d\u0430 \u043e\u0434\u043d\u0443 \u043c\u0430\u043b\u0443\u044e \u043f\u0435\u0442\u043b\u044e 5 \u0434\u044e\u0439\u043c\u043e\u0432.45\u043a\u0433 \u043d\u0430 \u043e\u0434\u043d\u0443 \u043f\u0435\u0442\u043b\u044e 6 \u0434\u044e\u0439\u043c\u043e\u0432. \u0414\u043e\u043b\u0433\u043e\u0432\u0435\u0447\u043d\u043e\u0441\u0442\u044c:300,000 \u0446\u0438\u043a\u043b\u043e\u0432 \u043e\u0442\u043a\u0440\u044b\u0432\u0430\u043d\u0438\u044f \u0434\u043b\u044f \u043c\u0430\u043b\u043e\u0439 \u043f\u0435\u0442\u043b\u0438 5 \u0434\u044e\u0439\u043c\u043e\u0432.500,000 \u0446\u0438\u043a\u043b\u043e\u0432 \u043e\u0442\u043a\u0440\u044b\u0432\u0430\u043d\u0438\u044f \u0434\u043b\u044f \u0431\u043e\u043b\u044c\u0448\u043e\u0439 \u043f\u0435\u0442\u043b\u0438 6 \u0434\u044e\u0439\u043c\u043e\u0432. \u041c\u043e\u0436\u0435\u0442 \u0443\u0441\u0442\u0430\u043d\u0430\u0432\u043b\u0438\u0432\u0430\u0442\u044c\u0441\u044f \u0441\u043e \u0441\u0442\u0430\u043d\u0434\u0430\u0440\u0442\u043d\u044b\u043c\u0438 \u0434\u0432\u0435\u0440\u043d\u044b\u043c\u0438 \u043f\u0435\u0442\u043b\u044f\u043c\u0438.\u0423\u0434\u043e\u0431\u043d\u0430\u044f \u0443\u0441\u0442\u0430\u043d\u043e\u0432\u043a\u0430. Frenli: bu mente\u015fe 3 kademeli ayarl\u0131 yava\u015f kapama fonksiyonuna sahiptir.Darbe yava\u015flat\u0131c\u0131: bu mente\u015fe ilk darbe kuvvetini azalt\u0131r.Kapanma g\u00fcc\u00fc ba\u011f\u0131ms\u0131z \u015fekilde ayarlan\u0131r.Kapanma h\u0131z\u0131 ba\u011f\u0131ms\u0131z \u015fekilde ayr\u0131ca ayarlan\u0131r. Y\u00fcklenebilen a\u011f\u0131rl\u0131k: 30kg &#8211; k\u00fc\u00e7\u00fck 5 in\u00e7lik mente\u015fe i\u00e7in.45kg &#8211; b\u00fcy\u00fck 6 in\u00e7lik mente\u015fe i\u00e7in. &#8230; <a title=\"Bisagra de puerta\" class=\"read-more\" href=\"https:\/\/superon.cn\/pb\/catalogue\/17-door-accessories\/soft-closing-door-hinges\/17-102\/\" aria-label=\"More on Bisagra de puerta\">Read more<\/a><\/p>\n","protected":false},"featured_media":0,"comment_status":"open","ping_status":"closed","template":"","meta":[],"product_brand":[],"product_cat":[367998,368000],"product_tag":[],"class_list":{"0":"post-1118826","1":"product","2":"type-product","3":"status-publish","5":"product_cat-17-door-accessories","6":"product_cat-soft-closing-door-hinges","7":"no-featured-image-padding","8":"sales-flash-overlay","9":"woocommerce-text-align-center","10":"woocommerce-image-align-center","11":"do-quantity-buttons","13":"first","14":"instock","15":"shipping-taxable","16":"purchasable","17":"product-type-variable"},"_links":{"self":[{"href":"https:\/\/superon.cn\/pb\/wp-json\/wp\/v2\/product\/1118826","targetHints":{"allow":["GET"]}}],"collection":[{"href":"https:\/\/superon.cn\/pb\/wp-json\/wp\/v2\/product"}],"about":[{"href":"https:\/\/superon.cn\/pb\/wp-json\/wp\/v2\/types\/product"}],"replies":[{"embeddable":true,"href":"https:\/\/superon.cn\/pb\/wp-json\/wp\/v2\/comments?post=1118826"}],"wp:attachment":[{"href":"https:\/\/superon.cn\/pb\/wp-json\/wp\/v2\/media?parent=1118826"}],"wp:term":[{"taxonomy":"product_brand","embeddable":true,"href":"https:\/\/superon.cn\/pb\/wp-json\/wp\/v2\/product_brand?post=1118826"},{"taxonomy":"product_cat","embeddable":true,"href":"https:\/\/superon.cn\/pb\/wp-json\/wp\/v2\/product_cat?post=1118826"},{"taxonomy":"product_tag","embeddable":true,"href":"https:\/\/superon.cn\/pb\/wp-json\/wp\/v2\/product_tag?post=1118826"}],"curies":[{"name":"wp","href":"https:\/\/api.w.org\/{rel}","templated":true}]}}