{"id":1118817,"date":"2011-03-08T00:00:00","date_gmt":"2011-03-07T21:00:00","guid":{"rendered":"https:\/\/superon.cn\/catalogue\/uncategorized\/17-604\/"},"modified":"2026-03-18T04:48:19","modified_gmt":"2026-03-18T01:48:19","slug":"17-604","status":"publish","type":"product","link":"https:\/\/superon.cn\/pb\/catalogue\/17-door-accessories\/door-closers\/17-604\/","title":{"rendered":"Cerrador suave para puertas"},"content":{"rendered":"Fecho suave: o fecho da porta tem fun\u00e7\u00f5es de fecho suave e amortecedor inicial.<br \/>Pode ser instalado em ampla faixa de temperatura, de -30 \u00b0 a + 60 \u00b0 (adequado para o inverno russo).<br \/>Mant\u00e9m a porta aberta a 90 \u00b0.<br \/>Controlador de velocidade de duplo est\u00e1gio: 180 \u00b0 -15 \u00b0 e velocidade de travamento controlada: 15 \u00b0 -0 \u00b0.<br \/>A velocidade de travamento pode ser ajustada independentemente.<br \/>A velocidade de fechamento pode ser ajustada independentemente, desde o tempo de fechamento mais r\u00e1pido de 3 segundos at\u00e9 o mais lento&gt; 40 segundos.<br \/>Vida \u00fatil: 300.000 ciclos.","protected":false},"excerpt":{"rendered":"<p>Fecho suave: o fecho da porta tem fun\u00e7\u00f5es de fecho suave e amortecedor inicial.Pode ser instalado em ampla faixa de temperatura, de -30 \u00b0 a + 60 \u00b0 (adequado para o inverno russo).Mant\u00e9m a porta aberta a 90 \u00b0.Controlador de velocidade de duplo est\u00e1gio: 180 \u00b0 -15 \u00b0 e velocidade de travamento controlada: 15 \u00b0 -0 \u00b0.A velocidade de travamento pode ser ajustada independentemente.A velocidade de fechamento pode ser ajustada independentemente, desde o tempo de fechamento mais r\u00e1pido de 3 segundos at\u00e9 o mais lento&gt; 40 segundos.Vida \u00fatil: 300.000 ciclos.<\/p>\n","protected":false},"featured_media":0,"comment_status":"open","ping_status":"closed","template":"","meta":[],"product_brand":[],"product_cat":[367998,368146],"product_tag":[],"class_list":{"0":"post-1118817","1":"product","2":"type-product","3":"status-publish","5":"product_cat-17-door-accessories","6":"product_cat-door-closers","7":"no-featured-image-padding","8":"sales-flash-overlay","9":"woocommerce-text-align-center","10":"woocommerce-image-align-center","11":"do-quantity-buttons","13":"first","14":"instock","15":"shipping-taxable","16":"purchasable","17":"product-type-variable"},"_links":{"self":[{"href":"https:\/\/superon.cn\/pb\/wp-json\/wp\/v2\/product\/1118817","targetHints":{"allow":["GET"]}}],"collection":[{"href":"https:\/\/superon.cn\/pb\/wp-json\/wp\/v2\/product"}],"about":[{"href":"https:\/\/superon.cn\/pb\/wp-json\/wp\/v2\/types\/product"}],"replies":[{"embeddable":true,"href":"https:\/\/superon.cn\/pb\/wp-json\/wp\/v2\/comments?post=1118817"}],"wp:attachment":[{"href":"https:\/\/superon.cn\/pb\/wp-json\/wp\/v2\/media?parent=1118817"}],"wp:term":[{"taxonomy":"product_brand","embeddable":true,"href":"https:\/\/superon.cn\/pb\/wp-json\/wp\/v2\/product_brand?post=1118817"},{"taxonomy":"product_cat","embeddable":true,"href":"https:\/\/superon.cn\/pb\/wp-json\/wp\/v2\/product_cat?post=1118817"},{"taxonomy":"product_tag","embeddable":true,"href":"https:\/\/superon.cn\/pb\/wp-json\/wp\/v2\/product_tag?post=1118817"}],"curies":[{"name":"wp","href":"https:\/\/api.w.org\/{rel}","templated":true}]}}