{"id":1117706,"date":"2018-08-08T16:43:18","date_gmt":"2018-08-08T13:43:18","guid":{"rendered":"https:\/\/superon.cn\/catalogue\/uncategorized\/10-559-e\/"},"modified":"2026-03-18T04:48:03","modified_gmt":"2026-03-18T01:48:03","slug":"10-559-e","status":"publish","type":"product","link":"https:\/\/superon.cn\/pb\/catalogue\/10-connecting-fittings\/hangers-for-cabinets\/10-559-e\/","title":{"rendered":"Colgador de armario ajustable"},"content":{"rendered":"Carga: 250kg\/par (cabides do arm\u00e1rio)<br \/>Testado pela SGS<br \/>&#8211; Para suspens\u00e3o Ferrovi\u00e1ria.<br \/>&#8211; Medi\u00e7\u00f5es mais pequenas.<br \/>&#8211; Corpo s\u00f3lido, feito de liga de zinco, pode suportar mais carga.<br \/>&#8211; Buraco Extra para fixa\u00e7\u00e3o no painel superior.<br \/>&#8211; Buraco traseiro longo permite que o cabide de a\u00e7o permane\u00e7a sempre em posi\u00e7\u00e3o horizontal.<br \/>&#8211; Altura de descolagem: 5 mm.<\/p>\n<p>&#8211; Possibilidades de regula\u00e7\u00e3o: <br \/>Altura: \u00b1 5 mm<br \/>Profundidade: m\u00e1x. 15mm","protected":false},"excerpt":{"rendered":"<p>Carga: 250kg\/par (cabides do arm\u00e1rio)Testado pela SGS&#8211; Para suspens\u00e3o Ferrovi\u00e1ria.&#8211; Medi\u00e7\u00f5es mais pequenas.&#8211; Corpo s\u00f3lido, feito de liga de zinco, pode suportar mais carga.&#8211; Buraco Extra para fixa\u00e7\u00e3o no painel superior.&#8211; Buraco traseiro longo permite que o cabide de a\u00e7o permane\u00e7a sempre em posi\u00e7\u00e3o horizontal.&#8211; Altura de descolagem: 5 mm. &#8211; Possibilidades de regula\u00e7\u00e3o: Altura: \u00b1 5 mmProfundidade: m\u00e1x. 15mm<\/p>\n","protected":false},"featured_media":0,"comment_status":"open","ping_status":"closed","template":"","meta":[],"product_brand":[],"product_cat":[368003,368049],"product_tag":[],"class_list":{"0":"post-1117706","1":"product","2":"type-product","3":"status-publish","5":"product_cat-10-connecting-fittings","6":"product_cat-hangers-for-cabinets","7":"no-featured-image-padding","8":"sales-flash-overlay","9":"woocommerce-text-align-center","10":"woocommerce-image-align-center","11":"do-quantity-buttons","13":"first","14":"instock","15":"shipping-taxable","16":"purchasable","17":"product-type-variable"},"_links":{"self":[{"href":"https:\/\/superon.cn\/pb\/wp-json\/wp\/v2\/product\/1117706","targetHints":{"allow":["GET"]}}],"collection":[{"href":"https:\/\/superon.cn\/pb\/wp-json\/wp\/v2\/product"}],"about":[{"href":"https:\/\/superon.cn\/pb\/wp-json\/wp\/v2\/types\/product"}],"replies":[{"embeddable":true,"href":"https:\/\/superon.cn\/pb\/wp-json\/wp\/v2\/comments?post=1117706"}],"wp:attachment":[{"href":"https:\/\/superon.cn\/pb\/wp-json\/wp\/v2\/media?parent=1117706"}],"wp:term":[{"taxonomy":"product_brand","embeddable":true,"href":"https:\/\/superon.cn\/pb\/wp-json\/wp\/v2\/product_brand?post=1117706"},{"taxonomy":"product_cat","embeddable":true,"href":"https:\/\/superon.cn\/pb\/wp-json\/wp\/v2\/product_cat?post=1117706"},{"taxonomy":"product_tag","embeddable":true,"href":"https:\/\/superon.cn\/pb\/wp-json\/wp\/v2\/product_tag?post=1117706"}],"curies":[{"name":"wp","href":"https:\/\/api.w.org\/{rel}","templated":true}]}}