{"id":1117432,"date":"2018-05-04T09:41:51","date_gmt":"2018-05-04T06:41:51","guid":{"rendered":"https:\/\/superon.cn\/catalogue\/uncategorized\/07-429\/"},"modified":"2026-03-18T04:47:58","modified_gmt":"2026-03-18T01:47:58","slug":"07-429","status":"publish","type":"product","link":"https:\/\/superon.cn\/pb\/catalogue\/07-brackets\/lifting-brackets\/07-429\/","title":{"rendered":"Herraje para puerta elevable"},"content":{"rendered":"- parada livre em qualquer posi\u00e7\u00e3o aberta<br \/>&#8211; fechamento silencioso e sem for\u00e7a devido ao buffer embutido.<br \/>&#8211; peso da porta: at\u00e9 6kg<br \/>&#8211; adequado para placas de madeira e alum\u00ednio","protected":false},"excerpt":{"rendered":"<p>&#8211; parada livre em qualquer posi\u00e7\u00e3o aberta&#8211; fechamento silencioso e sem for\u00e7a devido ao buffer embutido.&#8211; peso da porta: at\u00e9 6kg&#8211; adequado para placas de madeira e alum\u00ednio<\/p>\n","protected":false},"featured_media":0,"comment_status":"open","ping_status":"closed","template":"","meta":[],"product_brand":[],"product_cat":[368005,368088],"product_tag":[],"class_list":{"0":"post-1117432","1":"product","2":"type-product","3":"status-publish","5":"product_cat-07-brackets","6":"product_cat-lifting-brackets","7":"no-featured-image-padding","8":"sales-flash-overlay","9":"woocommerce-text-align-center","10":"woocommerce-image-align-center","11":"do-quantity-buttons","13":"first","14":"instock","15":"shipping-taxable","16":"purchasable","17":"product-type-variable"},"_links":{"self":[{"href":"https:\/\/superon.cn\/pb\/wp-json\/wp\/v2\/product\/1117432","targetHints":{"allow":["GET"]}}],"collection":[{"href":"https:\/\/superon.cn\/pb\/wp-json\/wp\/v2\/product"}],"about":[{"href":"https:\/\/superon.cn\/pb\/wp-json\/wp\/v2\/types\/product"}],"replies":[{"embeddable":true,"href":"https:\/\/superon.cn\/pb\/wp-json\/wp\/v2\/comments?post=1117432"}],"wp:attachment":[{"href":"https:\/\/superon.cn\/pb\/wp-json\/wp\/v2\/media?parent=1117432"}],"wp:term":[{"taxonomy":"product_brand","embeddable":true,"href":"https:\/\/superon.cn\/pb\/wp-json\/wp\/v2\/product_brand?post=1117432"},{"taxonomy":"product_cat","embeddable":true,"href":"https:\/\/superon.cn\/pb\/wp-json\/wp\/v2\/product_cat?post=1117432"},{"taxonomy":"product_tag","embeddable":true,"href":"https:\/\/superon.cn\/pb\/wp-json\/wp\/v2\/product_tag?post=1117432"}],"curies":[{"name":"wp","href":"https:\/\/api.w.org\/{rel}","templated":true}]}}