{"id":1117375,"date":"2018-04-27T14:06:31","date_gmt":"2018-04-27T11:06:31","guid":{"rendered":"https:\/\/superon.cn\/catalogue\/uncategorized\/01-071-3d\/"},"modified":"2026-03-18T04:47:57","modified_gmt":"2026-03-18T01:47:57","slug":"01-071-3d","status":"publish","type":"product","link":"https:\/\/superon.cn\/pb\/catalogue\/01-hinges\/soft-closing-for-wooden-board\/01-071-3d\/","title":{"rendered":"Bisagra con amortiguaci\u00f3n, 4D"},"content":{"rendered":"Para ativar amortecimento, basta abrir a porta at\u00e9 10 \u00b0 apenas<br \/>Di\u00e2metro do caneco: 35mm<br \/>\u00c2ngulo de abertura: 100<br \/>Profundidade do caneco: 13.5mm<br \/>Closing type: com amortecimento<br \/>Instala\u00e7\u00e3o: de encaixe clip, ajuste 3D<br \/>Para espessura da porta: 18-20mm<br \/>Ajuste do cobrimento: \u00b12.5mm<br \/>Ajuste da profundidade: \u00b12.5mm<br \/>Ajuste da altura: \u00b12.0mm<\/p>\n<p>A velocidade do fechamento da porta pode ser ajustada:<br \/>&#8211; Apertar o parafuso de ajuste levar\u00e1 ao aumento da velocidade do fechamento da porta<br \/>&#8211; Desaparafusar levemente a porta se fechando","protected":false},"excerpt":{"rendered":"<p>Para ativar amortecimento, basta abrir a porta at\u00e9 10 \u00b0 apenasDi\u00e2metro do caneco: 35mm\u00c2ngulo de abertura: 100Profundidade do caneco: 13.5mmClosing type: com amortecimentoInstala\u00e7\u00e3o: de encaixe clip, ajuste 3DPara espessura da porta: 18-20mmAjuste do cobrimento: \u00b12.5mmAjuste da profundidade: \u00b12.5mmAjuste da altura: \u00b12.0mm A velocidade do fechamento da porta pode ser ajustada:&#8211; Apertar o parafuso de ajuste levar\u00e1 ao aumento da velocidade do fechamento da porta&#8211; Desaparafusar levemente a porta se fechando<\/p>\n","protected":false},"featured_media":0,"comment_status":"open","ping_status":"closed","template":"","meta":[],"product_brand":[],"product_cat":[367993,368046],"product_tag":[],"class_list":{"0":"post-1117375","1":"product","2":"type-product","3":"status-publish","5":"product_cat-01-hinges","6":"product_cat-soft-closing-for-wooden-board","7":"no-featured-image-padding","8":"sales-flash-overlay","9":"woocommerce-text-align-center","10":"woocommerce-image-align-center","11":"do-quantity-buttons","13":"first","14":"instock","15":"featured","16":"shipping-taxable","17":"purchasable","18":"product-type-variable"},"_links":{"self":[{"href":"https:\/\/superon.cn\/pb\/wp-json\/wp\/v2\/product\/1117375","targetHints":{"allow":["GET"]}}],"collection":[{"href":"https:\/\/superon.cn\/pb\/wp-json\/wp\/v2\/product"}],"about":[{"href":"https:\/\/superon.cn\/pb\/wp-json\/wp\/v2\/types\/product"}],"replies":[{"embeddable":true,"href":"https:\/\/superon.cn\/pb\/wp-json\/wp\/v2\/comments?post=1117375"}],"wp:attachment":[{"href":"https:\/\/superon.cn\/pb\/wp-json\/wp\/v2\/media?parent=1117375"}],"wp:term":[{"taxonomy":"product_brand","embeddable":true,"href":"https:\/\/superon.cn\/pb\/wp-json\/wp\/v2\/product_brand?post=1117375"},{"taxonomy":"product_cat","embeddable":true,"href":"https:\/\/superon.cn\/pb\/wp-json\/wp\/v2\/product_cat?post=1117375"},{"taxonomy":"product_tag","embeddable":true,"href":"https:\/\/superon.cn\/pb\/wp-json\/wp\/v2\/product_tag?post=1117375"}],"curies":[{"name":"wp","href":"https:\/\/api.w.org\/{rel}","templated":true}]}}