{"id":1116585,"date":"2017-03-20T11:23:14","date_gmt":"2017-03-20T08:23:14","guid":{"rendered":"https:\/\/superon.cn\/catalogue\/uncategorized\/07-127\/"},"modified":"2026-03-18T04:47:45","modified_gmt":"2026-03-18T01:47:45","slug":"07-127","status":"publish","type":"product","link":"https:\/\/superon.cn\/pb\/catalogue\/07-brackets\/push-to-open-07-brackets\/07-127\/","title":{"rendered":"Cierre expulsador"},"content":{"rendered":"- Cabe\u00e7a magn\u00e9tica \u0443 suave.<br \/>&#8211; Contraplacado: autoadesivo, com encaixe ou com parafuso.<br \/>&#8211; Instalado em furo perfurado.<\/p>\n<p>A especifica\u00e7\u00e3o de contraplacado:<br \/>D &#8211; Cabe\u00e7a macia  <br \/>K &#8211; autoadesivo contraplacado<br \/>N &#8211; encaixe e parafuso","protected":false},"excerpt":{"rendered":"<p>&#8211; Cabe\u00e7a magn\u00e9tica \u0443 suave.&#8211; Contraplacado: autoadesivo, com encaixe ou com parafuso.&#8211; Instalado em furo perfurado. A especifica\u00e7\u00e3o de contraplacado:D &#8211; Cabe\u00e7a macia K &#8211; autoadesivo contraplacadoN &#8211; encaixe e parafuso<\/p>\n","protected":false},"featured_media":0,"comment_status":"open","ping_status":"closed","template":"","meta":[],"product_brand":[],"product_cat":[368005,368053],"product_tag":[],"class_list":{"0":"post-1116585","1":"product","2":"type-product","3":"status-publish","5":"product_cat-07-brackets","6":"product_cat-push-to-open-07-brackets","7":"no-featured-image-padding","8":"sales-flash-overlay","9":"woocommerce-text-align-center","10":"woocommerce-image-align-center","11":"do-quantity-buttons","13":"first","14":"instock","15":"shipping-taxable","16":"purchasable","17":"product-type-variable"},"_links":{"self":[{"href":"https:\/\/superon.cn\/pb\/wp-json\/wp\/v2\/product\/1116585","targetHints":{"allow":["GET"]}}],"collection":[{"href":"https:\/\/superon.cn\/pb\/wp-json\/wp\/v2\/product"}],"about":[{"href":"https:\/\/superon.cn\/pb\/wp-json\/wp\/v2\/types\/product"}],"replies":[{"embeddable":true,"href":"https:\/\/superon.cn\/pb\/wp-json\/wp\/v2\/comments?post=1116585"}],"wp:attachment":[{"href":"https:\/\/superon.cn\/pb\/wp-json\/wp\/v2\/media?parent=1116585"}],"wp:term":[{"taxonomy":"product_brand","embeddable":true,"href":"https:\/\/superon.cn\/pb\/wp-json\/wp\/v2\/product_brand?post=1116585"},{"taxonomy":"product_cat","embeddable":true,"href":"https:\/\/superon.cn\/pb\/wp-json\/wp\/v2\/product_cat?post=1116585"},{"taxonomy":"product_tag","embeddable":true,"href":"https:\/\/superon.cn\/pb\/wp-json\/wp\/v2\/product_tag?post=1116585"}],"curies":[{"name":"wp","href":"https:\/\/api.w.org\/{rel}","templated":true}]}}