{"id":1116574,"date":"2017-03-02T18:33:31","date_gmt":"2017-03-02T15:33:31","guid":{"rendered":"https:\/\/superon.cn\/catalogue\/uncategorized\/10-218\/"},"modified":"2026-03-18T04:47:45","modified_gmt":"2026-03-18T01:47:45","slug":"10-218","status":"publish","type":"product","link":"https:\/\/superon.cn\/pb\/catalogue\/10-connecting-fittings\/eccentric-cams\/10-218\/","title":{"rendered":"Exc\u00e9ntrica, D15"},"content":{"rendered":"Esta \u00e9 a c\u00e2mara exc\u00eantrica mais comum.<br \/>Vendido principalmente com: 10-109-34, 10-107-34, 10-145-34.<\/p>\n<p>&#8211; As cames exc\u00eantricas puxam as t\u00e1buas dos m\u00f3veis no seu sitio, desde a fenda inicial at\u00e9 4 mm.<br \/>&#8211; O di\u00e2metro da perfura\u00e7\u00e3o \u00e9 de 15mm, a profundidade da perfura\u00e7\u00e3o deve ser feita de acordo com a espessura da placa.<br \/>&#8211; Endenta\u00e7\u00f5es internas e externas fazem com que a conex\u00e3o seja segura.<br \/>&#8211; O pino sempre \u00e9 puxado para a posi\u00e7\u00e3o central, o que d\u00e1 uma montagem precisa.<br \/>&#8211; As cames exc\u00eantricas podem ser apertadas com chave de fenda cruzada PH2 (recomendada) ou PZ2, chave de fenda plana ou uma chave Allen de 4 mm.<br \/>&#8211; Utilizado para t\u00e1buas com espessura de 15, 16, mm.<\/p>\n<p>Um contentor &#8211; 3.000.000 exc\u00eantrico e 3.000.000 pino para exc\u00eantrica.","protected":false},"excerpt":{"rendered":"<p>0qUvCZv4Z4o<\/p>\n","protected":false},"featured_media":0,"comment_status":"open","ping_status":"closed","template":"","meta":[],"product_brand":[],"product_cat":[368003,368072],"product_tag":[],"class_list":{"0":"post-1116574","1":"product","2":"type-product","3":"status-publish","5":"product_cat-10-connecting-fittings","6":"product_cat-eccentric-cams","7":"no-featured-image-padding","8":"sales-flash-overlay","9":"woocommerce-text-align-center","10":"woocommerce-image-align-center","11":"do-quantity-buttons","13":"first","14":"instock","15":"shipping-taxable","16":"purchasable","17":"product-type-variable"},"_links":{"self":[{"href":"https:\/\/superon.cn\/pb\/wp-json\/wp\/v2\/product\/1116574","targetHints":{"allow":["GET"]}}],"collection":[{"href":"https:\/\/superon.cn\/pb\/wp-json\/wp\/v2\/product"}],"about":[{"href":"https:\/\/superon.cn\/pb\/wp-json\/wp\/v2\/types\/product"}],"replies":[{"embeddable":true,"href":"https:\/\/superon.cn\/pb\/wp-json\/wp\/v2\/comments?post=1116574"}],"wp:attachment":[{"href":"https:\/\/superon.cn\/pb\/wp-json\/wp\/v2\/media?parent=1116574"}],"wp:term":[{"taxonomy":"product_brand","embeddable":true,"href":"https:\/\/superon.cn\/pb\/wp-json\/wp\/v2\/product_brand?post=1116574"},{"taxonomy":"product_cat","embeddable":true,"href":"https:\/\/superon.cn\/pb\/wp-json\/wp\/v2\/product_cat?post=1116574"},{"taxonomy":"product_tag","embeddable":true,"href":"https:\/\/superon.cn\/pb\/wp-json\/wp\/v2\/product_tag?post=1116574"}],"curies":[{"name":"wp","href":"https:\/\/api.w.org\/{rel}","templated":true}]}}