{"id":1116037,"date":"2015-11-02T13:05:22","date_gmt":"2015-11-02T10:05:22","guid":{"rendered":"https:\/\/superon.cn\/catalogue\/uncategorized\/07-133\/"},"modified":"2026-03-18T04:47:36","modified_gmt":"2026-03-18T01:47:36","slug":"07-133","status":"publish","type":"product","link":"https:\/\/superon.cn\/pb\/catalogue\/07-brackets\/push-to-open-07-brackets\/07-133\/","title":{"rendered":"Cierre expulsador"},"content":{"rendered":"- Cabe\u00e7a magn\u00e9tica.<br \/>&#8211; Extens\u00e3o ajust\u00e1vel da cabe\u00e7a.<br \/>&#8211; Instalado com parafusos.<br \/>&#8211; Dist\u00e2ncia de abertura: 44 mm.<br \/>Este item pode ser fabricado com o seu logotipo.<\/p>\n<p>A especifica\u00e7\u00e3o de contraplacado:<br \/>K &#8211; autoadesivo contraplacado<br \/>N &#8211; encaixe e parafuso<br \/>KN &#8211; autoadesivo contraplacado + com encaixe e com parafuso<br \/>\u041e &#8211; parafuso de cabe\u00e7a grande<br \/>J &#8211; autoadesivo contraplacado com parafuso","protected":false},"excerpt":{"rendered":"<p>&#8211; Cabe\u00e7a magn\u00e9tica.&#8211; Extens\u00e3o ajust\u00e1vel da cabe\u00e7a.&#8211; Instalado com parafusos.&#8211; Dist\u00e2ncia de abertura: 44 mm.Este item pode ser fabricado com o seu logotipo. A especifica\u00e7\u00e3o de contraplacado:K &#8211; autoadesivo contraplacadoN &#8211; encaixe e parafusoKN &#8211; autoadesivo contraplacado + com encaixe e com parafuso\u041e &#8211; parafuso de cabe\u00e7a grandeJ &#8211; autoadesivo contraplacado com parafuso<\/p>\n","protected":false},"featured_media":0,"comment_status":"open","ping_status":"closed","template":"","meta":[],"product_brand":[],"product_cat":[368005,368053],"product_tag":[],"class_list":{"0":"post-1116037","1":"product","2":"type-product","3":"status-publish","5":"product_cat-07-brackets","6":"product_cat-push-to-open-07-brackets","7":"no-featured-image-padding","8":"sales-flash-overlay","9":"woocommerce-text-align-center","10":"woocommerce-image-align-center","11":"do-quantity-buttons","13":"first","14":"instock","15":"featured","16":"shipping-taxable","17":"purchasable","18":"product-type-variable"},"_links":{"self":[{"href":"https:\/\/superon.cn\/pb\/wp-json\/wp\/v2\/product\/1116037","targetHints":{"allow":["GET"]}}],"collection":[{"href":"https:\/\/superon.cn\/pb\/wp-json\/wp\/v2\/product"}],"about":[{"href":"https:\/\/superon.cn\/pb\/wp-json\/wp\/v2\/types\/product"}],"replies":[{"embeddable":true,"href":"https:\/\/superon.cn\/pb\/wp-json\/wp\/v2\/comments?post=1116037"}],"wp:attachment":[{"href":"https:\/\/superon.cn\/pb\/wp-json\/wp\/v2\/media?parent=1116037"}],"wp:term":[{"taxonomy":"product_brand","embeddable":true,"href":"https:\/\/superon.cn\/pb\/wp-json\/wp\/v2\/product_brand?post=1116037"},{"taxonomy":"product_cat","embeddable":true,"href":"https:\/\/superon.cn\/pb\/wp-json\/wp\/v2\/product_cat?post=1116037"},{"taxonomy":"product_tag","embeddable":true,"href":"https:\/\/superon.cn\/pb\/wp-json\/wp\/v2\/product_tag?post=1116037"}],"curies":[{"name":"wp","href":"https:\/\/api.w.org\/{rel}","templated":true}]}}