{"id":1116005,"date":"2015-10-23T13:11:10","date_gmt":"2015-10-23T10:11:10","guid":{"rendered":"https:\/\/superon.cn\/catalogue\/uncategorized\/09-125\/"},"modified":"2026-03-18T04:47:36","modified_gmt":"2026-03-18T01:47:36","slug":"09-125","status":"publish","type":"product","link":"https:\/\/superon.cn\/pb\/catalogue\/09-sliding-door-fittings\/sliding-door-systems\/09-125\/","title":{"rendered":"Sistema de rodillos"},"content":{"rendered":"Material:<br \/>Rolo superior\u2013 silicone<br \/>Rolo inferior &#8211; POM<\/p>\n<p>Carga = 75kg<br \/>Os rolos foram testados em uma porta de 75 kg e cobriram com sucesso uma dist\u00e2ncia de 10.000 metros com rolamento cont\u00ednuo. Aprovado com sucesso.<\/p>\n<p>De acordo com o pedido do cliente, parafusos de montagem podem ser feitos com o mesmo tamanho hex\u00e1gono, 4mm ou 5mm. Se n\u00e3o houver requisitos, os tamanhos hexagonais padr\u00e3o s\u00e3o os seguintes: <br \/>parafuso descendente \u041c5 \u2013 4mm<br \/>parafuso superior D=5mm &#8211; 4mm<br \/>parafuso superior D = 6mm &#8211; 5mm","protected":false},"excerpt":{"rendered":"<p>Material:Rolo superior\u2013 siliconeRolo inferior &#8211; POM Carga = 75kgOs rolos foram testados em uma porta de 75 kg e cobriram com sucesso uma dist\u00e2ncia de 10.000 metros com rolamento cont\u00ednuo. Aprovado com sucesso. De acordo com o pedido do cliente, parafusos de montagem podem ser feitos com o mesmo tamanho hex\u00e1gono, 4mm ou 5mm. Se n\u00e3o houver requisitos, os tamanhos hexagonais padr\u00e3o s\u00e3o os seguintes: parafuso descendente \u041c5 \u2013 4mmparafuso superior D=5mm &#8211; 4mmparafuso superior D = 6mm &#8211; 5mm<\/p>\n","protected":false},"featured_media":0,"comment_status":"open","ping_status":"closed","template":"","meta":[],"product_brand":[],"product_cat":[367996,367997],"product_tag":[],"class_list":{"0":"post-1116005","1":"product","2":"type-product","3":"status-publish","5":"product_cat-09-sliding-door-fittings","6":"product_cat-sliding-door-systems","7":"no-featured-image-padding","8":"sales-flash-overlay","9":"woocommerce-text-align-center","10":"woocommerce-image-align-center","11":"do-quantity-buttons","13":"first","14":"instock","15":"featured","16":"shipping-taxable","17":"purchasable","18":"product-type-variable"},"_links":{"self":[{"href":"https:\/\/superon.cn\/pb\/wp-json\/wp\/v2\/product\/1116005","targetHints":{"allow":["GET"]}}],"collection":[{"href":"https:\/\/superon.cn\/pb\/wp-json\/wp\/v2\/product"}],"about":[{"href":"https:\/\/superon.cn\/pb\/wp-json\/wp\/v2\/types\/product"}],"replies":[{"embeddable":true,"href":"https:\/\/superon.cn\/pb\/wp-json\/wp\/v2\/comments?post=1116005"}],"wp:attachment":[{"href":"https:\/\/superon.cn\/pb\/wp-json\/wp\/v2\/media?parent=1116005"}],"wp:term":[{"taxonomy":"product_brand","embeddable":true,"href":"https:\/\/superon.cn\/pb\/wp-json\/wp\/v2\/product_brand?post=1116005"},{"taxonomy":"product_cat","embeddable":true,"href":"https:\/\/superon.cn\/pb\/wp-json\/wp\/v2\/product_cat?post=1116005"},{"taxonomy":"product_tag","embeddable":true,"href":"https:\/\/superon.cn\/pb\/wp-json\/wp\/v2\/product_tag?post=1116005"}],"curies":[{"name":"wp","href":"https:\/\/api.w.org\/{rel}","templated":true}]}}