{"id":1115804,"date":"2010-10-19T15:34:13","date_gmt":"2010-10-19T12:34:13","guid":{"rendered":"https:\/\/superon.cn\/catalogue\/uncategorized\/01-482\/"},"modified":"2026-03-18T04:47:34","modified_gmt":"2026-03-18T01:47:34","slug":"01-482","status":"publish","type":"product","link":"https:\/\/superon.cn\/pb\/catalogue\/01-hinges\/soft-closing-for-aluminium-frames\/01-482\/","title":{"rendered":"Bisagra con amortiguaci\u00f3n para aluminio, fijo"},"content":{"rendered":"\u00c2ngulo de abertura: 95\u00b0<br \/>Instala\u00e7\u00e3o: placa n\u00e3o remov\u00edvel <br \/>Closing type: com amortecimento<br \/>Ajuste do cobrimento: \u00b12.5mm<br \/>Ajuste da profundidade: \u00b12.5mm<br \/>Ajuste da altura: \u00b12.0mm","protected":false},"excerpt":{"rendered":"<p>\u00c2ngulo de abertura: 95\u00b0Instala\u00e7\u00e3o: placa n\u00e3o remov\u00edvel Closing type: com amortecimentoAjuste do cobrimento: \u00b12.5mmAjuste da profundidade: \u00b12.5mmAjuste da altura: \u00b12.0mm<\/p>\n","protected":false},"featured_media":0,"comment_status":"open","ping_status":"closed","template":"","meta":[],"product_brand":[],"product_cat":[367993,368007],"product_tag":[],"class_list":{"0":"post-1115804","1":"product","2":"type-product","3":"status-publish","5":"product_cat-01-hinges","6":"product_cat-soft-closing-for-aluminium-frames","7":"no-featured-image-padding","8":"sales-flash-overlay","9":"woocommerce-text-align-center","10":"woocommerce-image-align-center","11":"do-quantity-buttons","13":"first","14":"instock","15":"shipping-taxable","16":"purchasable","17":"product-type-variable"},"_links":{"self":[{"href":"https:\/\/superon.cn\/pb\/wp-json\/wp\/v2\/product\/1115804","targetHints":{"allow":["GET"]}}],"collection":[{"href":"https:\/\/superon.cn\/pb\/wp-json\/wp\/v2\/product"}],"about":[{"href":"https:\/\/superon.cn\/pb\/wp-json\/wp\/v2\/types\/product"}],"replies":[{"embeddable":true,"href":"https:\/\/superon.cn\/pb\/wp-json\/wp\/v2\/comments?post=1115804"}],"wp:attachment":[{"href":"https:\/\/superon.cn\/pb\/wp-json\/wp\/v2\/media?parent=1115804"}],"wp:term":[{"taxonomy":"product_brand","embeddable":true,"href":"https:\/\/superon.cn\/pb\/wp-json\/wp\/v2\/product_brand?post=1115804"},{"taxonomy":"product_cat","embeddable":true,"href":"https:\/\/superon.cn\/pb\/wp-json\/wp\/v2\/product_cat?post=1115804"},{"taxonomy":"product_tag","embeddable":true,"href":"https:\/\/superon.cn\/pb\/wp-json\/wp\/v2\/product_tag?post=1115804"}],"curies":[{"name":"wp","href":"https:\/\/api.w.org\/{rel}","templated":true}]}}