{"id":1115052,"date":"2007-01-07T00:00:00","date_gmt":"2007-01-06T21:00:00","guid":{"rendered":"https:\/\/superon.cn\/catalogue\/uncategorized\/04-104\/"},"modified":"2026-03-18T04:47:22","modified_gmt":"2026-03-18T01:47:22","slug":"04-104","status":"publish","type":"product","link":"https:\/\/superon.cn\/pb\/catalogue\/04-legs-feet\/furniture-feet\/04-104\/","title":{"rendered":"Pie para mueble, cuadrada 25&#215;25"},"content":{"rendered":"A parte sextavada no nivelador proporciona um ajuste uniforme no momento da carga.<br \/>&#8211; O encaixe de pl\u00e1stico no fim \u00e9 limpado para eliminar as rebarbas do pl\u00e1stico.<br \/>&#8211; Pacote individual de polietileno","protected":false},"excerpt":{"rendered":"<p>A parte sextavada no nivelador proporciona um ajuste uniforme no momento da carga.&#8211; O encaixe de pl\u00e1stico no fim \u00e9 limpado para eliminar as rebarbas do pl\u00e1stico.&#8211; Pacote individual de polietileno<\/p>\n","protected":false},"featured_media":0,"comment_status":"open","ping_status":"closed","template":"","meta":[],"product_brand":[],"product_cat":[368010,368074],"product_tag":[],"class_list":{"0":"post-1115052","1":"product","2":"type-product","3":"status-publish","5":"product_cat-04-legs-feet","6":"product_cat-furniture-feet","7":"no-featured-image-padding","8":"sales-flash-overlay","9":"woocommerce-text-align-center","10":"woocommerce-image-align-center","11":"do-quantity-buttons","13":"first","14":"instock","15":"shipping-taxable","16":"purchasable","17":"product-type-variable"},"_links":{"self":[{"href":"https:\/\/superon.cn\/pb\/wp-json\/wp\/v2\/product\/1115052","targetHints":{"allow":["GET"]}}],"collection":[{"href":"https:\/\/superon.cn\/pb\/wp-json\/wp\/v2\/product"}],"about":[{"href":"https:\/\/superon.cn\/pb\/wp-json\/wp\/v2\/types\/product"}],"replies":[{"embeddable":true,"href":"https:\/\/superon.cn\/pb\/wp-json\/wp\/v2\/comments?post=1115052"}],"wp:attachment":[{"href":"https:\/\/superon.cn\/pb\/wp-json\/wp\/v2\/media?parent=1115052"}],"wp:term":[{"taxonomy":"product_brand","embeddable":true,"href":"https:\/\/superon.cn\/pb\/wp-json\/wp\/v2\/product_brand?post=1115052"},{"taxonomy":"product_cat","embeddable":true,"href":"https:\/\/superon.cn\/pb\/wp-json\/wp\/v2\/product_cat?post=1115052"},{"taxonomy":"product_tag","embeddable":true,"href":"https:\/\/superon.cn\/pb\/wp-json\/wp\/v2\/product_tag?post=1115052"}],"curies":[{"name":"wp","href":"https:\/\/api.w.org\/{rel}","templated":true}]}}