{"id":1114634,"date":"2007-01-07T00:00:00","date_gmt":"2007-01-06T21:00:00","guid":{"rendered":"https:\/\/superon.cn\/catalogue\/uncategorized\/10-801\/"},"modified":"2026-03-18T04:47:14","modified_gmt":"2026-03-18T01:47:14","slug":"10-801","status":"publish","type":"product","link":"https:\/\/superon.cn\/pb\/catalogue\/10-connecting-fittings\/wooden-sticks\/10-801\/","title":{"rendered":"Taco de madera, ranura diagonal"},"content":{"rendered":"O di\u00e2metro do bast\u00e3o de madeira \u00e9 padr\u00e3o maior 0.05 &#8211; 0.15 mm, que o nominal. \u00c9 feito para a instala\u00e7\u00e3o mais apertada no buraco. Significa que, com um tamanho nominal de 8&#215;30, o di\u00e2metro real \u00e9 de 8.05 &#8211; 8.20.<br \/>Os produtos s\u00e3o classificados manualmente para remover produtos quebrados, rachados, bem como para remover aparas, lascas e outros destro\u00e7os.","protected":false},"excerpt":{"rendered":"<p>O di\u00e2metro do bast\u00e3o de madeira \u00e9 padr\u00e3o maior 0.05 &#8211; 0.15 mm, que o nominal. \u00c9 feito para a instala\u00e7\u00e3o mais apertada no buraco. Significa que, com um tamanho nominal de 8&#215;30, o di\u00e2metro real \u00e9 de 8.05 &#8211; 8.20.Os produtos s\u00e3o classificados manualmente para remover produtos quebrados, rachados, bem como para remover aparas, lascas e outros destro\u00e7os.<\/p>\n","protected":false},"featured_media":0,"comment_status":"open","ping_status":"closed","template":"","meta":[],"product_brand":[],"product_cat":[368003,368132],"product_tag":[],"class_list":{"0":"post-1114634","1":"product","2":"type-product","3":"status-publish","5":"product_cat-10-connecting-fittings","6":"product_cat-wooden-sticks","7":"no-featured-image-padding","8":"sales-flash-overlay","9":"woocommerce-text-align-center","10":"woocommerce-image-align-center","11":"do-quantity-buttons","13":"first","14":"instock","15":"shipping-taxable","16":"purchasable","17":"product-type-variable"},"_links":{"self":[{"href":"https:\/\/superon.cn\/pb\/wp-json\/wp\/v2\/product\/1114634","targetHints":{"allow":["GET"]}}],"collection":[{"href":"https:\/\/superon.cn\/pb\/wp-json\/wp\/v2\/product"}],"about":[{"href":"https:\/\/superon.cn\/pb\/wp-json\/wp\/v2\/types\/product"}],"replies":[{"embeddable":true,"href":"https:\/\/superon.cn\/pb\/wp-json\/wp\/v2\/comments?post=1114634"}],"wp:attachment":[{"href":"https:\/\/superon.cn\/pb\/wp-json\/wp\/v2\/media?parent=1114634"}],"wp:term":[{"taxonomy":"product_brand","embeddable":true,"href":"https:\/\/superon.cn\/pb\/wp-json\/wp\/v2\/product_brand?post=1114634"},{"taxonomy":"product_cat","embeddable":true,"href":"https:\/\/superon.cn\/pb\/wp-json\/wp\/v2\/product_cat?post=1114634"},{"taxonomy":"product_tag","embeddable":true,"href":"https:\/\/superon.cn\/pb\/wp-json\/wp\/v2\/product_tag?post=1114634"}],"curies":[{"name":"wp","href":"https:\/\/api.w.org\/{rel}","templated":true}]}}