{"id":1114536,"date":"2007-01-07T00:00:00","date_gmt":"2007-01-06T21:00:00","guid":{"rendered":"https:\/\/superon.cn\/catalogue\/uncategorized\/10-500\/"},"modified":"2026-03-18T04:47:13","modified_gmt":"2026-03-18T01:47:13","slug":"10-500","status":"publish","type":"product","link":"https:\/\/superon.cn\/pb\/catalogue\/10-connecting-fittings\/hangers-for-cabinets\/10-500\/","title":{"rendered":"Colgador oculto"},"content":{"rendered":"- Para uso atr\u00e1s da parede traseira, suspens\u00e3o de trilho.<br \/> &#8211; Montado por 3 pinos no painel lateral, tamb\u00e9m tem buracos extras para conex\u00f5es de parafuso adicionais.<br \/> &#8211; Adequado para recesso do painel traseiro que mede pelo menos 16 mm.<br \/> &#8211; Parafusos de ajuste s\u00e3o seguros contra remo\u00e7\u00e3o involunt\u00e1ria.<br \/> &#8211; Facilmente ajustado com parafuso e engrenagem.<br \/> &#8211; Ajuste: Altura: \u00b1 9mm; Profundidade: max. 8 mm<br \/> &#8211; Altura de levantamento: 7 mm<br \/> &#8211; Carga: 150kg\/par","protected":false},"excerpt":{"rendered":"<p>&#8211; Para uso atr\u00e1s da parede traseira, suspens\u00e3o de trilho. &#8211; Montado por 3 pinos no painel lateral, tamb\u00e9m tem buracos extras para conex\u00f5es de parafuso adicionais. &#8211; Adequado para recesso do painel traseiro que mede pelo menos 16 mm. &#8211; Parafusos de ajuste s\u00e3o seguros contra remo\u00e7\u00e3o involunt\u00e1ria. &#8211; Facilmente ajustado com parafuso e engrenagem. &#8211; Ajuste: Altura: \u00b1 9mm; Profundidade: max. 8 mm &#8211; Altura de levantamento: 7 mm &#8211; Carga: 150kg\/par<\/p>\n","protected":false},"featured_media":0,"comment_status":"open","ping_status":"closed","template":"","meta":[],"product_brand":[],"product_cat":[368003,368049],"product_tag":[],"class_list":{"0":"post-1114536","1":"product","2":"type-product","3":"status-publish","5":"product_cat-10-connecting-fittings","6":"product_cat-hangers-for-cabinets","7":"no-featured-image-padding","8":"sales-flash-overlay","9":"woocommerce-text-align-center","10":"woocommerce-image-align-center","11":"do-quantity-buttons","13":"first","14":"instock","15":"shipping-taxable","16":"purchasable","17":"product-type-variable"},"_links":{"self":[{"href":"https:\/\/superon.cn\/pb\/wp-json\/wp\/v2\/product\/1114536","targetHints":{"allow":["GET"]}}],"collection":[{"href":"https:\/\/superon.cn\/pb\/wp-json\/wp\/v2\/product"}],"about":[{"href":"https:\/\/superon.cn\/pb\/wp-json\/wp\/v2\/types\/product"}],"replies":[{"embeddable":true,"href":"https:\/\/superon.cn\/pb\/wp-json\/wp\/v2\/comments?post=1114536"}],"wp:attachment":[{"href":"https:\/\/superon.cn\/pb\/wp-json\/wp\/v2\/media?parent=1114536"}],"wp:term":[{"taxonomy":"product_brand","embeddable":true,"href":"https:\/\/superon.cn\/pb\/wp-json\/wp\/v2\/product_brand?post=1114536"},{"taxonomy":"product_cat","embeddable":true,"href":"https:\/\/superon.cn\/pb\/wp-json\/wp\/v2\/product_cat?post=1114536"},{"taxonomy":"product_tag","embeddable":true,"href":"https:\/\/superon.cn\/pb\/wp-json\/wp\/v2\/product_tag?post=1114536"}],"curies":[{"name":"wp","href":"https:\/\/api.w.org\/{rel}","templated":true}]}}