{"id":1114474,"date":"2011-04-15T11:24:21","date_gmt":"2011-04-15T08:24:21","guid":{"rendered":"https:\/\/superon.cn\/catalogue\/uncategorized\/10-473\/"},"modified":"2026-03-18T04:47:12","modified_gmt":"2026-03-18T01:47:12","slug":"10-473","status":"publish","type":"product","link":"https:\/\/superon.cn\/pb\/catalogue\/10-connecting-fittings\/steel-corners-and-plates\/10-473\/","title":{"rendered":"Placa para tornillos gota de sebo"},"content":{"rendered":"- Montagem na parte traseira do arm\u00e1rio<br \/>&#8211; O furo que vai na cabe\u00e7a do parafuso pode ser colocado sobre o arm\u00e1rio ou um furo pode ser perfurado na parte traseira do arm\u00e1rio.","protected":false},"excerpt":{"rendered":"<p>&#8211; Montagem na parte traseira do arm\u00e1rio&#8211; O furo que vai na cabe\u00e7a do parafuso pode ser colocado sobre o arm\u00e1rio ou um furo pode ser perfurado na parte traseira do arm\u00e1rio.<\/p>\n","protected":false},"featured_media":0,"comment_status":"open","ping_status":"closed","template":"","meta":[],"product_brand":[],"product_cat":[368003,368020],"product_tag":[],"class_list":{"0":"post-1114474","1":"product","2":"type-product","3":"status-publish","5":"product_cat-10-connecting-fittings","6":"product_cat-steel-corners-and-plates","7":"no-featured-image-padding","8":"sales-flash-overlay","9":"woocommerce-text-align-center","10":"woocommerce-image-align-center","11":"do-quantity-buttons","13":"first","14":"instock","15":"shipping-taxable","16":"purchasable","17":"product-type-variable"},"_links":{"self":[{"href":"https:\/\/superon.cn\/pb\/wp-json\/wp\/v2\/product\/1114474","targetHints":{"allow":["GET"]}}],"collection":[{"href":"https:\/\/superon.cn\/pb\/wp-json\/wp\/v2\/product"}],"about":[{"href":"https:\/\/superon.cn\/pb\/wp-json\/wp\/v2\/types\/product"}],"replies":[{"embeddable":true,"href":"https:\/\/superon.cn\/pb\/wp-json\/wp\/v2\/comments?post=1114474"}],"wp:attachment":[{"href":"https:\/\/superon.cn\/pb\/wp-json\/wp\/v2\/media?parent=1114474"}],"wp:term":[{"taxonomy":"product_brand","embeddable":true,"href":"https:\/\/superon.cn\/pb\/wp-json\/wp\/v2\/product_brand?post=1114474"},{"taxonomy":"product_cat","embeddable":true,"href":"https:\/\/superon.cn\/pb\/wp-json\/wp\/v2\/product_cat?post=1114474"},{"taxonomy":"product_tag","embeddable":true,"href":"https:\/\/superon.cn\/pb\/wp-json\/wp\/v2\/product_tag?post=1114474"}],"curies":[{"name":"wp","href":"https:\/\/api.w.org\/{rel}","templated":true}]}}