{"id":1114421,"date":"2011-02-03T18:58:12","date_gmt":"2011-02-03T15:58:12","guid":{"rendered":"https:\/\/superon.cn\/catalogue\/uncategorized\/10-417\/"},"modified":"2026-03-18T04:47:11","modified_gmt":"2026-03-18T01:47:11","slug":"10-417","status":"publish","type":"product","link":"https:\/\/superon.cn\/pb\/catalogue\/10-connecting-fittings\/steel-corners-and-plates\/10-417\/","title":{"rendered":"Escuadra para atornillar"},"content":{"rendered":"- A forma elevada estampada d\u00e1 um volume visual extra e faz com que o item seja mais forte, desempenhando o papel de \u201ccostela\u201d fortalecedora.<br \/>&#8211; O furo oval permite ajustar a posi\u00e7\u00e3o dos n\u00edveis instalados antes da fixa\u00e7\u00e3o.","protected":false},"excerpt":{"rendered":"<p>&#8211; A forma elevada estampada d\u00e1 um volume visual extra e faz com que o item seja mais forte, desempenhando o papel de \u201ccostela\u201d fortalecedora.&#8211; O furo oval permite ajustar a posi\u00e7\u00e3o dos n\u00edveis instalados antes da fixa\u00e7\u00e3o.<\/p>\n","protected":false},"featured_media":0,"comment_status":"open","ping_status":"closed","template":"","meta":[],"product_brand":[],"product_cat":[368003,368020],"product_tag":[],"class_list":{"0":"post-1114421","1":"product","2":"type-product","3":"status-publish","5":"product_cat-10-connecting-fittings","6":"product_cat-steel-corners-and-plates","7":"no-featured-image-padding","8":"sales-flash-overlay","9":"woocommerce-text-align-center","10":"woocommerce-image-align-center","11":"do-quantity-buttons","13":"first","14":"instock","15":"shipping-taxable","16":"purchasable","17":"product-type-variable"},"_links":{"self":[{"href":"https:\/\/superon.cn\/pb\/wp-json\/wp\/v2\/product\/1114421","targetHints":{"allow":["GET"]}}],"collection":[{"href":"https:\/\/superon.cn\/pb\/wp-json\/wp\/v2\/product"}],"about":[{"href":"https:\/\/superon.cn\/pb\/wp-json\/wp\/v2\/types\/product"}],"replies":[{"embeddable":true,"href":"https:\/\/superon.cn\/pb\/wp-json\/wp\/v2\/comments?post=1114421"}],"wp:attachment":[{"href":"https:\/\/superon.cn\/pb\/wp-json\/wp\/v2\/media?parent=1114421"}],"wp:term":[{"taxonomy":"product_brand","embeddable":true,"href":"https:\/\/superon.cn\/pb\/wp-json\/wp\/v2\/product_brand?post=1114421"},{"taxonomy":"product_cat","embeddable":true,"href":"https:\/\/superon.cn\/pb\/wp-json\/wp\/v2\/product_cat?post=1114421"},{"taxonomy":"product_tag","embeddable":true,"href":"https:\/\/superon.cn\/pb\/wp-json\/wp\/v2\/product_tag?post=1114421"}],"curies":[{"name":"wp","href":"https:\/\/api.w.org\/{rel}","templated":true}]}}