{"id":1114178,"date":"2013-06-24T13:17:36","date_gmt":"2013-06-24T10:17:36","guid":{"rendered":"https:\/\/superon.cn\/catalogue\/uncategorized\/10-342\/"},"modified":"2026-03-18T04:47:09","modified_gmt":"2026-03-18T01:47:09","slug":"10-342","status":"publish","type":"product","link":"https:\/\/superon.cn\/pb\/catalogue\/10-connecting-fittings\/sockets\/10-342\/","title":{"rendered":"Tuerca de funda"},"content":{"rendered":"- Instalado com o instrumento.<br \/>&#8211; o soquete \u00e9 colocado na cabe\u00e7a do instrumento, vai no furo e quando os puxadores do instrumento s\u00e3o apartados, o soquete \u00e9 expandido e fixado no material. <br \/>&#8211; O m\u00ednimo e m\u00e1ximo do material \u00e9 mostrado na tabela como \u201cfenda\u201d.","protected":false},"excerpt":{"rendered":"<p>&#8211; Instalado com o instrumento.&#8211; o soquete \u00e9 colocado na cabe\u00e7a do instrumento, vai no furo e quando os puxadores do instrumento s\u00e3o apartados, o soquete \u00e9 expandido e fixado no material. &#8211; O m\u00ednimo e m\u00e1ximo do material \u00e9 mostrado na tabela como \u201cfenda\u201d.<\/p>\n","protected":false},"featured_media":0,"comment_status":"open","ping_status":"closed","template":"","meta":[],"product_brand":[],"product_cat":[368003,368094],"product_tag":[],"class_list":{"0":"post-1114178","1":"product","2":"type-product","3":"status-publish","5":"product_cat-10-connecting-fittings","6":"product_cat-sockets","7":"no-featured-image-padding","8":"sales-flash-overlay","9":"woocommerce-text-align-center","10":"woocommerce-image-align-center","11":"do-quantity-buttons","13":"first","14":"instock","15":"shipping-taxable","16":"purchasable","17":"product-type-variable"},"_links":{"self":[{"href":"https:\/\/superon.cn\/pb\/wp-json\/wp\/v2\/product\/1114178","targetHints":{"allow":["GET"]}}],"collection":[{"href":"https:\/\/superon.cn\/pb\/wp-json\/wp\/v2\/product"}],"about":[{"href":"https:\/\/superon.cn\/pb\/wp-json\/wp\/v2\/types\/product"}],"replies":[{"embeddable":true,"href":"https:\/\/superon.cn\/pb\/wp-json\/wp\/v2\/comments?post=1114178"}],"wp:attachment":[{"href":"https:\/\/superon.cn\/pb\/wp-json\/wp\/v2\/media?parent=1114178"}],"wp:term":[{"taxonomy":"product_brand","embeddable":true,"href":"https:\/\/superon.cn\/pb\/wp-json\/wp\/v2\/product_brand?post=1114178"},{"taxonomy":"product_cat","embeddable":true,"href":"https:\/\/superon.cn\/pb\/wp-json\/wp\/v2\/product_cat?post=1114178"},{"taxonomy":"product_tag","embeddable":true,"href":"https:\/\/superon.cn\/pb\/wp-json\/wp\/v2\/product_tag?post=1114178"}],"curies":[{"name":"wp","href":"https:\/\/api.w.org\/{rel}","templated":true}]}}