{"id":1114009,"date":"2007-01-07T00:00:00","date_gmt":"2007-01-06T21:00:00","guid":{"rendered":"https:\/\/superon.cn\/catalogue\/uncategorized\/10-276-b\/"},"modified":"2026-03-18T04:47:07","modified_gmt":"2026-03-18T01:47:07","slug":"10-276-b","status":"publish","type":"product","link":"https:\/\/superon.cn\/pb\/catalogue\/10-connecting-fittings\/eccentric-for-shelves\/10-276-b\/","title":{"rendered":"Herraje de union"},"content":{"rendered":"- Ferragem de fixa\u00e7\u00e3o de duas partes.<br \/>&#8211; Permita a fixa\u00e7\u00e3o dos paneis, inclusive com uma ampla toler\u00e2ncia nos tamanhos.<br \/>&#8211; A chave de fenda \u00e9 segurada em \u00e2ngulo durante a fixa\u00e7\u00e3o, para um trabalho mais r\u00e1pido e confort\u00e1vel.","protected":false},"excerpt":{"rendered":"<p>&#8211; Ferragem de fixa\u00e7\u00e3o de duas partes.&#8211; Permita a fixa\u00e7\u00e3o dos paneis, inclusive com uma ampla toler\u00e2ncia nos tamanhos.&#8211; A chave de fenda \u00e9 segurada em \u00e2ngulo durante a fixa\u00e7\u00e3o, para um trabalho mais r\u00e1pido e confort\u00e1vel.<\/p>\n","protected":false},"featured_media":0,"comment_status":"open","ping_status":"closed","template":"","meta":[],"product_brand":[],"product_cat":[368003,368004],"product_tag":[],"class_list":{"0":"post-1114009","1":"product","2":"type-product","3":"status-publish","5":"product_cat-10-connecting-fittings","6":"product_cat-eccentric-for-shelves","7":"no-featured-image-padding","8":"sales-flash-overlay","9":"woocommerce-text-align-center","10":"woocommerce-image-align-center","11":"do-quantity-buttons","13":"first","14":"instock","15":"shipping-taxable","16":"purchasable","17":"product-type-variable"},"_links":{"self":[{"href":"https:\/\/superon.cn\/pb\/wp-json\/wp\/v2\/product\/1114009","targetHints":{"allow":["GET"]}}],"collection":[{"href":"https:\/\/superon.cn\/pb\/wp-json\/wp\/v2\/product"}],"about":[{"href":"https:\/\/superon.cn\/pb\/wp-json\/wp\/v2\/types\/product"}],"replies":[{"embeddable":true,"href":"https:\/\/superon.cn\/pb\/wp-json\/wp\/v2\/comments?post=1114009"}],"wp:attachment":[{"href":"https:\/\/superon.cn\/pb\/wp-json\/wp\/v2\/media?parent=1114009"}],"wp:term":[{"taxonomy":"product_brand","embeddable":true,"href":"https:\/\/superon.cn\/pb\/wp-json\/wp\/v2\/product_brand?post=1114009"},{"taxonomy":"product_cat","embeddable":true,"href":"https:\/\/superon.cn\/pb\/wp-json\/wp\/v2\/product_cat?post=1114009"},{"taxonomy":"product_tag","embeddable":true,"href":"https:\/\/superon.cn\/pb\/wp-json\/wp\/v2\/product_tag?post=1114009"}],"curies":[{"name":"wp","href":"https:\/\/api.w.org\/{rel}","templated":true}]}}