{"id":1113947,"date":"2013-04-15T15:26:34","date_gmt":"2013-04-15T12:26:34","guid":{"rendered":"https:\/\/superon.cn\/catalogue\/uncategorized\/10-268\/"},"modified":"2026-03-18T04:47:06","modified_gmt":"2026-03-18T01:47:06","slug":"10-268","status":"publish","type":"product","link":"https:\/\/superon.cn\/pb\/catalogue\/10-connecting-fittings\/eccentric-for-shelves\/10-268\/","title":{"rendered":"Exc\u00e9ntricas de estante"},"content":{"rendered":"- O broche girat\u00f3rio est\u00e1 fechando a cobertura no encaixe de pl\u00e1stico.<br \/>&#8211; O encaixe est\u00e1 localizado em um furo de 20 mm de di\u00e2metro.<br \/>&#8211; N\u00e3o tem expans\u00e3o ou efeito exc\u00eantrico.<br \/>&#8211; Parafuso euro 6.3&#215;6 mm (parte externa), a profundidade da perfura\u00e7\u00e3o para o parafuso euro \u00e9 de 7 mm.","protected":false},"excerpt":{"rendered":"<p>&#8211; O broche girat\u00f3rio est\u00e1 fechando a cobertura no encaixe de pl\u00e1stico.&#8211; O encaixe est\u00e1 localizado em um furo de 20 mm de di\u00e2metro.&#8211; N\u00e3o tem expans\u00e3o ou efeito exc\u00eantrico.&#8211; Parafuso euro 6.3&#215;6 mm (parte externa), a profundidade da perfura\u00e7\u00e3o para o parafuso euro \u00e9 de 7 mm.<\/p>\n","protected":false},"featured_media":0,"comment_status":"open","ping_status":"closed","template":"","meta":[],"product_brand":[],"product_cat":[368003,368004],"product_tag":[],"class_list":{"0":"post-1113947","1":"product","2":"type-product","3":"status-publish","5":"product_cat-10-connecting-fittings","6":"product_cat-eccentric-for-shelves","7":"no-featured-image-padding","8":"sales-flash-overlay","9":"woocommerce-text-align-center","10":"woocommerce-image-align-center","11":"do-quantity-buttons","13":"first","14":"instock","15":"shipping-taxable","16":"purchasable","17":"product-type-variable"},"_links":{"self":[{"href":"https:\/\/superon.cn\/pb\/wp-json\/wp\/v2\/product\/1113947","targetHints":{"allow":["GET"]}}],"collection":[{"href":"https:\/\/superon.cn\/pb\/wp-json\/wp\/v2\/product"}],"about":[{"href":"https:\/\/superon.cn\/pb\/wp-json\/wp\/v2\/types\/product"}],"replies":[{"embeddable":true,"href":"https:\/\/superon.cn\/pb\/wp-json\/wp\/v2\/comments?post=1113947"}],"wp:attachment":[{"href":"https:\/\/superon.cn\/pb\/wp-json\/wp\/v2\/media?parent=1113947"}],"wp:term":[{"taxonomy":"product_brand","embeddable":true,"href":"https:\/\/superon.cn\/pb\/wp-json\/wp\/v2\/product_brand?post=1113947"},{"taxonomy":"product_cat","embeddable":true,"href":"https:\/\/superon.cn\/pb\/wp-json\/wp\/v2\/product_cat?post=1113947"},{"taxonomy":"product_tag","embeddable":true,"href":"https:\/\/superon.cn\/pb\/wp-json\/wp\/v2\/product_tag?post=1113947"}],"curies":[{"name":"wp","href":"https:\/\/api.w.org\/{rel}","templated":true}]}}