{"id":1113016,"date":"2010-10-21T15:08:24","date_gmt":"2010-10-21T12:08:24","guid":{"rendered":"https:\/\/superon.cn\/catalogue\/uncategorized\/03-010\/"},"modified":"2026-03-18T04:46:56","modified_gmt":"2026-03-18T01:46:56","slug":"03-010","status":"publish","type":"product","link":"https:\/\/superon.cn\/pb\/catalogue\/03-locks\/master-key\/03-010\/","title":{"rendered":"Cerradura #288 con barril removible y llave maestra"},"content":{"rendered":"Combina\u00e7\u00f5es de chaves: 3840 tipos de fechaduras exclusivos","protected":false},"excerpt":{"rendered":"<p>Combina\u00e7\u00f5es de chaves: 3840 tipos de fechaduras exclusivos<\/p>\n","protected":false},"featured_media":0,"comment_status":"open","ping_status":"closed","template":"","meta":[],"product_brand":[],"product_cat":[368029,368038],"product_tag":[],"class_list":{"0":"post-1113016","1":"product","2":"type-product","3":"status-publish","5":"product_cat-03-locks","6":"product_cat-master-key","7":"no-featured-image-padding","8":"sales-flash-overlay","9":"woocommerce-text-align-center","10":"woocommerce-image-align-center","11":"do-quantity-buttons","13":"first","14":"instock","15":"shipping-taxable","16":"purchasable","17":"product-type-variable"},"_links":{"self":[{"href":"https:\/\/superon.cn\/pb\/wp-json\/wp\/v2\/product\/1113016","targetHints":{"allow":["GET"]}}],"collection":[{"href":"https:\/\/superon.cn\/pb\/wp-json\/wp\/v2\/product"}],"about":[{"href":"https:\/\/superon.cn\/pb\/wp-json\/wp\/v2\/types\/product"}],"replies":[{"embeddable":true,"href":"https:\/\/superon.cn\/pb\/wp-json\/wp\/v2\/comments?post=1113016"}],"wp:attachment":[{"href":"https:\/\/superon.cn\/pb\/wp-json\/wp\/v2\/media?parent=1113016"}],"wp:term":[{"taxonomy":"product_brand","embeddable":true,"href":"https:\/\/superon.cn\/pb\/wp-json\/wp\/v2\/product_brand?post=1113016"},{"taxonomy":"product_cat","embeddable":true,"href":"https:\/\/superon.cn\/pb\/wp-json\/wp\/v2\/product_cat?post=1113016"},{"taxonomy":"product_tag","embeddable":true,"href":"https:\/\/superon.cn\/pb\/wp-json\/wp\/v2\/product_tag?post=1113016"}],"curies":[{"name":"wp","href":"https:\/\/api.w.org\/{rel}","templated":true}]}}