{"id":1112516,"date":"2007-01-07T00:00:00","date_gmt":"2007-01-06T21:00:00","guid":{"rendered":"https:\/\/superon.cn\/catalogue\/uncategorized\/07-415\/"},"modified":"2026-03-18T04:46:46","modified_gmt":"2026-03-18T01:46:46","slug":"07-415","status":"publish","type":"product","link":"https:\/\/superon.cn\/pb\/catalogue\/07-brackets\/lifting-brackets\/07-415\/","title":{"rendered":"Sujetapuertas"},"content":{"rendered":"07-415-SU, 07-415-SD: comprimento do bra\u00e7o a partir do centro 132mm<br \/>07-415-LU, 07-415-LD: comprimento do bra\u00e7o a partir do centro 185mm<\/p>\n<p>07-415-SU, 07-415-LU: para abertura para cima<br \/>07-415-SD, 07-415-LD: para abertura descendente<\/p>\n<p>&#8211; amortecedor  de \u00f3leo embutido para movimento suave e silencioso<br \/>&#8211; instala\u00e7\u00e3o r\u00e1pida da porta (pode ser instalada e removida facilmente)<br \/>&#8211; se a porta for superior a 600 mm, dois suportes devem ser instalados","protected":false},"excerpt":{"rendered":"<p>07-415-SU, 07-415-SD: comprimento do bra\u00e7o a partir do centro 132mm07-415-LU, 07-415-LD: comprimento do bra\u00e7o a partir do centro 185mm 07-415-SU, 07-415-LU: para abertura para cima07-415-SD, 07-415-LD: para abertura descendente &#8211; amortecedor de \u00f3leo embutido para movimento suave e silencioso&#8211; instala\u00e7\u00e3o r\u00e1pida da porta (pode ser instalada e removida facilmente)&#8211; se a porta for superior a 600 mm, dois suportes devem ser instalados<\/p>\n","protected":false},"featured_media":0,"comment_status":"open","ping_status":"closed","template":"","meta":[],"product_brand":[],"product_cat":[368005,368088],"product_tag":[],"class_list":{"0":"post-1112516","1":"product","2":"type-product","3":"status-publish","5":"product_cat-07-brackets","6":"product_cat-lifting-brackets","7":"no-featured-image-padding","8":"sales-flash-overlay","9":"woocommerce-text-align-center","10":"woocommerce-image-align-center","11":"do-quantity-buttons","13":"first","14":"instock","15":"shipping-taxable","16":"purchasable","17":"product-type-variable"},"_links":{"self":[{"href":"https:\/\/superon.cn\/pb\/wp-json\/wp\/v2\/product\/1112516","targetHints":{"allow":["GET"]}}],"collection":[{"href":"https:\/\/superon.cn\/pb\/wp-json\/wp\/v2\/product"}],"about":[{"href":"https:\/\/superon.cn\/pb\/wp-json\/wp\/v2\/types\/product"}],"replies":[{"embeddable":true,"href":"https:\/\/superon.cn\/pb\/wp-json\/wp\/v2\/comments?post=1112516"}],"wp:attachment":[{"href":"https:\/\/superon.cn\/pb\/wp-json\/wp\/v2\/media?parent=1112516"}],"wp:term":[{"taxonomy":"product_brand","embeddable":true,"href":"https:\/\/superon.cn\/pb\/wp-json\/wp\/v2\/product_brand?post=1112516"},{"taxonomy":"product_cat","embeddable":true,"href":"https:\/\/superon.cn\/pb\/wp-json\/wp\/v2\/product_cat?post=1112516"},{"taxonomy":"product_tag","embeddable":true,"href":"https:\/\/superon.cn\/pb\/wp-json\/wp\/v2\/product_tag?post=1112516"}],"curies":[{"name":"wp","href":"https:\/\/api.w.org\/{rel}","templated":true}]}}