{"id":1112476,"date":"2007-01-07T00:00:00","date_gmt":"2007-01-06T21:00:00","guid":{"rendered":"https:\/\/superon.cn\/catalogue\/uncategorized\/07-312\/"},"modified":"2026-03-18T04:46:45","modified_gmt":"2026-03-18T01:46:45","slug":"07-312","status":"publish","type":"product","link":"https:\/\/superon.cn\/pb\/catalogue\/07-brackets\/push-to-open-07-brackets\/07-312\/","title":{"rendered":"Cierre expulsador &#8220;push-to-open&#8221;"},"content":{"rendered":"- Mola dobro, constru\u00e7\u00e3o de confian\u00e7a.<br \/>&#8211; Fechado est\u00e1vel.<br \/>&#8211; Contraplacado melhorado com uma parte de zinco de fundi\u00e7\u00e3o injetada que impede a ruptura do produto em caso de puxar a porta.<\/p>\n<p>Este artigo pode ser produzido com o seu logotipo.","protected":false},"excerpt":{"rendered":"<p>&#8211; Mola dobro, constru\u00e7\u00e3o de confian\u00e7a.&#8211; Fechado est\u00e1vel.&#8211; Contraplacado melhorado com uma parte de zinco de fundi\u00e7\u00e3o injetada que impede a ruptura do produto em caso de puxar a porta. Este artigo pode ser produzido com o seu logotipo.<\/p>\n","protected":false},"featured_media":0,"comment_status":"open","ping_status":"closed","template":"","meta":[],"product_brand":[],"product_cat":[368005,368053],"product_tag":[],"class_list":{"0":"post-1112476","1":"product","2":"type-product","3":"status-publish","5":"product_cat-07-brackets","6":"product_cat-push-to-open-07-brackets","7":"no-featured-image-padding","8":"sales-flash-overlay","9":"woocommerce-text-align-center","10":"woocommerce-image-align-center","11":"do-quantity-buttons","13":"first","14":"instock","15":"featured","16":"shipping-taxable","17":"purchasable","18":"product-type-variable"},"_links":{"self":[{"href":"https:\/\/superon.cn\/pb\/wp-json\/wp\/v2\/product\/1112476","targetHints":{"allow":["GET"]}}],"collection":[{"href":"https:\/\/superon.cn\/pb\/wp-json\/wp\/v2\/product"}],"about":[{"href":"https:\/\/superon.cn\/pb\/wp-json\/wp\/v2\/types\/product"}],"replies":[{"embeddable":true,"href":"https:\/\/superon.cn\/pb\/wp-json\/wp\/v2\/comments?post=1112476"}],"wp:attachment":[{"href":"https:\/\/superon.cn\/pb\/wp-json\/wp\/v2\/media?parent=1112476"}],"wp:term":[{"taxonomy":"product_brand","embeddable":true,"href":"https:\/\/superon.cn\/pb\/wp-json\/wp\/v2\/product_brand?post=1112476"},{"taxonomy":"product_cat","embeddable":true,"href":"https:\/\/superon.cn\/pb\/wp-json\/wp\/v2\/product_cat?post=1112476"},{"taxonomy":"product_tag","embeddable":true,"href":"https:\/\/superon.cn\/pb\/wp-json\/wp\/v2\/product_tag?post=1112476"}],"curies":[{"name":"wp","href":"https:\/\/api.w.org\/{rel}","templated":true}]}}