{"id":1112431,"date":"2007-01-07T00:00:00","date_gmt":"2007-01-06T21:00:00","guid":{"rendered":"https:\/\/superon.cn\/catalogue\/uncategorized\/07-202\/"},"modified":"2026-03-18T04:46:44","modified_gmt":"2026-03-18T01:46:44","slug":"07-202","status":"publish","type":"product","link":"https:\/\/superon.cn\/pb\/catalogue\/07-brackets\/magnets-catches\/07-202\/","title":{"rendered":"Cierre Magn\u00e9ticos"},"content":{"rendered":"- A captura magn\u00e9tica pode ser com um \u00edman pequeno ou grande.<br \/>&#8211; Diferentes cores est\u00e3o dispon\u00edveis.<br \/>&#8211; O pl\u00e1stico utilizado neste produto \u00e9 est\u00e1vel, n\u00e3o se desfaz durante a instala\u00e7\u00e3o.","protected":false},"excerpt":{"rendered":"<p>&#8211; A captura magn\u00e9tica pode ser com um \u00edman pequeno ou grande.&#8211; Diferentes cores est\u00e3o dispon\u00edveis.&#8211; O pl\u00e1stico utilizado neste produto \u00e9 est\u00e1vel, n\u00e3o se desfaz durante a instala\u00e7\u00e3o.<\/p>\n","protected":false},"featured_media":0,"comment_status":"open","ping_status":"closed","template":"","meta":[],"product_brand":[],"product_cat":[368005,368027],"product_tag":[],"class_list":{"0":"post-1112431","1":"product","2":"type-product","3":"status-publish","5":"product_cat-07-brackets","6":"product_cat-magnets-catches","7":"no-featured-image-padding","8":"sales-flash-overlay","9":"woocommerce-text-align-center","10":"woocommerce-image-align-center","11":"do-quantity-buttons","13":"first","14":"instock","15":"featured","16":"shipping-taxable","17":"purchasable","18":"product-type-variable"},"_links":{"self":[{"href":"https:\/\/superon.cn\/pb\/wp-json\/wp\/v2\/product\/1112431","targetHints":{"allow":["GET"]}}],"collection":[{"href":"https:\/\/superon.cn\/pb\/wp-json\/wp\/v2\/product"}],"about":[{"href":"https:\/\/superon.cn\/pb\/wp-json\/wp\/v2\/types\/product"}],"replies":[{"embeddable":true,"href":"https:\/\/superon.cn\/pb\/wp-json\/wp\/v2\/comments?post=1112431"}],"wp:attachment":[{"href":"https:\/\/superon.cn\/pb\/wp-json\/wp\/v2\/media?parent=1112431"}],"wp:term":[{"taxonomy":"product_brand","embeddable":true,"href":"https:\/\/superon.cn\/pb\/wp-json\/wp\/v2\/product_brand?post=1112431"},{"taxonomy":"product_cat","embeddable":true,"href":"https:\/\/superon.cn\/pb\/wp-json\/wp\/v2\/product_cat?post=1112431"},{"taxonomy":"product_tag","embeddable":true,"href":"https:\/\/superon.cn\/pb\/wp-json\/wp\/v2\/product_tag?post=1112431"}],"curies":[{"name":"wp","href":"https:\/\/api.w.org\/{rel}","templated":true}]}}