{"id":1112374,"date":"2007-01-07T00:00:00","date_gmt":"2007-01-06T21:00:00","guid":{"rendered":"https:\/\/superon.cn\/catalogue\/uncategorized\/07-122\/"},"modified":"2026-03-18T04:46:44","modified_gmt":"2026-03-18T01:46:44","slug":"07-122","status":"publish","type":"product","link":"https:\/\/superon.cn\/pb\/catalogue\/07-brackets\/push-to-open-07-brackets\/07-122\/","title":{"rendered":"Cierre expulsador"},"content":{"rendered":"Como escolher a boa qualidade:<br \/>&#8211; For\u00e7ar a for\u00e7a \u00e9 importante. Mantemos a for\u00e7a perto da 15N, para que o produto possa abrir a porta.<br \/>&#8211; A for\u00e7a magn\u00e9tica deve ser boa. Caso contr\u00e1rio, o produto n\u00e3o pode manter a porta fechada. Como a for\u00e7a atrativa de um \u00edman est\u00e1 diretamente relacionada ao seu custo, itens baratos teriam for\u00e7a insuficiente de \u00edman.<\/p>\n<p>A especifica\u00e7\u00e3o de contraplacado:<br \/>D &#8211; Cabe\u00e7a macia<br \/>K &#8211; autoadesivo contraplacado<br \/>N &#8211; encaixe e parafuso<br \/>KN &#8211; autoadesivo contraplacado + com encaixe e com parafuso <\/p>\n<p>-Cabe\u00e7a magn\u00e9tica ou macia (ajust\u00e1vel)<br \/>&#8211; Contraplacado: autoadesivo, com encaixe ou com parafuso.<br \/>&#8211; Instalado com parafusos.<br \/>&#8211; Dist\u00e2ncia de abertura: : 40 mm.<br \/>&#8211; Adaptador: sem pregos, para portas sobrepostas, duplas e embutidas.","protected":false},"excerpt":{"rendered":"<p>Como escolher a boa qualidade:&#8211; For\u00e7ar a for\u00e7a \u00e9 importante. Mantemos a for\u00e7a perto da 15N, para que o produto possa abrir a porta.&#8211; A for\u00e7a magn\u00e9tica deve ser boa. Caso contr\u00e1rio, o produto n\u00e3o pode manter a porta fechada. Como a for\u00e7a atrativa de um \u00edman est\u00e1 diretamente relacionada ao seu custo, itens baratos teriam for\u00e7a insuficiente de \u00edman. A especifica\u00e7\u00e3o de contraplacado:D &#8211; Cabe\u00e7a maciaK &#8211; autoadesivo contraplacadoN &#8211; encaixe e parafusoKN &#8211; autoadesivo contraplacado + com encaixe e com parafuso -Cabe\u00e7a magn\u00e9tica ou macia (ajust\u00e1vel)&#8211; Contraplacado: autoadesivo, com encaixe ou com parafuso.&#8211; Instalado com parafusos.&#8211; Dist\u00e2ncia de &#8230; <a title=\"Cierre expulsador\" class=\"read-more\" href=\"https:\/\/superon.cn\/pb\/catalogue\/07-brackets\/push-to-open-07-brackets\/07-122\/\" aria-label=\"More on Cierre expulsador\">Read more<\/a><\/p>\n","protected":false},"featured_media":0,"comment_status":"open","ping_status":"closed","template":"","meta":[],"product_brand":[],"product_cat":[368005,368053],"product_tag":[],"class_list":{"0":"post-1112374","1":"product","2":"type-product","3":"status-publish","5":"product_cat-07-brackets","6":"product_cat-push-to-open-07-brackets","7":"no-featured-image-padding","8":"sales-flash-overlay","9":"woocommerce-text-align-center","10":"woocommerce-image-align-center","11":"do-quantity-buttons","13":"first","14":"instock","15":"featured","16":"shipping-taxable","17":"purchasable","18":"product-type-variable"},"_links":{"self":[{"href":"https:\/\/superon.cn\/pb\/wp-json\/wp\/v2\/product\/1112374","targetHints":{"allow":["GET"]}}],"collection":[{"href":"https:\/\/superon.cn\/pb\/wp-json\/wp\/v2\/product"}],"about":[{"href":"https:\/\/superon.cn\/pb\/wp-json\/wp\/v2\/types\/product"}],"replies":[{"embeddable":true,"href":"https:\/\/superon.cn\/pb\/wp-json\/wp\/v2\/comments?post=1112374"}],"wp:attachment":[{"href":"https:\/\/superon.cn\/pb\/wp-json\/wp\/v2\/media?parent=1112374"}],"wp:term":[{"taxonomy":"product_brand","embeddable":true,"href":"https:\/\/superon.cn\/pb\/wp-json\/wp\/v2\/product_brand?post=1112374"},{"taxonomy":"product_cat","embeddable":true,"href":"https:\/\/superon.cn\/pb\/wp-json\/wp\/v2\/product_cat?post=1112374"},{"taxonomy":"product_tag","embeddable":true,"href":"https:\/\/superon.cn\/pb\/wp-json\/wp\/v2\/product_tag?post=1112374"}],"curies":[{"name":"wp","href":"https:\/\/api.w.org\/{rel}","templated":true}]}}