{"id":1112313,"date":"2007-01-07T00:00:00","date_gmt":"2007-01-06T21:00:00","guid":{"rendered":"https:\/\/superon.cn\/catalogue\/uncategorized\/07-105\/"},"modified":"2026-03-18T04:46:43","modified_gmt":"2026-03-18T01:46:43","slug":"07-105","status":"publish","type":"product","link":"https:\/\/superon.cn\/pb\/catalogue\/07-brackets\/magnets-catches\/07-105\/","title":{"rendered":"Cierre expulsador magn\u00e9tico, solo, \u201clado del ala\u201d"},"content":{"rendered":"Est\u00e3o dispon\u00edveis as seguintes variantes:<br \/>&#8211; A &#8211; apenas empurrador<br \/>&#8211; S &#8211; empurrador com placa redonda<br \/>&#8211; 12\/15\/20 &#8211; conjunto: empurrador com dobradi\u00e7as de vidro 01-215 (espessura diferente) e placa 07-118","protected":false},"excerpt":{"rendered":"<p>Est\u00e3o dispon\u00edveis as seguintes variantes:&#8211; A &#8211; apenas empurrador&#8211; S &#8211; empurrador com placa redonda&#8211; 12\/15\/20 &#8211; conjunto: empurrador com dobradi\u00e7as de vidro 01-215 (espessura diferente) e placa 07-118<\/p>\n","protected":false},"featured_media":0,"comment_status":"open","ping_status":"closed","template":"","meta":[],"product_brand":[],"product_cat":[368005,368027],"product_tag":[],"class_list":{"0":"post-1112313","1":"product","2":"type-product","3":"status-publish","5":"product_cat-07-brackets","6":"product_cat-magnets-catches","7":"no-featured-image-padding","8":"sales-flash-overlay","9":"woocommerce-text-align-center","10":"woocommerce-image-align-center","11":"do-quantity-buttons","13":"first","14":"instock","15":"shipping-taxable","16":"purchasable","17":"product-type-variable"},"_links":{"self":[{"href":"https:\/\/superon.cn\/pb\/wp-json\/wp\/v2\/product\/1112313","targetHints":{"allow":["GET"]}}],"collection":[{"href":"https:\/\/superon.cn\/pb\/wp-json\/wp\/v2\/product"}],"about":[{"href":"https:\/\/superon.cn\/pb\/wp-json\/wp\/v2\/types\/product"}],"replies":[{"embeddable":true,"href":"https:\/\/superon.cn\/pb\/wp-json\/wp\/v2\/comments?post=1112313"}],"wp:attachment":[{"href":"https:\/\/superon.cn\/pb\/wp-json\/wp\/v2\/media?parent=1112313"}],"wp:term":[{"taxonomy":"product_brand","embeddable":true,"href":"https:\/\/superon.cn\/pb\/wp-json\/wp\/v2\/product_brand?post=1112313"},{"taxonomy":"product_cat","embeddable":true,"href":"https:\/\/superon.cn\/pb\/wp-json\/wp\/v2\/product_cat?post=1112313"},{"taxonomy":"product_tag","embeddable":true,"href":"https:\/\/superon.cn\/pb\/wp-json\/wp\/v2\/product_tag?post=1112313"}],"curies":[{"name":"wp","href":"https:\/\/api.w.org\/{rel}","templated":true}]}}