{"id":1913,"date":"2014-12-01T10:08:18","date_gmt":"2014-12-01T07:08:18","guid":{"rendered":"http:\/\/new.superon.cn\/?page_id=1913"},"modified":"2020-10-06T00:04:25","modified_gmt":"2020-10-05T21:04:25","slug":"about-us","status":"publish","type":"page","link":"https:\/\/superon.cn\/pb\/about-us\/","title":{"rendered":"Quem somos"},"content":{"rendered":"<div class=\"su-tabs su-tabs-style-default su-tabs-mobile-scroll\" data-active=\"1\" data-scroll-offset=\"0\" data-anchor-in-url=\"no\"><div class=\"su-tabs-nav\"><span class=\"\" data-url=\"\" data-target=\"blank\" tabindex=\"0\" role=\"button\">SOBRE A EMPRESA<\/span><span class=\"\" data-url=\"\" data-target=\"blank\" tabindex=\"0\" role=\"button\">TERMOS DE VENDAS<\/span><span class=\"\" data-url=\"\" data-target=\"blank\" tabindex=\"0\" role=\"button\">TERMOS DE ENTREGA<\/span><span class=\"\" data-url=\"\" data-target=\"blank\" tabindex=\"0\" role=\"button\">GARANTIA DE QUALIDADE<\/span><span class=\"\" data-url=\"\" data-target=\"blank\" tabindex=\"0\" role=\"button\">Perguntas mais frequentes<\/span><\/div><div class=\"su-tabs-panes\"><div class=\"su-tabs-pane su-u-clearfix su-u-trim\" data-title=\"SOBRE A EMPRESA\">\n<p><img decoding=\"async\" class=\"alignright size-medium wp-image-31686\" src=\"https:\/\/superon.cn\/wp-content\/uploads\/2015\/08\/inteerzum-2015-7-300x225.jpg\" alt=\"inteerzum-2015-7\" width=\"300\" height=\"225\" srcset=\"https:\/\/superon.cn\/wp-content\/uploads\/2015\/08\/inteerzum-2015-7-300x225.jpg 300w, https:\/\/superon.cn\/wp-content\/uploads\/2015\/08\/inteerzum-2015-7.jpg 600w\" sizes=\"(max-width: 300px) 100vw, 300px\" \/>\u201cSuperon\u201d \u00e9 uma exportadora de acess\u00f3rios para m\u00f3veis situada em Guangzhou, China. N\u00f3s come\u00e7amos a lidar com acess\u00f3rios para m\u00f3veis em 2002.<\/p>\n<p>N\u00f3s exportamos v\u00e1rios acess\u00f3rios para m\u00f3veis produzidos na China sob nosso controle de qualidade. A variedade dos produtos pode ser pesquisada na nossa se\u00e7\u00e3o &#8220;Cat\u00e1logo&#8221;.<br \/>\nDurante os anos, n\u00f3s ganhamos muita experi\u00eancia na materializa\u00e7\u00e3o de novas ideias e desenvolvimento de novos produtos, de acordo com nossos pr\u00f3prios projetos ou de nossos parceiros. Um simples esbo\u00e7o desenhado m\u00e3o e uma breve descri\u00e7\u00e3o seria o suficiente para fazermos um desenho em 3D, calcular caracter\u00edsticas t\u00e9cnicas e estimar o pre\u00e7o.<\/p>\n<p>A principal caracter\u00edstica da nossa empresa \u00e9 que fazemos tudo com a aten\u00e7\u00e3o e responsabilidade necess\u00e1rias.<\/p>\n<p>N\u00f3s dispomos de um departamento de testes, com todo o equipamento necess\u00e1rio, onde verificamos as caracter\u00edsticas t\u00e9cnicas dos produtos, sua qualidade, comparamos os itens de diferentes fabricantes e garantimos a correspond\u00eancia dos produtos com as amostras iniciais.<\/p>\n<p>As mercadorias s\u00e3o carregadas em cont\u00eaineres no nosso armaz\u00e9m sob a supervis\u00e3o de nossa equipe. N\u00f3s disponibilizamos o preenchimento de cont\u00eaineres mistos e o armazenamento de curta dura\u00e7\u00e3o das mercadorias at\u00e9 o pr\u00f3ximo carregamento. Isso lhe d\u00e1 a oportunidade de comprar de n\u00f3s diferentes itens em pequena quantidade. Dessa forma, o seu volume de neg\u00f3cios ser\u00e1 maior e mais r\u00e1pido, as vendas ser\u00e3o mais est\u00e1veis e o seu armaz\u00e9m n\u00e3o ficar\u00e1 abarrotado.<\/p>\n<p>Trabalhando conosco, voc\u00ea poder\u00e1 discutir tudo de forma clara em ingl\u00eas, o que ir\u00e1 ajud\u00e1-lo a compreender todos os detalhes e discutir todas as quest\u00f5es de forma r\u00e1pida e eficaz.<\/p>\n<p>Obrigada. \ud83d\ude42<\/p>\n<\/div>\n<div class=\"su-tabs-pane su-u-clearfix su-u-trim\" data-title=\"TERMOS DE VENDAS\">\n<p>N\u00f3s n\u00e3o exigimos valor m\u00ednimo para pedidos. O n\u00famero de itens diferentes tamb\u00e9m n\u00e3o \u00e9 limitado, assim voc\u00ea pode comprar produtos de acordo com sua necessidade. Voc\u00ea s\u00f3 precisa observar que em caso de pedidos abaixo U$D 10.000 talvez precisaremos que voc\u00ea pague uma parte das despesas de exporta\u00e7\u00e3o.<\/p>\n<p>Para alguns itens h\u00e1 quantidade m\u00ednima para encomenda (MOQ), mas ainda fazemos o nosso melhor para minimizar as exig\u00eancias e deixar voc\u00ea comprar apenas a quantidade que voc\u00ea realmente precisa.<\/p>\n<p>Para personalizar os seus produtos, podemos carimbar ou imprimir seu logotipo nos produtos ou nas embalagens. Esse desejo deve ser previamente discutido, bem como para alguns pode ser necess\u00e1rio uma quantidade m\u00ednima.<\/p>\n<p>Termos de pagamento: pagamento inicial de 20% e antes do carregamento 80%.<\/p>\n<\/div>\n<div class=\"su-tabs-pane su-u-clearfix su-u-trim\" data-title=\"TERMOS DE ENTREGA\">\n<p>Os pre\u00e7os s\u00e3o apresentados em regime de FOB, enviado a bordo e desalfandegadas. O porto de carga \u00e9 determinado na cota\u00e7\u00e3o de pre\u00e7o.<\/p>\n<p>Os documentos de exporta\u00e7\u00e3o (como o contrato de venda, fatura, lista de embarque, conhecimento de embarque e certificados de origem) s\u00e3o preparados pela Superon. Caso voc\u00ea precise de alguns documentos ou certificados espec\u00edficos, por favor nos informe com anteced\u00eancia.<\/p>\n<p>N\u00f3s n\u00e3o fornecemos servi\u00e7os de compensa\u00e7\u00e3o aduaneira em seu pa\u00eds.<\/p>\n<\/div>\n<div class=\"su-tabs-pane su-u-clearfix su-u-trim\" data-title=\"GARANTIA DE QUALIDADE\">\n<p>Nossa equipe inspeciona os produtos durante a produ\u00e7\u00e3o e\/ou antes do carregamento, para que possamos garantir que os produtos est\u00e3o em conformidade com a qualidade acordada ou com amostras previamente aprovadas.<\/p>\n<p>Al\u00e9m disso, quando n\u00f3s selecionamos os nossos fornecedores, verificamos as caracter\u00edsticas de qualidade e tecnologia em empresas de testes especializados (tais como, SGS) ou em nosso pr\u00f3prio departamento de testes. Isso nos ajuda a escolher os produtos mais est\u00e1veis e fornecedores de confian\u00e7a.<\/p>\n<p>No caso de detectarmos produtos defeituosos durante a nossa inspe\u00e7\u00e3o, informaremos aos clientes com anteced\u00eancia e encontraremos uma solu\u00e7\u00e3o antes do carregamento.<\/p>\n<\/div>\n<div class=\"su-tabs-pane su-u-clearfix su-u-trim\" data-title=\"Perguntas mais frequentes\">\r\n\r\n    \r\n    <ul class=\"filters faq\">\r\n         <li class=\"all\"><a href=\"#all\" data-option-value=\"*\" class=\"all active\"><div class=\"prepend\"><\/div>All Categories<\/a><\/li>\r\n         <li><a href=\"#delievery-faq\" data-option-value=\".delievery-faq\">Delievery FAQ<\/a><\/li><li><a href=\"#general-faq\" data-option-value=\".general-faq\">General FAQ<\/a><\/li><li><a href=\"#prices-faq\" data-option-value=\".prices-faq\">Prices FAQ<\/a><\/li>    <\/ul>\r\n\r\n\r\n    <div class=\"faq-filters-container\">\r\n        <div class=\"faq-filters group\">\r\n            <p><\/p>\r\n            <select id=\"faq-filters-select\">\r\n                <option value=\"*\">All Categories<\/option>\r\n                                    <option value=\".delievery-faq\">Delievery FAQ<\/option>\r\n                                    <option value=\".general-faq\">General FAQ<\/option>\r\n                                    <option value=\".prices-faq\">Prices FAQ<\/option>\r\n                            <\/select>\r\n        <\/div>\r\n    <\/div>\r\n\r\n\r\n<div id=\"faqs-container\">\r\n    \r\n        <div class=\"faq-wrapper all general-faq \">\r\n            <div class=\"faq-title\">\r\n                <div class=\"plus\"><\/div>\r\n                <h4>Voc\u00eas possuem distribuidores ou representantes fora da China?<\/h4>\r\n            <\/div>\r\n            <div class=\"faq-item\">\r\n                <div class=\"faq-item-content\">\r\n                    <p>N\u00e3o, n\u00f3s n\u00e3o possu\u00edmos. Ficar\u00edamos contentes de cooperar diretamente. At\u00e9 o momento a nossa empresa n\u00e3o assinou quaisquer acordos em mat\u00e9ria de concess\u00e3o ou representa\u00e7\u00e3o.<\/p>\n                <\/div>\r\n            <\/div>\r\n        <\/div>\r\n\r\n    \r\n        <div class=\"faq-wrapper all delievery-faq \">\r\n            <div class=\"faq-title\">\r\n                <div class=\"plus\"><\/div>\r\n                <h4>Quais s\u00e3o os custos de entrega?<\/h4>\r\n            <\/div>\r\n            <div class=\"faq-item\">\r\n                <div class=\"faq-item-content\">\r\n                    <p>Apenas oferecemos os pre\u00e7os de FOB. Quanto ao transporte, que voc\u00ea pode escolher qualquer empresa de transportes e pedir-lhes para cotar os custos de frete mar\u00edtimo.<\/p>\n                <\/div>\r\n            <\/div>\r\n        <\/div>\r\n\r\n    \r\n        <div class=\"faq-wrapper all delievery-faq \">\r\n            <div class=\"faq-title\">\r\n                <div class=\"plus\"><\/div>\r\n                <h4>Qual \u00e9 o custo aproximado de um cont\u00eainer de mercadorias na China?<\/h4>\r\n            <\/div>\r\n            <div class=\"faq-item\">\r\n                <div class=\"faq-item-content\">\r\n                    <p>Isso depende das mercadorias, em geral, o valor total do pedido de um cont\u00eainer varia de U$D 25.000 at\u00e9 mais de U$D 60.000.<\/p>\n                <\/div>\r\n            <\/div>\r\n        <\/div>\r\n\r\n    \r\n        <div class=\"faq-wrapper all general-faq \">\r\n            <div class=\"faq-title\">\r\n                <div class=\"plus\"><\/div>\r\n                <h4>Podemos encomendar menos de um cont\u00eainer?<\/h4>\r\n            <\/div>\r\n            <div class=\"faq-item\">\r\n                <div class=\"faq-item-content\">\r\n                    <p>Sim, voc\u00ea pode fazer um pedido para uma pequena quantidade. No caso de o valor do pedido ser abaixo de U$D 10.000, podemos pedir-lhe para pagar algumas das despesas de exporta\u00e7\u00e3o.<\/p>\n                <\/div>\r\n            <\/div>\r\n        <\/div>\r\n\r\n    \r\n        <div class=\"faq-wrapper all general-faq \">\r\n            <div class=\"faq-title\">\r\n                <div class=\"plus\"><\/div>\r\n                <h4>Voc\u00eas podem enviar algumas amostras para verificarmos a qualidade?<\/h4>\r\n            <\/div>\r\n            <div class=\"faq-item\">\r\n                <div class=\"faq-item-content\">\r\n                    <p>Sim, n\u00f3s podemos enviar as amostras para voc\u00ea depois que fizer a um pedido e discutir os pre\u00e7os e outros detalhes. Voc\u00ea poder\u00e1 fazer o pagamento inicial depois de ver nossas amostras.<\/p>\n                <\/div>\r\n            <\/div>\r\n        <\/div>\r\n\r\n    \r\n        <div class=\"faq-wrapper all general-faq \">\r\n            <div class=\"faq-title\">\r\n                <div class=\"plus\"><\/div>\r\n                <h4>Voc\u00ea pode fornecer alguns produtos que n\u00e3o est\u00e3o apresentados em seu site?<\/h4>\r\n            <\/div>\r\n            <div class=\"faq-item\">\r\n                <div class=\"faq-item-content\">\r\n                    <p>Sim, se esses produtos estiverem relacionados a acess\u00f3rios para m\u00f3veis. Voc\u00ea s\u00f3 precisa nos enviar uma foto, esbo\u00e7o (em qualquer formato), ou uma explica\u00e7\u00e3o dos detalhes.<\/p>\n                <\/div>\r\n            <\/div>\r\n        <\/div>\r\n\r\n    \r\n        <div class=\"faq-wrapper all general-faq \">\r\n            <div class=\"faq-title\">\r\n                <div class=\"plus\"><\/div>\r\n                <h4>Qual o per\u00edodo de produ\u00e7\u00e3o?<\/h4>\r\n            <\/div>\r\n            <div class=\"faq-item\">\r\n                <div class=\"faq-item-content\">\r\n                    <p>Geralmente, levamos entre 25 a 30 dias para concluir o seu pedido. Isso depende do produto, da quantidade e da carga de trabalho das f\u00e1bricas.<\/p>\n                <\/div>\r\n            <\/div>\r\n        <\/div>\r\n\r\n    \r\n        <div class=\"faq-wrapper all prices-faq \">\r\n            <div class=\"faq-title\">\r\n                <div class=\"plus\"><\/div>\r\n                <h4>Voc\u00eas podem nos enviar uma lista de pre\u00e7os completa?<\/h4>\r\n            <\/div>\r\n            <div class=\"faq-item\">\r\n                <div class=\"faq-item-content\">\r\n                    <p>N\u00e3o, n\u00f3s n\u00e3o temos como preparar uma lista de pre\u00e7os completa de todos os produtos apresentados em nosso site. Isso porque os produtos s\u00e3o fabricados sob encomenda e os custos das mat\u00e9rias-primas (bem como outros custos) mudam continuamente, assim temos de atualizar os pre\u00e7os muitas vezes. Ali\u00e1s, isso ajuda voc\u00ea a comprar nossos produtos a pre\u00e7os de mercado, nunca superior.<\/p>\n                <\/div>\r\n            <\/div>\r\n        <\/div>\r\n\r\n    \r\n        <div class=\"faq-wrapper all prices-faq \">\r\n            <div class=\"faq-title\">\r\n                <div class=\"plus\"><\/div>\r\n                <h4>Como posso obter os seus pre\u00e7os?<\/h4>\r\n            <\/div>\r\n            <div class=\"faq-item\">\r\n                <div class=\"faq-item-content\">\r\n                    <p>Basta fazer uma consulta no nosso site. Por favor, navegue pelo nosso cat\u00e1logo online. Ao lado de cada item que voc\u00ea ver\u00e1 o bot\u00e3o &#8220;Consulta&#8221;. Quando voc\u00ea clicar nele, esse item ser\u00e1 adicionado \u00e0 &#8220;Lista de Consulta&#8221; automaticamente. Depois de adicionar todos os itens de seu interesse, basta clicar no bot\u00e3o &#8220;Enviar pedido&#8221;, que pode ser encontrado na parte superior das p\u00e1gina. Depois disso, voc\u00ea s\u00f3 precisa inserir os dados de contato (apenas nome, telefone e e-mail) e finalizar a consulta. Esta lista ser\u00e1 imediatamente enviada para o nosso gerente. N\u00f3s entraremos em contato com voc\u00ea no mesmo dia ou primeiro dia \u00fatil seguinte para mais detalhes e, responderemos com os pre\u00e7os dentro de 2 a 3 dias. Por favor, preencha os seus detalhes de contato com precis\u00e3o, para que possamos lhe contatar, nossos gerentes n\u00e3o podem responder sem seus dados de contato.<\/p>\n                <\/div>\r\n            <\/div>\r\n        <\/div>\r\n\r\n    \r\n        <div class=\"faq-wrapper all general-faq \">\r\n            <div class=\"faq-title\">\r\n                <div class=\"plus\"><\/div>\r\n                <h4>Melhor hor\u00e1rio para nos contatar<\/h4>\r\n            <\/div>\r\n            <div class=\"faq-item\">\r\n                <div class=\"faq-item-content\">\r\n                    <p>Nossas equipes de exporta\u00e7\u00e3o est\u00e3o no escrit\u00f3rio das 10h \u00e0s 19h todos os dias \u00fateis. Voc\u00ea pode nos chamar a qualquer momento dentro desse per\u00edodo, considerando a diferen\u00e7a de hor\u00e1rio entre o seu pa\u00eds e a China. O fuso hor\u00e1rio da China \u00e9 GMT + 8.<\/p>\n                <\/div>\r\n            <\/div>\r\n        <\/div>\r\n\r\n    <\/div><\/div><\/div><\/div>","protected":false},"excerpt":{"rendered":"","protected":false},"author":2,"featured_media":0,"parent":0,"menu_order":0,"comment_status":"closed","ping_status":"closed","template":"","meta":{"footnotes":""},"class_list":["post-1913","page","type-page","status-publish","hentry","no-featured-image-padding"],"_links":{"self":[{"href":"https:\/\/superon.cn\/pb\/wp-json\/wp\/v2\/pages\/1913","targetHints":{"allow":["GET"]}}],"collection":[{"href":"https:\/\/superon.cn\/pb\/wp-json\/wp\/v2\/pages"}],"about":[{"href":"https:\/\/superon.cn\/pb\/wp-json\/wp\/v2\/types\/page"}],"author":[{"embeddable":true,"href":"https:\/\/superon.cn\/pb\/wp-json\/wp\/v2\/users\/2"}],"replies":[{"embeddable":true,"href":"https:\/\/superon.cn\/pb\/wp-json\/wp\/v2\/comments?post=1913"}],"version-history":[{"count":0,"href":"https:\/\/superon.cn\/pb\/wp-json\/wp\/v2\/pages\/1913\/revisions"}],"wp:attachment":[{"href":"https:\/\/superon.cn\/pb\/wp-json\/wp\/v2\/media?parent=1913"}],"curies":[{"name":"wp","href":"https:\/\/api.w.org\/{rel}","templated":true}]}}