{"id":1677,"date":"2014-11-28T14:55:59","date_gmt":"2014-11-28T11:55:59","guid":{"rendered":"http:\/\/new.superon.cn\/?page_id=1677"},"modified":"2020-10-10T23:48:18","modified_gmt":"2020-10-10T20:48:18","slug":"homepage","status":"publish","type":"page","link":"https:\/\/superon.cn\/pb\/","title":{"rendered":"Home"},"content":{"rendered":"<!-- START Slider 1 REVOLUTION SLIDER 6.2.23 --><p class=\"rs-p-wp-fix\"><\/p>\n\t\t\t<rs-module-wrap id=\"rev_slider_1_5_wrapper\" data-source=\"post\" style=\"background:transparent;padding:0;margin:0px auto;margin-top:0;margin-bottom:30px;\">\n\t\t\t\t<rs-module id=\"rev_slider_1_5\" style=\"\" data-version=\"6.2.23\">\n\t\t\t\t\t<rs-slides>\n\t\t\t\t\t\t<rs-slide data-key=\"rs-335201\" data-title=\"Pist\u00e3o a g\u00e1s\" data-thumb=\"\/\/superon.cn\/wp-content\/uploads\/2020\/10\/01-091-1-50x100.jpg\" data-anim=\"ei:d;eo:d;s:500;r:0;t:fade;sl:0;\">\n\t\t\t\t\t\t\t<img decoding=\"async\" src=\"\/\/superon.cn\/wp-content\/uploads\/2020\/10\/01-091-1.jpg\" title=\"01-091\" width=\"1201\" height=\"501\" class=\"rev-slidebg\" data-no-retina>\n<!--\n\t\t\t\t\t\t\t--><rs-layer\n\t\t\t\t\t\t\t\tid=\"slider-1-slide-335201-layer-0\" \n\t\t\t\t\t\t\t\tdata-type=\"text\"\n\t\t\t\t\t\t\t\tdata-color=\"#fff\"\n\t\t\t\t\t\t\t\tdata-rsp_ch=\"on\"\n\t\t\t\t\t\t\t\tdata-xy=\"xo:45px,45px,45px,26px;y:t,t,t,b;yo:365px,365px,365px,42px;\"\n\t\t\t\t\t\t\t\tdata-text=\"w:normal;s:30,30,30,20;l:60,60,60,23;ls:-1,-1,-1,0;fw:500;\"\n\t\t\t\t\t\t\t\tdata-dim=\"w:423px,423px,423px,412px;minh:0,0,0,none;\"\n\t\t\t\t\t\t\t\tdata-frame_1=\"sp:500;\"\n\t\t\t\t\t\t\t\tdata-frame_999=\"o:0;st:w;sR:8500;\"\n\t\t\t\t\t\t\t\tstyle=\"z-index:9;font-family:Poppins;text-transform:uppercase;\"\n\t\t\t\t\t\t\t>Pist\u00e3o a g\u00e1s \n\t\t\t\t\t\t\t<\/rs-layer><!--\n\n\t\t\t\t\t\t\t--><rs-layer\n\t\t\t\t\t\t\t\tid=\"slider-1-slide-335201-layer-1\" \n\t\t\t\t\t\t\t\tdata-type=\"text\"\n\t\t\t\t\t\t\t\tdata-color=\"#fff\"\n\t\t\t\t\t\t\t\tdata-rsp_ch=\"on\"\n\t\t\t\t\t\t\t\tdata-xy=\"xo:46px,46px,46px,27px;y:b;yo:7px,7px,7px,9px;\"\n\t\t\t\t\t\t\t\tdata-text=\"w:normal;s:14,14,14,12;l:24,24,24,9;ls:1,1,1,0;\"\n\t\t\t\t\t\t\t\tdata-dim=\"w:500px,500px,500px,264px;h:76px,76px,76px,29px;minh:0px,0px,0px,none;\"\n\t\t\t\t\t\t\t\tdata-frame_1=\"sp:500;\"\n\t\t\t\t\t\t\t\tdata-frame_999=\"o:0;st:w;sR:8500;\"\n\t\t\t\t\t\t\t\tstyle=\"z-index:10;font-family:Roboto;\"\n\t\t\t\t\t\t\t>aprovado 100.000 ciclos \n\t\t\t\t\t\t\t<\/rs-layer><!--\n\n\t\t\t\t\t\t\t--><rs-layer\n\t\t\t\t\t\t\t\tid=\"slider-1-slide-335201-layer-2\" \n\t\t\t\t\t\t\t\tdata-type=\"shape\"\n\t\t\t\t\t\t\t\tdata-rsp_ch=\"on\"\n\t\t\t\t\t\t\t\tdata-xy=\"xo:-72px,-72px,-72px,-43px;y:t,t,t,b;yo:360px,360px,360px,0;\"\n\t\t\t\t\t\t\t\tdata-text=\"w:normal;s:20,20,20,7;l:0,0,0,9;\"\n\t\t\t\t\t\t\t\tdata-dim=\"w:1353px,1353px,1353px,540px;h:143px,143px,143px,74px;\"\n\t\t\t\t\t\t\t\tdata-frame_1=\"sp:500;\"\n\t\t\t\t\t\t\t\tdata-frame_999=\"o:0;st:w;sR:8500;\"\n\t\t\t\t\t\t\t\tstyle=\"z-index:8;background-color:rgba(0,0,0,0.5);\"\n\t\t\t\t\t\t\t> \n\t\t\t\t\t\t\t<\/rs-layer><!--\n\n\t\t\t\t\t\t\t--><a\n\t\t\t\t\t\t\t\tid=\"slider-1-slide-335201-layer-4\" \n\t\t\t\t\t\t\t\tclass=\"rs-layer rev-btn\"\n\t\t\t\t\t\t\t\thref=\"\" target=\"_self\" rel=\"nofollow\"\n\t\t\t\t\t\t\t\tdata-type=\"button\"\n\t\t\t\t\t\t\t\tdata-bsh=\"c:rgba(0,0,0,0.25);v:10px,10px,10px,3px;b:20px,20px,20px,7px;\"\n\t\t\t\t\t\t\t\tdata-rsp_ch=\"on\"\n\t\t\t\t\t\t\t\tdata-xy=\"x:r;xo:47px,47px,47px,18px;y:b;yo:42px,42px,42px,16px;\"\n\t\t\t\t\t\t\t\tdata-text=\"w:normal;s:15,15,15,11;l:50,50,50,19;fw:500;a:center;\"\n\t\t\t\t\t\t\t\tdata-dim=\"w:210px,210px,210px,150px;h:50px,50px,50px,20px;minh:0px,0px,0px,none;\"\n\t\t\t\t\t\t\t\tdata-padding=\"r:40,40,40,16;l:40,40,40,16;\"\n\t\t\t\t\t\t\t\tdata-border=\"bor:5px,5px,5px,5px;\"\n\t\t\t\t\t\t\t\tdata-frame_1=\"sp:500;\"\n\t\t\t\t\t\t\t\tdata-frame_999=\"o:0;st:w;sR:8500;\"\n\t\t\t\t\t\t\t\tdata-frame_hover=\"bgc:#007aff;bor:5px,5px,5px,5px;e:power1.inOut;bri:120%;\"\n\t\t\t\t\t\t\t\tstyle=\"z-index:11;background:linear-gradient(rgba(122,53,136,1) 0%, rgba(93,35,105,1) 50%, rgba(122,53,136,1) 100%);font-family:Roboto;\"\n\t\t\t\t\t\t\t>More info >> \n\t\t\t\t\t\t\t<\/a><!--\n-->\t\t\t\t\t\t<\/rs-slide>\n\t\t\t\t\t\t<rs-slide data-key=\"rs-335199\" data-title=\"rod\u00edzios\" data-thumb=\"\/\/superon.cn\/wp-content\/uploads\/2020\/10\/04-xxx-50x100.jpg\" data-anim=\"ei:d;eo:d;s:500;r:0;t:fade;sl:0;\">\n\t\t\t\t\t\t\t<img decoding=\"async\" src=\"\/\/superon.cn\/wp-content\/uploads\/2020\/10\/04-xxx.jpg\" title=\"04-xxx\" width=\"1202\" height=\"502\" class=\"rev-slidebg\" data-no-retina>\n<!--\n\t\t\t\t\t\t\t--><rs-layer\n\t\t\t\t\t\t\t\tid=\"slider-1-slide-335199-layer-0\" \n\t\t\t\t\t\t\t\tdata-type=\"text\"\n\t\t\t\t\t\t\t\tdata-color=\"#fff\"\n\t\t\t\t\t\t\t\tdata-rsp_ch=\"on\"\n\t\t\t\t\t\t\t\tdata-xy=\"xo:45px,45px,45px,26px;y:t,t,t,b;yo:365px,365px,365px,42px;\"\n\t\t\t\t\t\t\t\tdata-text=\"w:normal;s:30,30,30,20;l:60,60,60,23;ls:-1,-1,-1,0;fw:500;\"\n\t\t\t\t\t\t\t\tdata-dim=\"w:423px,423px,423px,412px;minh:0,0,0,none;\"\n\t\t\t\t\t\t\t\tdata-frame_1=\"sp:500;\"\n\t\t\t\t\t\t\t\tdata-frame_999=\"o:0;st:w;sR:8500;\"\n\t\t\t\t\t\t\t\tstyle=\"z-index:9;font-family:Poppins;text-transform:uppercase;\"\n\t\t\t\t\t\t\t>rod\u00edzios \n\t\t\t\t\t\t\t<\/rs-layer><!--\n\n\t\t\t\t\t\t\t--><rs-layer\n\t\t\t\t\t\t\t\tid=\"slider-1-slide-335199-layer-1\" \n\t\t\t\t\t\t\t\tdata-type=\"text\"\n\t\t\t\t\t\t\t\tdata-color=\"#fff\"\n\t\t\t\t\t\t\t\tdata-rsp_ch=\"on\"\n\t\t\t\t\t\t\t\tdata-xy=\"xo:46px,46px,46px,27px;y:b;yo:7px,7px,7px,9px;\"\n\t\t\t\t\t\t\t\tdata-text=\"w:normal;s:14,14,14,12;l:24,24,24,9;ls:1,1,1,0;\"\n\t\t\t\t\t\t\t\tdata-dim=\"w:500px,500px,500px,264px;h:76px,76px,76px,29px;minh:0px,0px,0px,none;\"\n\t\t\t\t\t\t\t\tdata-frame_1=\"sp:500;\"\n\t\t\t\t\t\t\t\tdata-frame_999=\"o:0;st:w;sR:8500;\"\n\t\t\t\t\t\t\t\tstyle=\"z-index:10;font-family:Roboto;\"\n\t\t\t\t\t\t\t>dur\u00e1vel, inodoro<br \/>\r\nn\u00e3o h\u00e1 linhas pretas no ch\u00e3o \n\t\t\t\t\t\t\t<\/rs-layer><!--\n\n\t\t\t\t\t\t\t--><rs-layer\n\t\t\t\t\t\t\t\tid=\"slider-1-slide-335199-layer-2\" \n\t\t\t\t\t\t\t\tdata-type=\"shape\"\n\t\t\t\t\t\t\t\tdata-rsp_ch=\"on\"\n\t\t\t\t\t\t\t\tdata-xy=\"xo:-72px,-72px,-72px,-43px;y:t,t,t,b;yo:360px,360px,360px,0;\"\n\t\t\t\t\t\t\t\tdata-text=\"w:normal;s:20,20,20,7;l:0,0,0,9;\"\n\t\t\t\t\t\t\t\tdata-dim=\"w:1353px,1353px,1353px,540px;h:143px,143px,143px,74px;\"\n\t\t\t\t\t\t\t\tdata-frame_1=\"sp:500;\"\n\t\t\t\t\t\t\t\tdata-frame_999=\"o:0;st:w;sR:8500;\"\n\t\t\t\t\t\t\t\tstyle=\"z-index:8;background-color:rgba(0,0,0,0.5);\"\n\t\t\t\t\t\t\t> \n\t\t\t\t\t\t\t<\/rs-layer><!--\n\n\t\t\t\t\t\t\t--><a\n\t\t\t\t\t\t\t\tid=\"slider-1-slide-335199-layer-4\" \n\t\t\t\t\t\t\t\tclass=\"rs-layer rev-btn\"\n\t\t\t\t\t\t\t\thref=\"\" target=\"_self\" rel=\"nofollow\"\n\t\t\t\t\t\t\t\tdata-type=\"button\"\n\t\t\t\t\t\t\t\tdata-bsh=\"c:rgba(0,0,0,0.25);v:10px,10px,10px,3px;b:20px,20px,20px,7px;\"\n\t\t\t\t\t\t\t\tdata-rsp_ch=\"on\"\n\t\t\t\t\t\t\t\tdata-xy=\"x:r;xo:47px,47px,47px,18px;y:b;yo:42px,42px,42px,16px;\"\n\t\t\t\t\t\t\t\tdata-text=\"w:normal;s:15,15,15,11;l:50,50,50,19;fw:500;a:center;\"\n\t\t\t\t\t\t\t\tdata-dim=\"w:210px,210px,210px,150px;h:50px,50px,50px,20px;minh:0px,0px,0px,none;\"\n\t\t\t\t\t\t\t\tdata-padding=\"r:40,40,40,16;l:40,40,40,16;\"\n\t\t\t\t\t\t\t\tdata-border=\"bor:5px,5px,5px,5px;\"\n\t\t\t\t\t\t\t\tdata-frame_1=\"sp:500;\"\n\t\t\t\t\t\t\t\tdata-frame_999=\"o:0;st:w;sR:8500;\"\n\t\t\t\t\t\t\t\tdata-frame_hover=\"bgc:#007aff;bor:5px,5px,5px,5px;e:power1.inOut;bri:120%;\"\n\t\t\t\t\t\t\t\tstyle=\"z-index:11;background:linear-gradient(rgba(122,53,136,1) 0%, rgba(93,35,105,1) 50%, rgba(122,53,136,1) 100%);font-family:Roboto;\"\n\t\t\t\t\t\t\t>More info >> \n\t\t\t\t\t\t\t<\/a><!--\n-->\t\t\t\t\t\t<\/rs-slide>\n\t\t\t\t\t\t<rs-slide data-key=\"rs-335194\" data-title=\"01-036\" data-thumb=\"\/\/superon.cn\/wp-content\/uploads\/2020\/10\/01-036-50x100.jpg\" data-anim=\"ei:d;eo:d;s:500;r:0;t:fade;sl:0;\">\n\t\t\t\t\t\t\t<img decoding=\"async\" src=\"\/\/superon.cn\/wp-content\/uploads\/2020\/10\/01-036.jpg\" title=\"01-036\" width=\"1201\" height=\"501\" class=\"rev-slidebg\" data-no-retina>\n<!--\n\t\t\t\t\t\t\t--><rs-layer\n\t\t\t\t\t\t\t\tid=\"slider-1-slide-335194-layer-0\" \n\t\t\t\t\t\t\t\tdata-type=\"text\"\n\t\t\t\t\t\t\t\tdata-color=\"#fff\"\n\t\t\t\t\t\t\t\tdata-rsp_ch=\"on\"\n\t\t\t\t\t\t\t\tdata-xy=\"xo:45px,45px,45px,26px;y:t,t,t,b;yo:365px,365px,365px,42px;\"\n\t\t\t\t\t\t\t\tdata-text=\"w:normal;s:30,30,30,20;l:60,60,60,23;ls:-1,-1,-1,0;fw:500;\"\n\t\t\t\t\t\t\t\tdata-dim=\"w:423px,423px,423px,412px;minh:0,0,0,none;\"\n\t\t\t\t\t\t\t\tdata-frame_1=\"sp:500;\"\n\t\t\t\t\t\t\t\tdata-frame_999=\"o:0;st:w;sR:8500;\"\n\t\t\t\t\t\t\t\tstyle=\"z-index:9;font-family:Poppins;text-transform:uppercase;\"\n\t\t\t\t\t\t\t>01-036 \n\t\t\t\t\t\t\t<\/rs-layer><!--\n\n\t\t\t\t\t\t\t--><rs-layer\n\t\t\t\t\t\t\t\tid=\"slider-1-slide-335194-layer-1\" \n\t\t\t\t\t\t\t\tdata-type=\"text\"\n\t\t\t\t\t\t\t\tdata-color=\"#fff\"\n\t\t\t\t\t\t\t\tdata-rsp_ch=\"on\"\n\t\t\t\t\t\t\t\tdata-xy=\"xo:46px,46px,46px,27px;y:b;yo:7px,7px,7px,9px;\"\n\t\t\t\t\t\t\t\tdata-text=\"w:normal;s:14,14,14,12;l:24,24,24,9;ls:1,1,1,0;\"\n\t\t\t\t\t\t\t\tdata-dim=\"w:500px,500px,500px,264px;h:76px,76px,76px,29px;minh:0px,0px,0px,none;\"\n\t\t\t\t\t\t\t\tdata-frame_1=\"sp:500;\"\n\t\t\t\t\t\t\t\tdata-frame_999=\"o:0;st:w;sR:8500;\"\n\t\t\t\t\t\t\t\tstyle=\"z-index:10;font-family:Roboto;\"\n\t\t\t\t\t\t\t>dobradi\u00e7a com amortecimento<br \/>\r\nabre e fecha 100.000 vezes \n\t\t\t\t\t\t\t<\/rs-layer><!--\n\n\t\t\t\t\t\t\t--><rs-layer\n\t\t\t\t\t\t\t\tid=\"slider-1-slide-335194-layer-2\" \n\t\t\t\t\t\t\t\tdata-type=\"shape\"\n\t\t\t\t\t\t\t\tdata-rsp_ch=\"on\"\n\t\t\t\t\t\t\t\tdata-xy=\"xo:-72px,-72px,-72px,-43px;y:t,t,t,b;yo:360px,360px,360px,0;\"\n\t\t\t\t\t\t\t\tdata-text=\"w:normal;s:20,20,20,7;l:0,0,0,9;\"\n\t\t\t\t\t\t\t\tdata-dim=\"w:1353px,1353px,1353px,540px;h:143px,143px,143px,74px;\"\n\t\t\t\t\t\t\t\tdata-frame_1=\"sp:500;\"\n\t\t\t\t\t\t\t\tdata-frame_999=\"o:0;st:w;sR:8500;\"\n\t\t\t\t\t\t\t\tstyle=\"z-index:8;background-color:rgba(0,0,0,0.5);\"\n\t\t\t\t\t\t\t> \n\t\t\t\t\t\t\t<\/rs-layer><!--\n\n\t\t\t\t\t\t\t--><a\n\t\t\t\t\t\t\t\tid=\"slider-1-slide-335194-layer-4\" \n\t\t\t\t\t\t\t\tclass=\"rs-layer rev-btn\"\n\t\t\t\t\t\t\t\thref=\"\" target=\"_self\" rel=\"nofollow\"\n\t\t\t\t\t\t\t\tdata-type=\"button\"\n\t\t\t\t\t\t\t\tdata-bsh=\"c:rgba(0,0,0,0.25);v:10px,10px,10px,3px;b:20px,20px,20px,7px;\"\n\t\t\t\t\t\t\t\tdata-rsp_ch=\"on\"\n\t\t\t\t\t\t\t\tdata-xy=\"x:r;xo:47px,47px,47px,18px;y:b;yo:42px,42px,42px,16px;\"\n\t\t\t\t\t\t\t\tdata-text=\"w:normal;s:15,15,15,11;l:50,50,50,19;fw:500;a:center;\"\n\t\t\t\t\t\t\t\tdata-dim=\"w:210px,210px,210px,150px;h:50px,50px,50px,20px;minh:0px,0px,0px,none;\"\n\t\t\t\t\t\t\t\tdata-padding=\"r:40,40,40,16;l:40,40,40,16;\"\n\t\t\t\t\t\t\t\tdata-border=\"bor:5px,5px,5px,5px;\"\n\t\t\t\t\t\t\t\tdata-frame_1=\"sp:500;\"\n\t\t\t\t\t\t\t\tdata-frame_999=\"o:0;st:w;sR:8500;\"\n\t\t\t\t\t\t\t\tdata-frame_hover=\"bgc:#007aff;bor:5px,5px,5px,5px;e:power1.inOut;bri:120%;\"\n\t\t\t\t\t\t\t\tstyle=\"z-index:11;background:linear-gradient(rgba(122,53,136,1) 0%, rgba(93,35,105,1) 50%, rgba(122,53,136,1) 100%);font-family:Roboto;\"\n\t\t\t\t\t\t\t>More info >> \n\t\t\t\t\t\t\t<\/a><!--\n-->\t\t\t\t\t\t<\/rs-slide>\n\t\t\t\t\t<\/rs-slides>\n\t\t\t\t<\/rs-module>\n\t\t\t\t<script type=\"text\/javascript\">\n\t\t\t\t\tsetREVStartSize({c: 'rev_slider_1_5',rl:[1240,1240,1240,480],el:[500,500,500,200],gw:[1200,1200,1200,480],gh:[500,500,500,200],type:'standard',justify:'',layout:'fullwidth',mh:\"0\"});\n\t\t\t\t\tvar\trevapi1,\n\t\t\t\t\t\ttpj;\n\t\t\t\t\tfunction revinit_revslider15() {\n\t\t\t\t\tjQuery(function() {\n\t\t\t\t\t\ttpj = jQuery;\n\t\t\t\t\t\trevapi1 = tpj(\"#rev_slider_1_5\");\n\t\t\t\t\t\tif(revapi1==undefined || revapi1.revolution == undefined){\n\t\t\t\t\t\t\trevslider_showDoubleJqueryError(\"rev_slider_1_5\");\n\t\t\t\t\t\t}else{\n\t\t\t\t\t\t\trevapi1.revolution({\n\t\t\t\t\t\t\t\tduration:\"3000ms\",\n\t\t\t\t\t\t\t\tvisibilityLevels:\"1240,1240,1240,480\",\n\t\t\t\t\t\t\t\tgridwidth:\"1200,1200,1200,480\",\n\t\t\t\t\t\t\t\tgridheight:\"500,500,500,200\",\n\t\t\t\t\t\t\t\tspinner:\"spinner3\",\n\t\t\t\t\t\t\t\tperspective:600,\n\t\t\t\t\t\t\t\tperspectiveType:\"global\",\n\t\t\t\t\t\t\t\teditorheight:\"500,768,960,200\",\n\t\t\t\t\t\t\t\tresponsiveLevels:\"1240,1240,1240,480\",\n\t\t\t\t\t\t\t\tprogressBar:{disableProgressBar:true},\n\t\t\t\t\t\t\t\tnavigation: {\n\t\t\t\t\t\t\t\t\tonHoverStop:false,\n\t\t\t\t\t\t\t\t\ttouch: {\n\t\t\t\t\t\t\t\t\t\ttouchenabled:true,\n\t\t\t\t\t\t\t\t\t\ttouchOnDesktop:true\n\t\t\t\t\t\t\t\t\t},\n\t\t\t\t\t\t\t\t\tarrows: {\n\t\t\t\t\t\t\t\t\t\tenable:true,\n\t\t\t\t\t\t\t\t\t\tstyle:\"hesperiden\",\n\t\t\t\t\t\t\t\t\t\tleft: {\n\t\t\t\t\t\t\t\t\t\t\th_offset:30\n\t\t\t\t\t\t\t\t\t\t},\n\t\t\t\t\t\t\t\t\t\tright: {\n\t\t\t\t\t\t\t\t\t\t\th_offset:30\n\t\t\t\t\t\t\t\t\t\t}\n\t\t\t\t\t\t\t\t\t}\n\t\t\t\t\t\t\t\t},\n\t\t\t\t\t\t\t\tfallbacks: {\n\t\t\t\t\t\t\t\t\tallowHTML5AutoPlayOnAndroid:true\n\t\t\t\t\t\t\t\t},\n\t\t\t\t\t\t\t});\n\t\t\t\t\t\t}\n\t\t\t\t\t\t\n\t\t\t\t\t});\n\t\t\t\t\t} \/\/ End of RevInitScript\n\t\t\t\tvar once_revslider15 = false;\n\t\t\t\tif (document.readyState === \"loading\") {document.addEventListener('readystatechange',function() { if((document.readyState === \"interactive\" || document.readyState === \"complete\") && !once_revslider15 ) { once_revslider15 = true; revinit_revslider15();}});} else {once_revslider15 = true; revinit_revslider15();}\n\t\t\t\t<\/script>\n\t\t\t\t<script>\n\t\t\t\t\tvar htmlDivCss = '\t#rev_slider_1_5_wrapper rs-loader.spinner3 div { background-color: #ffffff !important; } ';\n\t\t\t\t\tvar htmlDiv = document.getElementById('rs-plugin-settings-inline-css');\n\t\t\t\t\tif(htmlDiv) {\n\t\t\t\t\t\thtmlDiv.innerHTML = htmlDiv.innerHTML + htmlDivCss;\n\t\t\t\t\t}else{\n\t\t\t\t\t\tvar htmlDiv = document.createElement('div');\n\t\t\t\t\t\thtmlDiv.innerHTML = '<style>' + htmlDivCss + '<\/style>';\n\t\t\t\t\t\tdocument.getElementsByTagName('head')[0].appendChild(htmlDiv.childNodes[0]);\n\t\t\t\t\t}\n\t\t\t\t<\/script>\n\t\t\t\t<script>\n\t\t\t\t\tvar htmlDivCss = unescape(\"%23rev_slider_1_5_wrapper%20.hesperiden.tparrows%20%7B%0A%09cursor%3Apointer%3B%0A%09background%3Argba%280%2C0%2C0%2C0.5%29%3B%0A%09width%3A40px%3B%0A%09height%3A40px%3B%0A%09position%3Aabsolute%3B%0A%09display%3Ablock%3B%0A%09z-index%3A1000%3B%0A%20%20%20%20border-radius%3A%2050%25%3B%0A%7D%0A%23rev_slider_1_5_wrapper%20.hesperiden.tparrows%3Ahover%20%7B%0A%09background%3A%23000000%3B%0A%7D%0A%23rev_slider_1_5_wrapper%20.hesperiden.tparrows%3Abefore%20%7B%0A%09font-family%3A%20%27revicons%27%3B%0A%09font-size%3A20px%3B%0A%09color%3A%23ffffff%3B%0A%09display%3Ablock%3B%0A%09line-height%3A%2040px%3B%0A%09text-align%3A%20center%3B%0A%7D%0A%23rev_slider_1_5_wrapper%20.hesperiden.tparrows.tp-leftarrow%3Abefore%20%7B%0A%09content%3A%20%27%5Ce82c%27%3B%0A%20%20%20%20margin-left%3A-3px%3B%0A%7D%0A%23rev_slider_1_5_wrapper%20.hesperiden.tparrows.tp-rightarrow%3Abefore%20%7B%0A%09content%3A%20%27%5Ce82d%27%3B%0A%20%20%20%20margin-right%3A-3px%3B%0A%7D%0A\");\n\t\t\t\t\tvar htmlDiv = document.getElementById('rs-plugin-settings-inline-css');\n\t\t\t\t\tif(htmlDiv) {\n\t\t\t\t\t\thtmlDiv.innerHTML = htmlDiv.innerHTML + htmlDivCss;\n\t\t\t\t\t}else{\n\t\t\t\t\t\tvar htmlDiv = document.createElement('div');\n\t\t\t\t\t\thtmlDiv.innerHTML = '<style>' + htmlDivCss + '<\/style>';\n\t\t\t\t\t\tdocument.getElementsByTagName('head')[0].appendChild(htmlDiv.childNodes[0]);\n\t\t\t\t\t}\n\t\t\t\t<\/script>\n\t\t\t\t<script>\n\t\t\t\t\tvar htmlDivCss = unescape(\"%0A\");\n\t\t\t\t\tvar htmlDiv = document.getElementById('rs-plugin-settings-inline-css');\n\t\t\t\t\tif(htmlDiv) {\n\t\t\t\t\t\thtmlDiv.innerHTML = htmlDiv.innerHTML + htmlDivCss;\n\t\t\t\t\t}else{\n\t\t\t\t\t\tvar htmlDiv = document.createElement('div');\n\t\t\t\t\t\thtmlDiv.innerHTML = '<style>' + htmlDivCss + '<\/style>';\n\t\t\t\t\t\tdocument.getElementsByTagName('head')[0].appendChild(htmlDiv.childNodes[0]);\n\t\t\t\t\t}\n\t\t\t\t<\/script>\n\t\t\t<\/rs-module-wrap>\n\t\t\t<!-- END REVOLUTION SLIDER -->\n\n<div class=\"su-row\"><div class=\"su-column su-column-size-1-3\"><div class=\"su-column-inner su-u-clearfix su-u-trim\">\n<h3><a href=\"\/contact-us\/\">Contact Us<\/a><\/h3>\n<div class=\"contact-info \" data-delay=\"0\">\n<div class=\"sidebar-nav\">\n<ul>\n<li>\n<div class=\"icon-container background-image\" style=\"margin-bottom:65px;\">\n\n            <style>\n            #link_socials16:hover span.icon-circle {\n                border-color: #5d2369 !important;\n            }\n\n            #link_socials16:hover i.fa {\n                color: #5d2369 !important;\n            }\n        <\/style>\n    \n    <a href=\"\/contact-us\/#showmap\" data-normal=\"#5d2369\" data-hover=\"#5d2369\" id=\"link_socials16\" class=\"link_socials\" title=\"\" >\n        <span class=\"icon-circle\" style=\"width:55px; height:55px; border-color:#5d2369; border-width:2px;\">\n                <i class=\"fa fa-map-marker-alt\" style=\"color:#5d2369; font-size: 34px\"><\/i>            <\/span>\n    <\/a>\n\n\n<\/div>\n<div class=\"info-container\">\n<h4>ADDRESS<\/h4>\n<p>ADDRESS GZ: Rm.3D, Bldg#21, Zhong Shan 1 Rd, Guangzhou, 510699, China<\/p>\n<p>ADDRESS HK: Room 1701, 17\/F, Hong Kong Trade Centre, Nos. 161-167, Des Voeux Road, Central, Hong Kong<\/p>\n<\/p><\/div>\n<\/li>\n<li>\n<div class=\"icon-container background-image\">\n\n            <style>\n            #link_socials17:hover span.icon-circle {\n                border-color: #5d2369 !important;\n            }\n\n            #link_socials17:hover i.fa {\n                color: #5d2369 !important;\n            }\n        <\/style>\n    \n    <a href=\"\/contact-us\/\" data-normal=\"#5d2369\" data-hover=\"#5d2369\" id=\"link_socials17\" class=\"link_socials\" title=\"\" >\n        <span class=\"icon-circle\" style=\"width:55px; height:55px; border-color:#5d2369; border-width:2px;\">\n                <i class=\"fa fa-mobile-alt\" style=\"color:#5d2369; font-size: 34px\"><\/i>            <\/span>\n    <\/a>\n\n\n<\/div>\n<div class=\"info-container\">\n<h4>PHONE<\/h4>\n<p>+86-20-87320080<br \/>+86-139-22332141<\/p>\n<\/p><\/div>\n<\/li>\n<li>\n<div class=\"icon-container background-image\">\n\n            <style>\n            #link_socials18:hover span.icon-circle {\n                border-color: #5d2369 !important;\n            }\n\n            #link_socials18:hover i.fa {\n                color: #5d2369 !important;\n            }\n        <\/style>\n    \n    <a href=\"\/contact-us\/\" data-normal=\"#5d2369\" data-hover=\"#5d2369\" id=\"link_socials18\" class=\"link_socials\" title=\"\" >\n        <span class=\"icon-circle\" style=\"width:55px; height:55px; border-color:#5d2369; border-width:2px;\">\n                <i class=\"fa fa-envelope-open-text\" style=\"color:#5d2369; font-size: 34px\"><\/i>            <\/span>\n    <\/a>\n\n\n<\/div>\n<div class=\"info-container\">\n                                            <a href=\"mailto:export@superon.cn\" class=\"contact_info_email\"><\/p>\n<h4>CONTACT US<\/h4>\n<p>export@superon.cn<\/p>\n<p>                                            <\/a><\/p><\/div>\n<\/li>\n<li>\n<div class=\"icon-container background-image\">\n\n            <style>\n            #link_socials19:hover span.icon-circle {\n                border-color: #5d2369 !important;\n            }\n\n            #link_socials19:hover i.fa {\n                color: #5d2369 !important;\n            }\n        <\/style>\n    \n    <a href=\"\/pb\/contact-us\/\" data-normal=\"#5d2369\" data-hover=\"#5d2369\" id=\"link_socials19\" class=\"link_socials\" title=\"\" >\n        <span class=\"icon-circle\" style=\"width:55px; height:55px; border-color:#5d2369; border-width:2px;\">\n                <i class=\"fa fa-skype fab\" style=\"color:#5d2369; font-size: 34px\"><\/i>            <\/span>\n    <\/a>\n\n\n<\/div>\n<div class=\"info-container\">\n<h4>SKYPE<\/h4>\n<p>superon.export<\/p>\n<\/p><\/div>\n<\/li>\n<\/ul><\/div>\n<\/div>\n<p><a href=\"\/contact-us\/\" class=\"button\">CONTACT US<\/a><br \/>\n<\/div><\/div>\n<div class=\"su-column su-column-size-1-3\"><div class=\"su-column-inner su-u-clearfix su-u-trim\">\n<h3><a href=\"\/pb\/news\/\">Not\u00edcias<\/a><\/h3>\n<ul class=\"display-posts-listing\"><li class=\"listing-item\"><a class=\"title\" href=\"https:\/\/superon.cn\/pb\/interzum-guangzhou-2026-booth-10-3-b10\/\">Interzum Guangzhou 2026: 10.3 B10<\/a> <span class=\"excerpt-dash\">-<\/span> <span class=\"excerpt\">Nosso estande na Interzum Guangzhou 2026 \u00e9 o 10.3 B10. Ap\u00f3s uma longa pausa, retornamos \u00e0 Interzum Guangzhou com um&hellip; <a class=\"excerpt-more\" href=\"https:\/\/superon.cn\/pb\/interzum-guangzhou-2026-booth-10-3-b10\/\">Leia mais...<\/a><\/span><\/li><li class=\"listing-item\"><a class=\"title\" href=\"https:\/\/superon.cn\/pb\/interzum-guangzhou-2025-booth-10-3-b10\/\">Interzum Guangzhou 2025: 10.3 B10<\/a> <span class=\"excerpt-dash\">-<\/span> <span class=\"excerpt\">O n\u00famero de nosso stand na feira Interzum Guangzhou 2025 \u00e9 de 10.3 B10 Este ano temos o prazer de&hellip; <a class=\"excerpt-more\" href=\"https:\/\/superon.cn\/pb\/interzum-guangzhou-2025-booth-10-3-b10\/\">Leia mais...<\/a><\/span><\/li><li class=\"listing-item\"><a class=\"title\" href=\"https:\/\/superon.cn\/pb\/interzum-guangzhou-2024-booth-10-3-a02\/\">Interzum Guangzhou 2024: 10.3 A02<\/a> <span class=\"excerpt-dash\">-<\/span> <span class=\"excerpt\">O n\u00famero de nosso stand na feira Interzum Guangzhou 2024 \u00e9 de 10.3 A02 Este ano temos o prazer de&hellip; <a class=\"excerpt-more\" href=\"https:\/\/superon.cn\/pb\/interzum-guangzhou-2024-booth-10-3-a02\/\">Leia mais...<\/a><\/span><\/li><\/ul><a href=\"\/pb\/news\/\" class=\"button\">Todas as not\u00edcias<\/a><\/div><\/div>\n<div class=\"su-column su-column-size-1-3\"><div class=\"su-column-inner su-u-clearfix su-u-trim\">\n<h3><a href=\"\/about-us\/\">About us<\/a><\/h3>\n<p><!--div class=\"img_frame \"><img decoding=\"async\" src=\"\/solmscms\/themes\/superone\/theme\/assets\/images\/logo.png\" title=\"Superon\" class=\"img-responsive yit-image attachment-blog_big\" width=\"600\" height=\"450\"><\/div>\n\n<br\/--><a href=\"\/about-us\/\" style=\"color: rgb(44, 62, 80) !important;\"><small>\u201cSuperon\u201d is an exporter of furniture accessories and fittings \u0131n Guangzhou, China. We started to deal with furniture fittings in 2002.<br \/>\nWe export various furniture fittings produced in China under our quality control. The range of products can be browsed at our \u201cCatalogue\u201d section.<br \/>\nDuring the years, we have gained very good experience in materialization of new ideas and developing new products according to our own or our partners\u2019 design. Hand drawn sketch and a brief description would be enough for us to make a 3D drawing, calculate technical characteristics and estimate the price.<br \/>\nOur company\u2019s main feature is that we do everything with necessary attention and responsibility.<br \/>\nWe have established the testing department with necessary equipment, where we check the quality and technical characteristics of the products compare the items of different manufacturers, ensure the correspondence of the goods to the initial samples.<br \/>\n<\/small><\/a><a href=\"\/about-us\/\">more information&#8230;<\/a><\/p>\n<hr\/>\n<p><a href=\"\/about-us\/\" class=\"button\">About us<\/a><br \/>\n<\/div><\/div><\/div>","protected":false},"excerpt":{"rendered":"","protected":false},"author":2,"featured_media":0,"parent":0,"menu_order":0,"comment_status":"closed","ping_status":"closed","template":"","meta":{"footnotes":""},"class_list":["post-1677","page","type-page","status-publish","hentry","no-featured-image-padding"],"_links":{"self":[{"href":"https:\/\/superon.cn\/pb\/wp-json\/wp\/v2\/pages\/1677","targetHints":{"allow":["GET"]}}],"collection":[{"href":"https:\/\/superon.cn\/pb\/wp-json\/wp\/v2\/pages"}],"about":[{"href":"https:\/\/superon.cn\/pb\/wp-json\/wp\/v2\/types\/page"}],"author":[{"embeddable":true,"href":"https:\/\/superon.cn\/pb\/wp-json\/wp\/v2\/users\/2"}],"replies":[{"embeddable":true,"href":"https:\/\/superon.cn\/pb\/wp-json\/wp\/v2\/comments?post=1677"}],"version-history":[{"count":2,"href":"https:\/\/superon.cn\/pb\/wp-json\/wp\/v2\/pages\/1677\/revisions"}],"predecessor-version":[{"id":400306,"href":"https:\/\/superon.cn\/pb\/wp-json\/wp\/v2\/pages\/1677\/revisions\/400306"}],"wp:attachment":[{"href":"https:\/\/superon.cn\/pb\/wp-json\/wp\/v2\/media?parent=1677"}],"curies":[{"name":"wp","href":"https:\/\/api.w.org\/{rel}","templated":true}]}}