{"id":1124894,"date":"2015-07-08T16:01:14","date_gmt":"2015-07-08T13:01:14","guid":{"rendered":"https:\/\/superon.cn\/catalogue\/uncategorized\/09-470\/"},"modified":"2026-04-23T06:45:17","modified_gmt":"2026-04-23T03:45:17","slug":"09-470","status":"publish","type":"product","link":"https:\/\/superon.cn\/es\/catalogue\/09-sliding-door-fittings\/pile-weather-strip\/09-470\/","title":{"rendered":"Tira de cepillo para puertas (insertar)"},"content":{"rendered":"Tira de pelo para armario de perfil de aluminio<\/p>\n<p>Hay tiras de pelo de diferentes anchos y alturas de pelo.<br \/>Los tipos regulares de las tiras tienen el siguiente ancho: 5,6,7,9,11 mm<br \/>El grosor de la base de la tira  ~ 0.7 mm<br \/>La desviaci\u00f3n del ancho de la tira +\/- 0.2 mm<\/p>\n<p>Tipos de costuras de pelo:<br \/>2P2L: dos filas se unen en dos l\u00edneas<br \/>3P2L: tres filas se unen en dos l\u00edneas (dos filas se unen en pares). Este mont\u00f3n es tupido, pero no ancho. Es la forma m\u00e1s popular de coser entre los tipos est\u00e1ndar de pilas 5\u04454, 5\u04456, 7\u04455.<br \/>3P3L: tres filas est\u00e1n cosidas en tres l\u00edneas.<br \/>4P4L: cuatro filas est\u00e1n cosidas en cuatro l\u00edneas.","protected":false},"excerpt":{"rendered":"<p>Tira de pelo para armario de perfil de aluminio Hay tiras de pelo de diferentes anchos y alturas de pelo.Los tipos regulares de las tiras tienen el siguiente ancho: 5,6,7,9,11 mmEl grosor de la base de la tira ~ 0.7 mmLa desviaci\u00f3n del ancho de la tira +\/- 0.2 mm Tipos de costuras de pelo:2P2L: dos filas se unen en dos l\u00edneas3P2L: tres filas se unen en dos l\u00edneas (dos filas se unen en pares). Este mont\u00f3n es tupido, pero no ancho. Es la forma m\u00e1s popular de coser entre los tipos est\u00e1ndar de pilas 5\u04454, 5\u04456, 7\u04455.3P3L: tres filas &#8230; <a title=\"Tira de cepillo para puertas (insertar)\" class=\"read-more\" href=\"https:\/\/superon.cn\/es\/catalogue\/09-sliding-door-fittings\/pile-weather-strip\/09-470\/\" aria-label=\"M\u00e1s en Tira de cepillo para puertas (insertar)\">Read more<\/a><\/p>\n","protected":false},"featured_media":0,"comment_status":"open","ping_status":"closed","template":"","meta":[],"product_brand":[],"product_cat":[368162,368291],"product_tag":[],"class_list":{"0":"post-1124894","1":"product","2":"type-product","3":"status-publish","5":"product_cat-09-sliding-door-fittings","6":"product_cat-pile-weather-strip","7":"no-featured-image-padding","8":"sales-flash-overlay","9":"woocommerce-text-align-center","10":"woocommerce-image-align-center","11":"do-quantity-buttons","13":"first","14":"instock","15":"shipping-taxable","16":"purchasable","17":"product-type-variable"},"_links":{"self":[{"href":"https:\/\/superon.cn\/es\/wp-json\/wp\/v2\/product\/1124894","targetHints":{"allow":["GET"]}}],"collection":[{"href":"https:\/\/superon.cn\/es\/wp-json\/wp\/v2\/product"}],"about":[{"href":"https:\/\/superon.cn\/es\/wp-json\/wp\/v2\/types\/product"}],"replies":[{"embeddable":true,"href":"https:\/\/superon.cn\/es\/wp-json\/wp\/v2\/comments?post=1124894"}],"wp:attachment":[{"href":"https:\/\/superon.cn\/es\/wp-json\/wp\/v2\/media?parent=1124894"}],"wp:term":[{"taxonomy":"product_brand","embeddable":true,"href":"https:\/\/superon.cn\/es\/wp-json\/wp\/v2\/product_brand?post=1124894"},{"taxonomy":"product_cat","embeddable":true,"href":"https:\/\/superon.cn\/es\/wp-json\/wp\/v2\/product_cat?post=1124894"},{"taxonomy":"product_tag","embeddable":true,"href":"https:\/\/superon.cn\/es\/wp-json\/wp\/v2\/product_tag?post=1124894"}],"curies":[{"name":"wp","href":"https:\/\/api.w.org\/{rel}","templated":true}]}}