{"id":1119749,"date":"2019-12-22T00:00:00","date_gmt":"2019-12-21T21:00:00","guid":{"rendered":"https:\/\/superon.cn\/catalogue\/uncategorized\/05-620-c\/"},"modified":"2026-03-18T04:48:34","modified_gmt":"2026-03-18T01:48:34","slug":"05-620-c","status":"publish","type":"product","link":"https:\/\/superon.cn\/es\/catalogue\/05-castors\/with-soft-motion\/05-620-c\/","title":{"rendered":"Rueda de PU, con prendedor, sin soporte"},"content":{"rendered":"- Movimiento suave sin ruido, la capa externa es hecha de PU de alta calidad o presupuesto-amigables PVC.<br \/>&#8211; Las ruedas son hechas de un material de pl\u00e1stico de buena calidad.<br \/>&#8211; Las ruedas no dejan \u201cl\u00edneas negras\u201d en el suelo cuando son utilizadas.<br \/>&#8211; Las ruedas no se deforman bajo cargas est\u00e1ndar.<br \/>&#8211; 4 piezas empaquetadas en una bolsa de polietileno, en l\u00ednea o en cuadrado<\/p>\n<p>PU \u2013 es brillantes, con un superficie lisa y buena resistencia, m\u00e1s caro, mejor calidad.<br \/>PVC- material m\u00e1s suave, superficie opaca, el precio es m\u00e1s bajo.<\/p>\n<p>La capa del amortiguador no debe ser muy suave, debe resistir la presi\u00f3n. De hecho, si parece goma y es muy suave, la calidad es baja, no tiene suficiente resistencia y se gastar\u00e1 muy r\u00e1pido.","protected":false},"excerpt":{"rendered":"<p>&#8211; Movimiento suave sin ruido, la capa externa es hecha de PU de alta calidad o presupuesto-amigables PVC.&#8211; Las ruedas son hechas de un material de pl\u00e1stico de buena calidad.&#8211; Las ruedas no dejan \u201cl\u00edneas negras\u201d en el suelo cuando son utilizadas.&#8211; Las ruedas no se deforman bajo cargas est\u00e1ndar.&#8211; 4 piezas empaquetadas en una bolsa de polietileno, en l\u00ednea o en cuadrado PU \u2013 es brillantes, con un superficie lisa y buena resistencia, m\u00e1s caro, mejor calidad.PVC- material m\u00e1s suave, superficie opaca, el precio es m\u00e1s bajo. La capa del amortiguador no debe ser muy suave, debe resistir la &#8230; <a title=\"Rueda de PU, con prendedor, sin soporte\" class=\"read-more\" href=\"https:\/\/superon.cn\/es\/catalogue\/05-castors\/with-soft-motion\/05-620-c\/\" aria-label=\"M\u00e1s en Rueda de PU, con prendedor, sin soporte\">Read more<\/a><\/p>\n","protected":false},"featured_media":0,"comment_status":"open","ping_status":"closed","template":"","meta":[],"product_brand":[],"product_cat":[368025,368057],"product_tag":[],"class_list":{"0":"post-1119749","1":"product","2":"type-product","3":"status-publish","5":"product_cat-05-castors","6":"product_cat-with-soft-motion","7":"no-featured-image-padding","8":"sales-flash-overlay","9":"woocommerce-text-align-center","10":"woocommerce-image-align-center","11":"do-quantity-buttons","13":"first","14":"instock","15":"shipping-taxable","16":"purchasable","17":"product-type-variable"},"_links":{"self":[{"href":"https:\/\/superon.cn\/es\/wp-json\/wp\/v2\/product\/1119749","targetHints":{"allow":["GET"]}}],"collection":[{"href":"https:\/\/superon.cn\/es\/wp-json\/wp\/v2\/product"}],"about":[{"href":"https:\/\/superon.cn\/es\/wp-json\/wp\/v2\/types\/product"}],"replies":[{"embeddable":true,"href":"https:\/\/superon.cn\/es\/wp-json\/wp\/v2\/comments?post=1119749"}],"wp:attachment":[{"href":"https:\/\/superon.cn\/es\/wp-json\/wp\/v2\/media?parent=1119749"}],"wp:term":[{"taxonomy":"product_brand","embeddable":true,"href":"https:\/\/superon.cn\/es\/wp-json\/wp\/v2\/product_brand?post=1119749"},{"taxonomy":"product_cat","embeddable":true,"href":"https:\/\/superon.cn\/es\/wp-json\/wp\/v2\/product_cat?post=1119749"},{"taxonomy":"product_tag","embeddable":true,"href":"https:\/\/superon.cn\/es\/wp-json\/wp\/v2\/product_tag?post=1119749"}],"curies":[{"name":"wp","href":"https:\/\/api.w.org\/{rel}","templated":true}]}}